{"id":13083,"date":"2020-03-23T17:35:02","date_gmt":"2020-03-23T16:35:02","guid":{"rendered":"https:\/\/www.lfprinterparts.com\/product\/roland-xc-540-cap-top-1000004546\/"},"modified":"2026-02-25T13:42:30","modified_gmt":"2026-02-25T12:42:30","slug":"roland-xc-540-cap-top-1000004546","status":"publish","type":"product","link":"https:\/\/www.lfprinterparts.com\/fr\/produit\/roland-xc-540-cap-top-1000004546\/","title":{"rendered":"Roland \u00ae XC-540 Cap Top 1000004546"},"content":{"rendered":"<h2 class=\"western\" align=\"left\">Description de produit<\/h2>\n<p class=\"western\" align=\"left\">Roland \u00ae XC-540 cap top est le capping original pour les imprimantes Roland \u00ae \u00e0 base de t\u00eate DX4. Ce capping original en mousse inclut le feutre et le tuyau. Il convient \u00e9galement pour les imprimantes Roland Soljet et Versacamm.<\/p>\n<p>&nbsp;<\/p>\n<div>\n<h2 align=\"left\"><\/h2>\n<h2 class=\"western\" align=\"left\">R\u00e9f\u00e9rence produit<\/h2>\n<ul>\n<li>Marque: <a href=\"https:\/\/www.lfprinterparts.com\/fr\/brand\/roland\/\">Roland<\/a> \u00ae<\/li>\n<li>R\u00e9f\u00e9rence fabricant: 1000004546 &#8211; 1000002794<\/li>\n<\/ul>\n<p>&nbsp;<\/p>\n<div>\n<h2><span lang=\"EN-US\">Compatibilit\u00e9 imprimante<\/span><\/h2>\n<\/div>\n<ul>\n<li>Roland \u00ae Colorcamm Pro II (CJ-540), Hi-Fi Jet Pro II (FJ-540\/640\/740), Hi-Fi Express (FP-740), VersaUV (LEC-300\/300a\/330\/540, LEJ-540, LEF-12\/12i\/20\/200\/300), VersaArt (RS-540\/640), SolJet Pro II (SC-540\/545ex, SJ-1000\/1045ex\/540\/640\/740\/745ex), VersaCAMM (SP-300\/300i\/300v\/540i\/540v, VP-300\/300i\/540\/540i), SolJet Pro III (XC-540, XJ-540\/640\/740)<\/li>\n<\/ul>\n<\/div>\n","protected":false},"excerpt":{"rendered":"<p>Roland \u00ae XC-540 cap top est le capping original pour les imprimantes Roland \u00ae \u00e0 base de t\u00eate DX4.<\/p>\n","protected":false},"featured_media":9342,"comment_status":"open","ping_status":"closed","template":"","meta":[],"pwb-brand":[2873],"product_brand":[],"product_cat":[2673],"product_tag":[],"compatibility":[2911,2912,3467,3468,3470,3471,3472,3474,3475,3476,3477,3478,3479,3480,2913,3481,3482,2914,2915,2916,2917,2918,2919,2920,2921,2922,3483,3484,3485,3486,3487,3488,3489,3490,3491,3492,3493,3494,3495],"class_list":{"0":"post-13083","1":"product","2":"type-product","3":"status-publish","4":"has-post-thumbnail","6":"pwb-brand-roland-fr","7":"product_cat-cappings-fr","8":"pa_hs-code-8443992050-fr","9":"pa_part-1000002794-fr","10":"pa_part-1000004546-fr","11":"compatibility-cj-540-fr","12":"compatibility-fj-540-fr","13":"compatibility-fj-640-fr","14":"compatibility-fj-740-fr","15":"compatibility-lec-300-fr","16":"compatibility-lec-300a-fr","17":"compatibility-lec-330-fr","18":"compatibility-lec-540-fr-2","19":"compatibility-lef-12-fr","20":"compatibility-lef-12i-fr","21":"compatibility-lef-20-fr","22":"compatibility-lef-200-fr","23":"compatibility-lef-300-fr","24":"compatibility-lej-640-fr","25":"compatibility-roland-fr","26":"compatibility-rs-540-fr","27":"compatibility-rs-640-fr","28":"compatibility-sc-540-fr","29":"compatibility-sc-545ex-fr","30":"compatibility-sj-1000-fr","31":"compatibility-sj-1045ex-fr","32":"compatibility-sj-540-fr","33":"compatibility-sj-640-fr","34":"compatibility-sj-645ex-fr","35":"compatibility-sj-740-fr","36":"compatibility-sj-745ex-fr","37":"compatibility-sp-300-fr","38":"compatibility-sp-300i-fr","39":"compatibility-sp-300v-fr","40":"compatibility-sp-540i-fr","41":"compatibility-sp-540v-fr","42":"compatibility-vp-300-fr","43":"compatibility-vp-300i-fr","44":"compatibility-vp-540-fr","45":"compatibility-vp-540i-fr","46":"compatibility-xc-540-fr","47":"compatibility-xj-540-fr","48":"compatibility-xj-640-fr","49":"compatibility-xj-740-fr","51":"first","52":"instock","53":"taxable","54":"shipping-taxable","55":"purchasable","56":"product-type-simple"},"yoast_head":"<!-- This site is optimized with the Yoast SEO Premium plugin v27.3 (Yoast SEO v27.3) - https:\/\/yoast.com\/product\/yoast-seo-premium-wordpress\/ -->\n<title>Roland \u00ae XC-540 Cap Top 1000004546<\/title>\n<meta name=\"description\" content=\"Roland \u00ae XC-540 cap top est le capping original pour les imprimantes Roland \u00ae \u00e0 base de t\u00eate DX4. Convient pour les imprimantes Roland Soljet et Versacamm.\" \/>\n<meta name=\"robots\" content=\"index, follow, max-snippet:-1, max-image-preview:large, max-video-preview:-1\" \/>\n<link rel=\"canonical\" href=\"https:\/\/www.lfprinterparts.com\/fr\/produit\/roland-xc-540-cap-top-1000004546\/\" \/>\n<meta property=\"og:locale\" content=\"fr_FR\" \/>\n<meta property=\"og:type\" content=\"article\" \/>\n<meta property=\"og:title\" content=\"Roland \u00ae XC-540 Cap Top 1000004546\" \/>\n<meta property=\"og:description\" content=\"Roland \u00ae XC-540 cap top est le capping original pour les imprimantes Roland \u00ae \u00e0 base de t\u00eate DX4.\" \/>\n<meta property=\"og:url\" content=\"https:\/\/www.lfprinterparts.com\/fr\/produit\/roland-xc-540-cap-top-1000004546\/\" \/>\n<meta property=\"og:site_name\" content=\"Large Format Printer Parts\" \/>\n<meta property=\"article:publisher\" content=\"https:\/\/www.facebook.com\/largeformatprinterparts\/\" \/>\n<meta property=\"article:modified_time\" content=\"2026-02-25T12:42:30+00:00\" \/>\n<meta property=\"og:image\" content=\"https:\/\/www.lfprinterparts.com\/wp-content\/uploads\/Roland-Cap-Top-1000004546.jpg\" \/>\n\t<meta property=\"og:image:width\" content=\"640\" \/>\n\t<meta property=\"og:image:height\" content=\"582\" \/>\n\t<meta property=\"og:image:type\" content=\"image\/jpeg\" \/>\n<meta name=\"twitter:card\" content=\"summary_large_image\" \/>\n<meta name=\"twitter:site\" content=\"@LFPrinterParts\" \/>\n<meta name=\"twitter:label1\" content=\"Prix\" \/>\n\t<meta name=\"twitter:data1\" content=\"&euro;31,00\" \/>\n\t<meta name=\"twitter:label2\" content=\"Disponibilit\u00e9\" \/>\n\t<meta name=\"twitter:data2\" content=\"En stock\" \/>\n<script type=\"application\/ld+json\" class=\"yoast-schema-graph\">{\"@context\":\"https:\\\/\\\/schema.org\",\"@graph\":[{\"@type\":[\"WebPage\",\"ItemPage\"],\"@id\":\"https:\\\/\\\/www.lfprinterparts.com\\\/fr\\\/produit\\\/roland-xc-540-cap-top-1000004546\\\/\",\"url\":\"https:\\\/\\\/www.lfprinterparts.com\\\/fr\\\/produit\\\/roland-xc-540-cap-top-1000004546\\\/\",\"name\":\"Roland \u00ae XC-540 Cap Top 1000004546\",\"isPartOf\":{\"@id\":\"https:\\\/\\\/www.lfprinterparts.com\\\/fr\\\/#website\"},\"primaryImageOfPage\":{\"@id\":\"https:\\\/\\\/www.lfprinterparts.com\\\/fr\\\/produit\\\/roland-xc-540-cap-top-1000004546\\\/#primaryimage\"},\"image\":{\"@id\":\"https:\\\/\\\/www.lfprinterparts.com\\\/fr\\\/produit\\\/roland-xc-540-cap-top-1000004546\\\/#primaryimage\"},\"thumbnailUrl\":\"https:\\\/\\\/www.lfprinterparts.com\\\/wp-content\\\/uploads\\\/Roland-Cap-Top-1000004546.jpg\",\"datePublished\":\"2020-03-23T16:35:02+00:00\",\"dateModified\":\"2026-02-25T12:42:30+00:00\",\"description\":\"Roland \u00ae XC-540 cap top est le capping original pour les imprimantes Roland \u00ae \u00e0 base de t\u00eate DX4. Convient pour les imprimantes Roland Soljet et Versacamm.\",\"breadcrumb\":{\"@id\":\"https:\\\/\\\/www.lfprinterparts.com\\\/fr\\\/produit\\\/roland-xc-540-cap-top-1000004546\\\/#breadcrumb\"},\"inLanguage\":\"fr-FR\",\"potentialAction\":[{\"@type\":\"ReadAction\",\"target\":[\"https:\\\/\\\/www.lfprinterparts.com\\\/fr\\\/produit\\\/roland-xc-540-cap-top-1000004546\\\/\"]}]},{\"@type\":\"ImageObject\",\"inLanguage\":\"fr-FR\",\"@id\":\"https:\\\/\\\/www.lfprinterparts.com\\\/fr\\\/produit\\\/roland-xc-540-cap-top-1000004546\\\/#primaryimage\",\"url\":\"https:\\\/\\\/www.lfprinterparts.com\\\/wp-content\\\/uploads\\\/Roland-Cap-Top-1000004546.jpg\",\"contentUrl\":\"https:\\\/\\\/www.lfprinterparts.com\\\/wp-content\\\/uploads\\\/Roland-Cap-Top-1000004546.jpg\",\"width\":640,\"height\":582,\"caption\":\"Roland Cap Top 1000004546\"},{\"@type\":\"BreadcrumbList\",\"@id\":\"https:\\\/\\\/www.lfprinterparts.com\\\/fr\\\/produit\\\/roland-xc-540-cap-top-1000004546\\\/#breadcrumb\",\"itemListElement\":[{\"@type\":\"ListItem\",\"position\":1,\"name\":\"Home\",\"item\":\"https:\\\/\\\/www.lfprinterparts.com\\\/fr\\\/\"},{\"@type\":\"ListItem\",\"position\":2,\"name\":\"Boutique\",\"item\":\"https:\\\/\\\/www.lfprinterparts.com\\\/fr\\\/boutique\\\/\"},{\"@type\":\"ListItem\",\"position\":3,\"name\":\"Roland \u00ae XC-540 Cap Top 1000004546\"}]},{\"@type\":\"WebSite\",\"@id\":\"https:\\\/\\\/www.lfprinterparts.com\\\/fr\\\/#website\",\"url\":\"https:\\\/\\\/www.lfprinterparts.com\\\/fr\\\/\",\"name\":\"Large Format Printer Parts\",\"description\":\"All for Your Wide Format Printer\",\"publisher\":{\"@id\":\"https:\\\/\\\/www.lfprinterparts.com\\\/fr\\\/#organization\"},\"alternateName\":\"LFPP\",\"potentialAction\":[{\"@type\":\"SearchAction\",\"target\":{\"@type\":\"EntryPoint\",\"urlTemplate\":\"https:\\\/\\\/www.lfprinterparts.com\\\/fr\\\/?s={search_term_string}\"},\"query-input\":{\"@type\":\"PropertyValueSpecification\",\"valueRequired\":true,\"valueName\":\"search_term_string\"}}],\"inLanguage\":\"fr-FR\"},{\"@type\":\"Organization\",\"@id\":\"https:\\\/\\\/www.lfprinterparts.com\\\/fr\\\/#organization\",\"name\":\"Large Format Printer Parts\",\"alternateName\":\"LFPP\",\"url\":\"https:\\\/\\\/www.lfprinterparts.com\\\/fr\\\/\",\"logo\":{\"@type\":\"ImageObject\",\"inLanguage\":\"fr-FR\",\"@id\":\"https:\\\/\\\/www.lfprinterparts.com\\\/fr\\\/#\\\/schema\\\/logo\\\/image\\\/\",\"url\":\"https:\\\/\\\/www.lfprinterparts.com\\\/wp-content\\\/uploads\\\/2020\\\/03\\\/lfpp-square-logo-email.png\",\"contentUrl\":\"https:\\\/\\\/www.lfprinterparts.com\\\/wp-content\\\/uploads\\\/2020\\\/03\\\/lfpp-square-logo-email.png\",\"width\":200,\"height\":200,\"caption\":\"Large Format Printer Parts\"},\"image\":{\"@id\":\"https:\\\/\\\/www.lfprinterparts.com\\\/fr\\\/#\\\/schema\\\/logo\\\/image\\\/\"},\"sameAs\":[\"https:\\\/\\\/www.facebook.com\\\/largeformatprinterparts\\\/\",\"https:\\\/\\\/x.com\\\/LFPrinterParts\",\"https:\\\/\\\/www.linkedin.com\\\/company\\\/lf-printer-parts\\\/\",\"https:\\\/\\\/www.instagram.com\\\/lfprinterparts\\\/\",\"https:\\\/\\\/fr.pinterest.com\\\/lfprinterparts\\\/\"],\"description\":\"LARGE FORMAT PRINTER PARTS SRL is your trusted one-stop shop for all your digital printing needs. Headquartered in Namur, Belgium, we sell spare parts, supplies and accessories for eco-solvent, solvent, latex and UV digital wide-format printers. As a company with a long-standing commitment to excellence, we pride ourselves on being a reliable source of original spares for the large format printing industry, offering an extensive selection of products from top brands such as Roland, Mimaki, Mutoh, Summa, OKI, Afga, Durst, EFI, and many more.\",\"email\":\"info@lfprinterparts.com\",\"telephone\":\"+3281728850\",\"legalName\":\"LARGE FORMAT PRINTER PARTS\",\"foundingDate\":\"2020-07-01\",\"vatID\":\"BE0749.512.268\",\"taxID\":\"0749512268\",\"publishingPrinciples\":\"https:\\\/\\\/www.lfprinterparts.com\\\/about-us\\\/\",\"ownershipFundingInfo\":\"https:\\\/\\\/www.lfprinterparts.com\\\/about-us\\\/\"}]}<\/script>\n<meta property=\"product:brand\" content=\"Roland \u00ae\" \/>\n<meta property=\"product:price:amount\" content=\"31.00\" \/>\n<meta property=\"product:price:currency\" content=\"EUR\" \/>\n<meta property=\"og:availability\" content=\"instock\" \/>\n<meta property=\"product:availability\" content=\"instock\" \/>\n<meta property=\"product:retailer_item_id\" content=\"SP12RO00038\" \/>\n<meta property=\"product:condition\" content=\"new\" \/>\n<!-- \/ Yoast SEO Premium plugin. -->","yoast_head_json":{"title":"Roland \u00ae XC-540 Cap Top 1000004546","description":"Roland \u00ae XC-540 cap top est le capping original pour les imprimantes Roland \u00ae \u00e0 base de t\u00eate DX4. Convient pour les imprimantes Roland Soljet et Versacamm.","robots":{"index":"index","follow":"follow","max-snippet":"max-snippet:-1","max-image-preview":"max-image-preview:large","max-video-preview":"max-video-preview:-1"},"canonical":"https:\/\/www.lfprinterparts.com\/fr\/produit\/roland-xc-540-cap-top-1000004546\/","og_locale":"fr_FR","og_type":"article","og_title":"Roland \u00ae XC-540 Cap Top 1000004546","og_description":"Roland \u00ae XC-540 cap top est le capping original pour les imprimantes Roland \u00ae \u00e0 base de t\u00eate DX4.","og_url":"https:\/\/www.lfprinterparts.com\/fr\/produit\/roland-xc-540-cap-top-1000004546\/","og_site_name":"Large Format Printer Parts","article_publisher":"https:\/\/www.facebook.com\/largeformatprinterparts\/","article_modified_time":"2026-02-25T12:42:30+00:00","og_image":[{"width":640,"height":582,"url":"https:\/\/www.lfprinterparts.com\/wp-content\/uploads\/Roland-Cap-Top-1000004546.jpg","type":"image\/jpeg"}],"twitter_card":"summary_large_image","twitter_site":"@LFPrinterParts","twitter_misc":{"Prix":"&euro;31,00","Disponibilit\u00e9":"En stock"},"schema":{"@context":"https:\/\/schema.org","@graph":[{"@type":["WebPage","ItemPage"],"@id":"https:\/\/www.lfprinterparts.com\/fr\/produit\/roland-xc-540-cap-top-1000004546\/","url":"https:\/\/www.lfprinterparts.com\/fr\/produit\/roland-xc-540-cap-top-1000004546\/","name":"Roland \u00ae XC-540 Cap Top 1000004546","isPartOf":{"@id":"https:\/\/www.lfprinterparts.com\/fr\/#website"},"primaryImageOfPage":{"@id":"https:\/\/www.lfprinterparts.com\/fr\/produit\/roland-xc-540-cap-top-1000004546\/#primaryimage"},"image":{"@id":"https:\/\/www.lfprinterparts.com\/fr\/produit\/roland-xc-540-cap-top-1000004546\/#primaryimage"},"thumbnailUrl":"https:\/\/www.lfprinterparts.com\/wp-content\/uploads\/Roland-Cap-Top-1000004546.jpg","datePublished":"2020-03-23T16:35:02+00:00","dateModified":"2026-02-25T12:42:30+00:00","description":"Roland \u00ae XC-540 cap top est le capping original pour les imprimantes Roland \u00ae \u00e0 base de t\u00eate DX4. Convient pour les imprimantes Roland Soljet et Versacamm.","breadcrumb":{"@id":"https:\/\/www.lfprinterparts.com\/fr\/produit\/roland-xc-540-cap-top-1000004546\/#breadcrumb"},"inLanguage":"fr-FR","potentialAction":[{"@type":"ReadAction","target":["https:\/\/www.lfprinterparts.com\/fr\/produit\/roland-xc-540-cap-top-1000004546\/"]}]},{"@type":"ImageObject","inLanguage":"fr-FR","@id":"https:\/\/www.lfprinterparts.com\/fr\/produit\/roland-xc-540-cap-top-1000004546\/#primaryimage","url":"https:\/\/www.lfprinterparts.com\/wp-content\/uploads\/Roland-Cap-Top-1000004546.jpg","contentUrl":"https:\/\/www.lfprinterparts.com\/wp-content\/uploads\/Roland-Cap-Top-1000004546.jpg","width":640,"height":582,"caption":"Roland Cap Top 1000004546"},{"@type":"BreadcrumbList","@id":"https:\/\/www.lfprinterparts.com\/fr\/produit\/roland-xc-540-cap-top-1000004546\/#breadcrumb","itemListElement":[{"@type":"ListItem","position":1,"name":"Home","item":"https:\/\/www.lfprinterparts.com\/fr\/"},{"@type":"ListItem","position":2,"name":"Boutique","item":"https:\/\/www.lfprinterparts.com\/fr\/boutique\/"},{"@type":"ListItem","position":3,"name":"Roland \u00ae XC-540 Cap Top 1000004546"}]},{"@type":"WebSite","@id":"https:\/\/www.lfprinterparts.com\/fr\/#website","url":"https:\/\/www.lfprinterparts.com\/fr\/","name":"Large Format Printer Parts","description":"All for Your Wide Format Printer","publisher":{"@id":"https:\/\/www.lfprinterparts.com\/fr\/#organization"},"alternateName":"LFPP","potentialAction":[{"@type":"SearchAction","target":{"@type":"EntryPoint","urlTemplate":"https:\/\/www.lfprinterparts.com\/fr\/?s={search_term_string}"},"query-input":{"@type":"PropertyValueSpecification","valueRequired":true,"valueName":"search_term_string"}}],"inLanguage":"fr-FR"},{"@type":"Organization","@id":"https:\/\/www.lfprinterparts.com\/fr\/#organization","name":"Large Format Printer Parts","alternateName":"LFPP","url":"https:\/\/www.lfprinterparts.com\/fr\/","logo":{"@type":"ImageObject","inLanguage":"fr-FR","@id":"https:\/\/www.lfprinterparts.com\/fr\/#\/schema\/logo\/image\/","url":"https:\/\/www.lfprinterparts.com\/wp-content\/uploads\/2020\/03\/lfpp-square-logo-email.png","contentUrl":"https:\/\/www.lfprinterparts.com\/wp-content\/uploads\/2020\/03\/lfpp-square-logo-email.png","width":200,"height":200,"caption":"Large Format Printer Parts"},"image":{"@id":"https:\/\/www.lfprinterparts.com\/fr\/#\/schema\/logo\/image\/"},"sameAs":["https:\/\/www.facebook.com\/largeformatprinterparts\/","https:\/\/x.com\/LFPrinterParts","https:\/\/www.linkedin.com\/company\/lf-printer-parts\/","https:\/\/www.instagram.com\/lfprinterparts\/","https:\/\/fr.pinterest.com\/lfprinterparts\/"],"description":"LARGE FORMAT PRINTER PARTS SRL is your trusted one-stop shop for all your digital printing needs. Headquartered in Namur, Belgium, we sell spare parts, supplies and accessories for eco-solvent, solvent, latex and UV digital wide-format printers. As a company with a long-standing commitment to excellence, we pride ourselves on being a reliable source of original spares for the large format printing industry, offering an extensive selection of products from top brands such as Roland, Mimaki, Mutoh, Summa, OKI, Afga, Durst, EFI, and many more.","email":"info@lfprinterparts.com","telephone":"+3281728850","legalName":"LARGE FORMAT PRINTER PARTS","foundingDate":"2020-07-01","vatID":"BE0749.512.268","taxID":"0749512268","publishingPrinciples":"https:\/\/www.lfprinterparts.com\/about-us\/","ownershipFundingInfo":"https:\/\/www.lfprinterparts.com\/about-us\/"}]},"product_brand":"Roland \u00ae","product_price_amount":"31.00","product_price_currency":"EUR","og_availability":"instock","product_availability":"instock","product_retailer_item_id":"SP12RO00038","product_condition":"new"},"brands":[{"id":2873,"name":"Roland \u00ae","slug":"roland-fr"}],"_links":{"self":[{"href":"https:\/\/www.lfprinterparts.com\/fr\/wp-json\/wp\/v2\/product\/13083","targetHints":{"allow":["GET"]}}],"collection":[{"href":"https:\/\/www.lfprinterparts.com\/fr\/wp-json\/wp\/v2\/product"}],"about":[{"href":"https:\/\/www.lfprinterparts.com\/fr\/wp-json\/wp\/v2\/types\/product"}],"replies":[{"embeddable":true,"href":"https:\/\/www.lfprinterparts.com\/fr\/wp-json\/wp\/v2\/comments?post=13083"}],"wp:featuredmedia":[{"embeddable":true,"href":"https:\/\/www.lfprinterparts.com\/fr\/wp-json\/wp\/v2\/media\/9342"}],"wp:attachment":[{"href":"https:\/\/www.lfprinterparts.com\/fr\/wp-json\/wp\/v2\/media?parent=13083"}],"wp:term":[{"taxonomy":"pwb-brand","embeddable":true,"href":"https:\/\/www.lfprinterparts.com\/fr\/wp-json\/wp\/v2\/pwb-brand?post=13083"},{"taxonomy":"product_brand","embeddable":true,"href":"https:\/\/www.lfprinterparts.com\/fr\/wp-json\/wp\/v2\/product_brand?post=13083"},{"taxonomy":"product_cat","embeddable":true,"href":"https:\/\/www.lfprinterparts.com\/fr\/wp-json\/wp\/v2\/product_cat?post=13083"},{"taxonomy":"product_tag","embeddable":true,"href":"https:\/\/www.lfprinterparts.com\/fr\/wp-json\/wp\/v2\/product_tag?post=13083"},{"taxonomy":"compatibility","embeddable":true,"href":"https:\/\/www.lfprinterparts.com\/fr\/wp-json\/wp\/v2\/compatibility?post=13083"}],"curies":[{"name":"wp","href":"https:\/\/api.w.org\/{rel}","templated":true}]}}