{"id":12948,"date":"2020-08-14T12:35:43","date_gmt":"2020-08-14T11:35:43","guid":{"rendered":"https:\/\/www.lfprinterparts.com\/product\/kyocera-kj4b-0300-300-dpi-print-head\/"},"modified":"2025-04-03T15:04:59","modified_gmt":"2025-04-03T14:04:59","slug":"kyocera-kj4b-0300-300-dpi-print-head","status":"publish","type":"product","link":"https:\/\/www.lfprinterparts.com\/fr\/produit\/kyocera-kj4b-0300-300-dpi-print-head\/","title":{"rendered":"Kyocera \u00ae KJ4B-0300 300 dpi Print Head"},"content":{"rendered":"<h2>Description de produit<\/h2>\n<p>La t\u00eate d&#8217;impression Kyocera \u00ae KJ4B-0300 de 300 dpi a \u00e9t\u00e9 con\u00e7ue pour l&#8217;impression \u00e0 haute vitesse avec des encres \u00e0 base aqueuse.<\/p>\n<p>&nbsp;<\/p>\n<h2>R\u00e9f\u00e9rence produit<\/h2>\n<ul>\n<li>Marque: <a href=\"https:\/\/www.lfprinterparts.com\/fr\/brand\/kyocera-fr\/\">Kyocera<\/a>\u00a0\u00ae<\/li>\n<li>R\u00e9f\u00e9rence fabricant : KJ4B-0300<\/li>\n<\/ul>\n<p>&nbsp;<\/p>\n<h2><span lang=\"EN-US\">Compatibilit\u00e9 imprimante<\/span><\/h2>\n<ul>\n<li>MS Italy \u00ae JP4, JP5 EVO<\/li>\n<li>PrinterEvolution \u00ae T1800, T2600, T3200<\/li>\n<\/ul>\n","protected":false},"excerpt":{"rendered":"<p>La t\u00eate d&#8217;impression Kyocera \u00ae KJ4B-0300 300 dpi a \u00e9t\u00e9 con\u00e7ue pour l&#8217;impression \u00e0 haute vitesse avec des encres \u00e0 base aqueuse.<\/p>\n","protected":false},"featured_media":9819,"comment_status":"open","ping_status":"closed","template":"","meta":[],"pwb-brand":[2787],"product_brand":[],"product_cat":[2701],"product_tag":[],"compatibility":[4256,4257,4258,4259],"class_list":{"0":"post-12948","1":"product","2":"type-product","3":"status-publish","4":"has-post-thumbnail","6":"pwb-brand-kyocera-fr","7":"product_cat-tetes-impression","8":"pa_firing-frequency-30-khz-fr","9":"pa_number-of-nozzles-2-x-1328-fr","10":"pa_part-kj4b-0300-fr","11":"pa_printing-technology-grayscale-fr","12":"pa_resolution-300-dpi-fr","13":"compatibility-printerevolution-fr","14":"compatibility-t1800-fr","15":"compatibility-t2600-fr","16":"compatibility-t3200-fr","18":"first","19":"onbackorder","20":"taxable","21":"shipping-taxable","22":"purchasable","23":"product-type-simple"},"yoast_head":"<!-- This site is optimized with the Yoast SEO Premium plugin v27.6 (Yoast SEO v27.6) - https:\/\/yoast.com\/product\/yoast-seo-premium-wordpress\/ -->\n<title>Kyocera \u00ae KJ4B-0300 300 dpi Print Head<\/title>\n<meta name=\"description\" content=\"La t\u00eate d&#039;impression Kyocera \u00ae KJ4B-0300 de 300 dpi a \u00e9t\u00e9 con\u00e7ue pour l&#039;impression \u00e0 haute vitesse avec des encres \u00e0 base aqueuse.\" \/>\n<meta name=\"robots\" content=\"index, follow, max-snippet:-1, max-image-preview:large, max-video-preview:-1\" \/>\n<link rel=\"canonical\" href=\"https:\/\/www.lfprinterparts.com\/fr\/produit\/kyocera-kj4b-0300-300-dpi-print-head\/\" \/>\n<meta property=\"og:locale\" content=\"fr_FR\" \/>\n<meta property=\"og:type\" content=\"article\" \/>\n<meta property=\"og:title\" content=\"Kyocera \u00ae KJ4B-0300 300 dpi Print Head\" \/>\n<meta property=\"og:description\" content=\"La t\u00eate d&#039;impression Kyocera \u00ae KJ4B-0300 300 dpi a \u00e9t\u00e9 con\u00e7ue pour l&#039;impression \u00e0 haute vitesse avec des encres \u00e0 base aqueuse.\" \/>\n<meta property=\"og:url\" content=\"https:\/\/www.lfprinterparts.com\/fr\/produit\/kyocera-kj4b-0300-300-dpi-print-head\/\" \/>\n<meta property=\"og:site_name\" content=\"Large Format Printer Parts\" \/>\n<meta property=\"article:publisher\" content=\"https:\/\/www.facebook.com\/largeformatprinterparts\/\" \/>\n<meta property=\"article:modified_time\" content=\"2025-04-03T14:04:59+00:00\" \/>\n<meta property=\"og:image\" content=\"https:\/\/www.lfprinterparts.com\/wp-content\/uploads\/KJ4B.jpg\" \/>\n\t<meta property=\"og:image:width\" content=\"640\" \/>\n\t<meta property=\"og:image:height\" content=\"640\" \/>\n\t<meta property=\"og:image:type\" content=\"image\/jpeg\" \/>\n<meta name=\"twitter:card\" content=\"summary_large_image\" \/>\n<meta name=\"twitter:site\" content=\"@LFPrinterParts\" \/>\n<meta name=\"twitter:label1\" content=\"Prix\" \/>\n\t<meta name=\"twitter:data1\" content=\"&euro;3 099,00\" \/>\n\t<meta name=\"twitter:label2\" content=\"Disponibilit\u00e9\" \/>\n\t<meta name=\"twitter:data2\" content=\"En r\u00e9assort\" \/>\n<script type=\"application\/ld+json\" class=\"yoast-schema-graph\">{\"@context\":\"https:\\\/\\\/schema.org\",\"@graph\":[{\"@type\":[\"WebPage\",\"ItemPage\"],\"@id\":\"https:\\\/\\\/www.lfprinterparts.com\\\/fr\\\/produit\\\/kyocera-kj4b-0300-300-dpi-print-head\\\/\",\"url\":\"https:\\\/\\\/www.lfprinterparts.com\\\/fr\\\/produit\\\/kyocera-kj4b-0300-300-dpi-print-head\\\/\",\"name\":\"Kyocera \u00ae KJ4B-0300 300 dpi Print Head\",\"isPartOf\":{\"@id\":\"https:\\\/\\\/www.lfprinterparts.com\\\/fr\\\/#website\"},\"primaryImageOfPage\":{\"@id\":\"https:\\\/\\\/www.lfprinterparts.com\\\/fr\\\/produit\\\/kyocera-kj4b-0300-300-dpi-print-head\\\/#primaryimage\"},\"image\":{\"@id\":\"https:\\\/\\\/www.lfprinterparts.com\\\/fr\\\/produit\\\/kyocera-kj4b-0300-300-dpi-print-head\\\/#primaryimage\"},\"thumbnailUrl\":\"https:\\\/\\\/www.lfprinterparts.com\\\/wp-content\\\/uploads\\\/KJ4B.jpg\",\"datePublished\":\"2020-08-14T11:35:43+00:00\",\"dateModified\":\"2025-04-03T14:04:59+00:00\",\"description\":\"La t\u00eate d'impression Kyocera \u00ae KJ4B-0300 de 300 dpi a \u00e9t\u00e9 con\u00e7ue pour l'impression \u00e0 haute vitesse avec des encres \u00e0 base aqueuse.\",\"breadcrumb\":{\"@id\":\"https:\\\/\\\/www.lfprinterparts.com\\\/fr\\\/produit\\\/kyocera-kj4b-0300-300-dpi-print-head\\\/#breadcrumb\"},\"inLanguage\":\"fr-FR\",\"potentialAction\":[{\"@type\":\"ReadAction\",\"target\":[\"https:\\\/\\\/www.lfprinterparts.com\\\/fr\\\/produit\\\/kyocera-kj4b-0300-300-dpi-print-head\\\/\"]}]},{\"@type\":\"ImageObject\",\"inLanguage\":\"fr-FR\",\"@id\":\"https:\\\/\\\/www.lfprinterparts.com\\\/fr\\\/produit\\\/kyocera-kj4b-0300-300-dpi-print-head\\\/#primaryimage\",\"url\":\"https:\\\/\\\/www.lfprinterparts.com\\\/wp-content\\\/uploads\\\/KJ4B.jpg\",\"contentUrl\":\"https:\\\/\\\/www.lfprinterparts.com\\\/wp-content\\\/uploads\\\/KJ4B.jpg\",\"width\":640,\"height\":640},{\"@type\":\"BreadcrumbList\",\"@id\":\"https:\\\/\\\/www.lfprinterparts.com\\\/fr\\\/produit\\\/kyocera-kj4b-0300-300-dpi-print-head\\\/#breadcrumb\",\"itemListElement\":[{\"@type\":\"ListItem\",\"position\":1,\"name\":\"Home\",\"item\":\"https:\\\/\\\/www.lfprinterparts.com\\\/fr\\\/\"},{\"@type\":\"ListItem\",\"position\":2,\"name\":\"Boutique\",\"item\":\"https:\\\/\\\/www.lfprinterparts.com\\\/fr\\\/boutique\\\/\"},{\"@type\":\"ListItem\",\"position\":3,\"name\":\"Kyocera \u00ae KJ4B-0300 300 dpi Print Head\"}]},{\"@type\":\"WebSite\",\"@id\":\"https:\\\/\\\/www.lfprinterparts.com\\\/fr\\\/#website\",\"url\":\"https:\\\/\\\/www.lfprinterparts.com\\\/fr\\\/\",\"name\":\"Large Format Printer Parts\",\"description\":\"All for Your Wide Format Printer\",\"publisher\":{\"@id\":\"https:\\\/\\\/www.lfprinterparts.com\\\/fr\\\/#organization\"},\"alternateName\":\"LFPP\",\"potentialAction\":[{\"@type\":\"SearchAction\",\"target\":{\"@type\":\"EntryPoint\",\"urlTemplate\":\"https:\\\/\\\/www.lfprinterparts.com\\\/fr\\\/?s={search_term_string}\"},\"query-input\":{\"@type\":\"PropertyValueSpecification\",\"valueRequired\":true,\"valueName\":\"search_term_string\"}}],\"inLanguage\":\"fr-FR\"},{\"@type\":\"Organization\",\"@id\":\"https:\\\/\\\/www.lfprinterparts.com\\\/fr\\\/#organization\",\"name\":\"Large Format Printer Parts\",\"alternateName\":\"LFPP\",\"url\":\"https:\\\/\\\/www.lfprinterparts.com\\\/fr\\\/\",\"logo\":{\"@type\":\"ImageObject\",\"inLanguage\":\"fr-FR\",\"@id\":\"https:\\\/\\\/www.lfprinterparts.com\\\/fr\\\/#\\\/schema\\\/logo\\\/image\\\/\",\"url\":\"https:\\\/\\\/www.lfprinterparts.com\\\/wp-content\\\/uploads\\\/2020\\\/03\\\/lfpp-square-logo-email.png\",\"contentUrl\":\"https:\\\/\\\/www.lfprinterparts.com\\\/wp-content\\\/uploads\\\/2020\\\/03\\\/lfpp-square-logo-email.png\",\"width\":200,\"height\":200,\"caption\":\"Large Format Printer Parts\"},\"image\":{\"@id\":\"https:\\\/\\\/www.lfprinterparts.com\\\/fr\\\/#\\\/schema\\\/logo\\\/image\\\/\"},\"sameAs\":[\"https:\\\/\\\/www.facebook.com\\\/largeformatprinterparts\\\/\",\"https:\\\/\\\/x.com\\\/LFPrinterParts\",\"https:\\\/\\\/www.linkedin.com\\\/company\\\/lf-printer-parts\\\/\",\"https:\\\/\\\/www.instagram.com\\\/lfprinterparts\\\/\",\"https:\\\/\\\/fr.pinterest.com\\\/lfprinterparts\\\/\"],\"description\":\"LARGE FORMAT PRINTER PARTS SRL is your trusted one-stop shop for all your digital printing needs. Headquartered in Namur, Belgium, we sell spare parts, supplies and accessories for eco-solvent, solvent, latex and UV digital wide-format printers. As a company with a long-standing commitment to excellence, we pride ourselves on being a reliable source of original spares for the large format printing industry, offering an extensive selection of products from top brands such as Roland, Mimaki, Mutoh, Summa, OKI, Afga, Durst, EFI, and many more.\",\"email\":\"info@lfprinterparts.com\",\"telephone\":\"+3281728850\",\"legalName\":\"LARGE FORMAT PRINTER PARTS\",\"foundingDate\":\"2020-07-01\",\"vatID\":\"BE0749.512.268\",\"taxID\":\"0749512268\",\"publishingPrinciples\":\"https:\\\/\\\/www.lfprinterparts.com\\\/about-us\\\/\",\"ownershipFundingInfo\":\"https:\\\/\\\/www.lfprinterparts.com\\\/about-us\\\/\"}]}<\/script>\n<meta property=\"product:brand\" content=\"Kyocera \u00ae\" \/>\n<meta property=\"product:price:amount\" content=\"3099.00\" \/>\n<meta property=\"product:price:currency\" content=\"EUR\" \/>\n<meta property=\"og:availability\" content=\"backorder\" \/>\n<meta property=\"product:availability\" content=\"available for order\" \/>\n<meta property=\"product:retailer_item_id\" content=\"SP11KY00173\" \/>\n<meta property=\"product:condition\" content=\"new\" \/>\n<!-- \/ Yoast SEO Premium plugin. -->","yoast_head_json":{"title":"Kyocera \u00ae KJ4B-0300 300 dpi Print Head","description":"La t\u00eate d'impression Kyocera \u00ae KJ4B-0300 de 300 dpi a \u00e9t\u00e9 con\u00e7ue pour l'impression \u00e0 haute vitesse avec des encres \u00e0 base aqueuse.","robots":{"index":"index","follow":"follow","max-snippet":"max-snippet:-1","max-image-preview":"max-image-preview:large","max-video-preview":"max-video-preview:-1"},"canonical":"https:\/\/www.lfprinterparts.com\/fr\/produit\/kyocera-kj4b-0300-300-dpi-print-head\/","og_locale":"fr_FR","og_type":"article","og_title":"Kyocera \u00ae KJ4B-0300 300 dpi Print Head","og_description":"La t\u00eate d'impression Kyocera \u00ae KJ4B-0300 300 dpi a \u00e9t\u00e9 con\u00e7ue pour l'impression \u00e0 haute vitesse avec des encres \u00e0 base aqueuse.","og_url":"https:\/\/www.lfprinterparts.com\/fr\/produit\/kyocera-kj4b-0300-300-dpi-print-head\/","og_site_name":"Large Format Printer Parts","article_publisher":"https:\/\/www.facebook.com\/largeformatprinterparts\/","article_modified_time":"2025-04-03T14:04:59+00:00","og_image":[{"width":640,"height":640,"url":"https:\/\/www.lfprinterparts.com\/wp-content\/uploads\/KJ4B.jpg","type":"image\/jpeg"}],"twitter_card":"summary_large_image","twitter_site":"@LFPrinterParts","twitter_misc":{"Prix":"&euro;3 099,00","Disponibilit\u00e9":"En r\u00e9assort"},"schema":{"@context":"https:\/\/schema.org","@graph":[{"@type":["WebPage","ItemPage"],"@id":"https:\/\/www.lfprinterparts.com\/fr\/produit\/kyocera-kj4b-0300-300-dpi-print-head\/","url":"https:\/\/www.lfprinterparts.com\/fr\/produit\/kyocera-kj4b-0300-300-dpi-print-head\/","name":"Kyocera \u00ae KJ4B-0300 300 dpi Print Head","isPartOf":{"@id":"https:\/\/www.lfprinterparts.com\/fr\/#website"},"primaryImageOfPage":{"@id":"https:\/\/www.lfprinterparts.com\/fr\/produit\/kyocera-kj4b-0300-300-dpi-print-head\/#primaryimage"},"image":{"@id":"https:\/\/www.lfprinterparts.com\/fr\/produit\/kyocera-kj4b-0300-300-dpi-print-head\/#primaryimage"},"thumbnailUrl":"https:\/\/www.lfprinterparts.com\/wp-content\/uploads\/KJ4B.jpg","datePublished":"2020-08-14T11:35:43+00:00","dateModified":"2025-04-03T14:04:59+00:00","description":"La t\u00eate d'impression Kyocera \u00ae KJ4B-0300 de 300 dpi a \u00e9t\u00e9 con\u00e7ue pour l'impression \u00e0 haute vitesse avec des encres \u00e0 base aqueuse.","breadcrumb":{"@id":"https:\/\/www.lfprinterparts.com\/fr\/produit\/kyocera-kj4b-0300-300-dpi-print-head\/#breadcrumb"},"inLanguage":"fr-FR","potentialAction":[{"@type":"ReadAction","target":["https:\/\/www.lfprinterparts.com\/fr\/produit\/kyocera-kj4b-0300-300-dpi-print-head\/"]}]},{"@type":"ImageObject","inLanguage":"fr-FR","@id":"https:\/\/www.lfprinterparts.com\/fr\/produit\/kyocera-kj4b-0300-300-dpi-print-head\/#primaryimage","url":"https:\/\/www.lfprinterparts.com\/wp-content\/uploads\/KJ4B.jpg","contentUrl":"https:\/\/www.lfprinterparts.com\/wp-content\/uploads\/KJ4B.jpg","width":640,"height":640},{"@type":"BreadcrumbList","@id":"https:\/\/www.lfprinterparts.com\/fr\/produit\/kyocera-kj4b-0300-300-dpi-print-head\/#breadcrumb","itemListElement":[{"@type":"ListItem","position":1,"name":"Home","item":"https:\/\/www.lfprinterparts.com\/fr\/"},{"@type":"ListItem","position":2,"name":"Boutique","item":"https:\/\/www.lfprinterparts.com\/fr\/boutique\/"},{"@type":"ListItem","position":3,"name":"Kyocera \u00ae KJ4B-0300 300 dpi Print Head"}]},{"@type":"WebSite","@id":"https:\/\/www.lfprinterparts.com\/fr\/#website","url":"https:\/\/www.lfprinterparts.com\/fr\/","name":"Large Format Printer Parts","description":"All for Your Wide Format Printer","publisher":{"@id":"https:\/\/www.lfprinterparts.com\/fr\/#organization"},"alternateName":"LFPP","potentialAction":[{"@type":"SearchAction","target":{"@type":"EntryPoint","urlTemplate":"https:\/\/www.lfprinterparts.com\/fr\/?s={search_term_string}"},"query-input":{"@type":"PropertyValueSpecification","valueRequired":true,"valueName":"search_term_string"}}],"inLanguage":"fr-FR"},{"@type":"Organization","@id":"https:\/\/www.lfprinterparts.com\/fr\/#organization","name":"Large Format Printer Parts","alternateName":"LFPP","url":"https:\/\/www.lfprinterparts.com\/fr\/","logo":{"@type":"ImageObject","inLanguage":"fr-FR","@id":"https:\/\/www.lfprinterparts.com\/fr\/#\/schema\/logo\/image\/","url":"https:\/\/www.lfprinterparts.com\/wp-content\/uploads\/2020\/03\/lfpp-square-logo-email.png","contentUrl":"https:\/\/www.lfprinterparts.com\/wp-content\/uploads\/2020\/03\/lfpp-square-logo-email.png","width":200,"height":200,"caption":"Large Format Printer Parts"},"image":{"@id":"https:\/\/www.lfprinterparts.com\/fr\/#\/schema\/logo\/image\/"},"sameAs":["https:\/\/www.facebook.com\/largeformatprinterparts\/","https:\/\/x.com\/LFPrinterParts","https:\/\/www.linkedin.com\/company\/lf-printer-parts\/","https:\/\/www.instagram.com\/lfprinterparts\/","https:\/\/fr.pinterest.com\/lfprinterparts\/"],"description":"LARGE FORMAT PRINTER PARTS SRL is your trusted one-stop shop for all your digital printing needs. Headquartered in Namur, Belgium, we sell spare parts, supplies and accessories for eco-solvent, solvent, latex and UV digital wide-format printers. As a company with a long-standing commitment to excellence, we pride ourselves on being a reliable source of original spares for the large format printing industry, offering an extensive selection of products from top brands such as Roland, Mimaki, Mutoh, Summa, OKI, Afga, Durst, EFI, and many more.","email":"info@lfprinterparts.com","telephone":"+3281728850","legalName":"LARGE FORMAT PRINTER PARTS","foundingDate":"2020-07-01","vatID":"BE0749.512.268","taxID":"0749512268","publishingPrinciples":"https:\/\/www.lfprinterparts.com\/about-us\/","ownershipFundingInfo":"https:\/\/www.lfprinterparts.com\/about-us\/"}]},"product_brand":"Kyocera \u00ae","product_price_amount":"3099.00","product_price_currency":"EUR","og_availability":"backorder","product_availability":"available for order","product_retailer_item_id":"SP11KY00173","product_condition":"new"},"brands":[{"id":2787,"name":"Kyocera \u00ae","slug":"kyocera-fr"}],"_links":{"self":[{"href":"https:\/\/www.lfprinterparts.com\/fr\/wp-json\/wp\/v2\/product\/12948","targetHints":{"allow":["GET"]}}],"collection":[{"href":"https:\/\/www.lfprinterparts.com\/fr\/wp-json\/wp\/v2\/product"}],"about":[{"href":"https:\/\/www.lfprinterparts.com\/fr\/wp-json\/wp\/v2\/types\/product"}],"replies":[{"embeddable":true,"href":"https:\/\/www.lfprinterparts.com\/fr\/wp-json\/wp\/v2\/comments?post=12948"}],"wp:featuredmedia":[{"embeddable":true,"href":"https:\/\/www.lfprinterparts.com\/fr\/wp-json\/wp\/v2\/media\/9819"}],"wp:attachment":[{"href":"https:\/\/www.lfprinterparts.com\/fr\/wp-json\/wp\/v2\/media?parent=12948"}],"wp:term":[{"taxonomy":"pwb-brand","embeddable":true,"href":"https:\/\/www.lfprinterparts.com\/fr\/wp-json\/wp\/v2\/pwb-brand?post=12948"},{"taxonomy":"product_brand","embeddable":true,"href":"https:\/\/www.lfprinterparts.com\/fr\/wp-json\/wp\/v2\/product_brand?post=12948"},{"taxonomy":"product_cat","embeddable":true,"href":"https:\/\/www.lfprinterparts.com\/fr\/wp-json\/wp\/v2\/product_cat?post=12948"},{"taxonomy":"product_tag","embeddable":true,"href":"https:\/\/www.lfprinterparts.com\/fr\/wp-json\/wp\/v2\/product_tag?post=12948"},{"taxonomy":"compatibility","embeddable":true,"href":"https:\/\/www.lfprinterparts.com\/fr\/wp-json\/wp\/v2\/compatibility?post=12948"}],"curies":[{"name":"wp","href":"https:\/\/api.w.org\/{rel}","templated":true}]}}