{"id":12912,"date":"2020-09-20T18:26:35","date_gmt":"2020-09-20T17:26:35","guid":{"rendered":"https:\/\/www.lfprinterparts.com\/product\/swissqprint-subzero-220-h-uv-cassette\/"},"modified":"2025-03-26T12:33:41","modified_gmt":"2025-03-26T11:33:41","slug":"swissqprint-subzero-220-h-uv-cassette","status":"publish","type":"product","link":"https:\/\/www.lfprinterparts.com\/fr\/produit\/swissqprint-subzero-220-h-uv-cassette\/","title":{"rendered":"SwissQprint \u00ae Subzero 220 H UV Cassette"},"content":{"rendered":"<h2>Description de produit<\/h2>\n<p>Cette cassette UV originale SwissQPrint \u00ae Subzero est con\u00e7ue sp\u00e9cifiquement pour les applications de s\u00e9chage \u00e0 jet d&#8217;encre. Elle peut \u00eatre utilis\u00e9e avec les imprimantes SwissQprint Nyala et comprend le bulbe UV Subzero original. La cassette SubZero 220 H UV Bulb est con\u00e7ue pour garantir des performances durables avec un minimum de temps d&#8217;arr\u00eat et de maintenance. Le syst\u00e8me de s\u00e9chage UV est con\u00e7u sp\u00e9cifiquement pour les imprimantes \u00e0 jet d&#8217;encre \u00e0 t\u00eate mobile, avec un obturateur qui emp\u00eache la lumi\u00e8re UV r\u00e9fl\u00e9chie d&#8217;endommager les t\u00eates d&#8217;impression.<\/p>\n<p>La cassette SubZero 220 H UV Bulb a une longueur totale de 287 mm, une longueur d&#8217;arc de 220 mm et un diam\u00e8tre ext\u00e9rieur de 17 mm. Elle est facile \u00e0 installer et comprend l&#8217;ampoule UV et les r\u00e9flecteurs. Il est recommand\u00e9 de remplacer les deux lampes en m\u00eame temps pour garantir des performances optimales. Veuillez noter que certaines versions du SwissQPrint Impala utilisent la cassette Subzero 170 A. Il est donc important de v\u00e9rifier la longueur d&#8217;arc de l&#8217;ampoule UV avant de passer commande.<\/p>\n<p>La cassette spectre A de 170mm de longueur d&#8217;arc est disponible ici : <a href=\"https:\/\/www.lfprinterparts.com\/fr\/produit\/swissqprint-subzero-170-a-uv-cassette\/\">SwissQprint \u00ae Subzero 170 A UV Cassette.<\/a><\/p>\n<p>&nbsp;<\/p>\n<h2>R\u00e9f\u00e9rence produit<\/h2>\n<ul>\n<li>Marque: SwissQprint \u00ae<\/li>\n<\/ul>\n<p>&nbsp;<\/p>\n<h2>Caract\u00e9ristiques SubZero<\/h2>\n<ul>\n<li>Encombrement ultra compact<\/li>\n<li>Syst\u00e8me de r\u00e9flecteurs \u00e0 haute intensit\u00e9<\/li>\n<li>Poids ultra l\u00e9ger<\/li>\n<li>Filtre \u00e0 quartz &#8211; Cassette \u00e0 changement rapide<\/li>\n<li>R\u00e9chauffement et refroidissement rapides<\/li>\n<li>Refroidissement par air int\u00e9gr\u00e9<\/li>\n<li>C\u00e2ble High Flex jusqu&#8217;\u00e0 15m<\/li>\n<li>500 heures d&#8217;utilisation dans des conditions normales<\/li>\n<li>Dur\u00e9e de stockage de 6 mois<\/li>\n<\/ul>\n<p>&nbsp;<\/p>\n<h2>Options Subzero<\/h2>\n<ul>\n<li>Alimentation \u00e9lectronique<\/li>\n<li>Volets \u00e9lectroniques \u00e0 haute performance<\/li>\n<\/ul>\n<p>&nbsp;<\/p>\n<h2>Normes SubZero 220<\/h2>\n<ul>\n<li>CE\/UL 60950-1<\/li>\n<li>ISO CE CB EN60950-1<\/li>\n<li>CE EN 60204<\/li>\n<li>EMC EN 55015<\/li>\n<li>EMC EN 61000<\/li>\n<\/ul>\n<p>&nbsp;<\/p>\n<h2>Compatibilit\u00e9 imprimantes<\/h2>\n<ul>\n<li>SwissQprint \u00ae Nyala*, Impala*<\/li>\n<\/ul>\n<p>*SwissQprint \u00ae a mis sur le march\u00e9 diff\u00e9rentes versions d&#8217;imprimantes Impala.<\/p>\n<p>&nbsp;<\/p>\n<p><span data-text-color=\"secondary\"><strong>Veuillez v\u00e9rifier la longueur de votre arc avant de passer commande.\u00a0<\/strong><\/span><\/p>\n<p>&nbsp;<\/p>\n","protected":false},"excerpt":{"rendered":"<p>Cette cassette UV originale SwissQPrint \u00ae Subzero est sp\u00e9cialement con\u00e7ue pour les applications de s\u00e9chage \u00e0 jet d&#8217;encre.<\/p>\n","protected":false},"featured_media":10269,"comment_status":"open","ping_status":"closed","template":"","meta":[],"pwb-brand":[2880],"product_brand":[],"product_cat":[2686],"product_tag":[],"compatibility":[],"class_list":{"0":"post-12912","1":"product","2":"type-product","3":"status-publish","4":"has-post-thumbnail","6":"pwb-brand-swissqprint-fr","7":"product_cat-lampes","8":"pa_hs-code-8539490040-fr","10":"first","11":"onbackorder","12":"sale","13":"taxable","14":"shipping-taxable","15":"purchasable","16":"product-type-simple"},"yoast_head":"<!-- This site is optimized with the Yoast SEO Premium plugin v27.6 (Yoast SEO v27.6) - https:\/\/yoast.com\/product\/yoast-seo-premium-wordpress\/ -->\n<title>SwissQprint \u00ae Subzero 220 H UV Cassette<\/title>\n<meta name=\"description\" content=\"Cette cassette UV originale SwissQPrint \u00ae Subzero est utilis\u00e9e pour les imprimantes SwissQprint Nyala et comprend le bulbe original UV Subzero.\" \/>\n<meta name=\"robots\" content=\"index, follow, max-snippet:-1, max-image-preview:large, max-video-preview:-1\" \/>\n<link rel=\"canonical\" href=\"https:\/\/www.lfprinterparts.com\/fr\/produit\/swissqprint-subzero-220-h-uv-cassette\/\" \/>\n<meta property=\"og:locale\" content=\"fr_FR\" \/>\n<meta property=\"og:type\" content=\"article\" \/>\n<meta property=\"og:title\" content=\"SwissQprint \u00ae Subzero 220 H UV Cassette\" \/>\n<meta property=\"og:description\" content=\"Cette cassette UV originale SwissQPrint \u00ae Subzero est sp\u00e9cialement con\u00e7ue pour les applications de s\u00e9chage \u00e0 jet d&#039;encre.\" \/>\n<meta property=\"og:url\" content=\"https:\/\/www.lfprinterparts.com\/fr\/produit\/swissqprint-subzero-220-h-uv-cassette\/\" \/>\n<meta property=\"og:site_name\" content=\"Large Format Printer Parts\" \/>\n<meta property=\"article:publisher\" content=\"https:\/\/www.facebook.com\/largeformatprinterparts\/\" \/>\n<meta property=\"article:modified_time\" content=\"2025-03-26T11:33:41+00:00\" \/>\n<meta property=\"og:image\" content=\"https:\/\/www.lfprinterparts.com\/wp-content\/uploads\/SwissQprint_Subzero_220_H_UV_cassette.jpg\" \/>\n\t<meta property=\"og:image:width\" content=\"640\" \/>\n\t<meta property=\"og:image:height\" content=\"640\" \/>\n\t<meta property=\"og:image:type\" content=\"image\/jpeg\" \/>\n<meta name=\"twitter:card\" content=\"summary_large_image\" \/>\n<meta name=\"twitter:site\" content=\"@LFPrinterParts\" \/>\n<meta name=\"twitter:label1\" content=\"Prix\" \/>\n\t<meta name=\"twitter:data1\" content=\"&euro;620,00\" \/>\n\t<meta name=\"twitter:label2\" content=\"Disponibilit\u00e9\" \/>\n\t<meta name=\"twitter:data2\" content=\"En r\u00e9assort\" \/>\n<script type=\"application\/ld+json\" class=\"yoast-schema-graph\">{\"@context\":\"https:\\\/\\\/schema.org\",\"@graph\":[{\"@type\":[\"WebPage\",\"ItemPage\"],\"@id\":\"https:\\\/\\\/www.lfprinterparts.com\\\/fr\\\/produit\\\/swissqprint-subzero-220-h-uv-cassette\\\/\",\"url\":\"https:\\\/\\\/www.lfprinterparts.com\\\/fr\\\/produit\\\/swissqprint-subzero-220-h-uv-cassette\\\/\",\"name\":\"SwissQprint \u00ae Subzero 220 H UV Cassette\",\"isPartOf\":{\"@id\":\"https:\\\/\\\/www.lfprinterparts.com\\\/fr\\\/#website\"},\"primaryImageOfPage\":{\"@id\":\"https:\\\/\\\/www.lfprinterparts.com\\\/fr\\\/produit\\\/swissqprint-subzero-220-h-uv-cassette\\\/#primaryimage\"},\"image\":{\"@id\":\"https:\\\/\\\/www.lfprinterparts.com\\\/fr\\\/produit\\\/swissqprint-subzero-220-h-uv-cassette\\\/#primaryimage\"},\"thumbnailUrl\":\"https:\\\/\\\/www.lfprinterparts.com\\\/wp-content\\\/uploads\\\/SwissQprint_Subzero_220_H_UV_cassette.jpg\",\"datePublished\":\"2020-09-20T17:26:35+00:00\",\"dateModified\":\"2025-03-26T11:33:41+00:00\",\"description\":\"Cette cassette UV originale SwissQPrint \u00ae Subzero est utilis\u00e9e pour les imprimantes SwissQprint Nyala et comprend le bulbe original UV Subzero.\",\"breadcrumb\":{\"@id\":\"https:\\\/\\\/www.lfprinterparts.com\\\/fr\\\/produit\\\/swissqprint-subzero-220-h-uv-cassette\\\/#breadcrumb\"},\"inLanguage\":\"fr-FR\",\"potentialAction\":[{\"@type\":\"ReadAction\",\"target\":[\"https:\\\/\\\/www.lfprinterparts.com\\\/fr\\\/produit\\\/swissqprint-subzero-220-h-uv-cassette\\\/\"]}]},{\"@type\":\"ImageObject\",\"inLanguage\":\"fr-FR\",\"@id\":\"https:\\\/\\\/www.lfprinterparts.com\\\/fr\\\/produit\\\/swissqprint-subzero-220-h-uv-cassette\\\/#primaryimage\",\"url\":\"https:\\\/\\\/www.lfprinterparts.com\\\/wp-content\\\/uploads\\\/SwissQprint_Subzero_220_H_UV_cassette.jpg\",\"contentUrl\":\"https:\\\/\\\/www.lfprinterparts.com\\\/wp-content\\\/uploads\\\/SwissQprint_Subzero_220_H_UV_cassette.jpg\",\"width\":640,\"height\":640},{\"@type\":\"BreadcrumbList\",\"@id\":\"https:\\\/\\\/www.lfprinterparts.com\\\/fr\\\/produit\\\/swissqprint-subzero-220-h-uv-cassette\\\/#breadcrumb\",\"itemListElement\":[{\"@type\":\"ListItem\",\"position\":1,\"name\":\"Home\",\"item\":\"https:\\\/\\\/www.lfprinterparts.com\\\/fr\\\/\"},{\"@type\":\"ListItem\",\"position\":2,\"name\":\"Boutique\",\"item\":\"https:\\\/\\\/www.lfprinterparts.com\\\/fr\\\/boutique\\\/\"},{\"@type\":\"ListItem\",\"position\":3,\"name\":\"SwissQprint \u00ae Subzero 220 H UV Cassette\"}]},{\"@type\":\"WebSite\",\"@id\":\"https:\\\/\\\/www.lfprinterparts.com\\\/fr\\\/#website\",\"url\":\"https:\\\/\\\/www.lfprinterparts.com\\\/fr\\\/\",\"name\":\"Large Format Printer Parts\",\"description\":\"All for Your Wide Format Printer\",\"publisher\":{\"@id\":\"https:\\\/\\\/www.lfprinterparts.com\\\/fr\\\/#organization\"},\"alternateName\":\"LFPP\",\"potentialAction\":[{\"@type\":\"SearchAction\",\"target\":{\"@type\":\"EntryPoint\",\"urlTemplate\":\"https:\\\/\\\/www.lfprinterparts.com\\\/fr\\\/?s={search_term_string}\"},\"query-input\":{\"@type\":\"PropertyValueSpecification\",\"valueRequired\":true,\"valueName\":\"search_term_string\"}}],\"inLanguage\":\"fr-FR\"},{\"@type\":\"Organization\",\"@id\":\"https:\\\/\\\/www.lfprinterparts.com\\\/fr\\\/#organization\",\"name\":\"Large Format Printer Parts\",\"alternateName\":\"LFPP\",\"url\":\"https:\\\/\\\/www.lfprinterparts.com\\\/fr\\\/\",\"logo\":{\"@type\":\"ImageObject\",\"inLanguage\":\"fr-FR\",\"@id\":\"https:\\\/\\\/www.lfprinterparts.com\\\/fr\\\/#\\\/schema\\\/logo\\\/image\\\/\",\"url\":\"https:\\\/\\\/www.lfprinterparts.com\\\/wp-content\\\/uploads\\\/2020\\\/03\\\/lfpp-square-logo-email.png\",\"contentUrl\":\"https:\\\/\\\/www.lfprinterparts.com\\\/wp-content\\\/uploads\\\/2020\\\/03\\\/lfpp-square-logo-email.png\",\"width\":200,\"height\":200,\"caption\":\"Large Format Printer Parts\"},\"image\":{\"@id\":\"https:\\\/\\\/www.lfprinterparts.com\\\/fr\\\/#\\\/schema\\\/logo\\\/image\\\/\"},\"sameAs\":[\"https:\\\/\\\/www.facebook.com\\\/largeformatprinterparts\\\/\",\"https:\\\/\\\/x.com\\\/LFPrinterParts\",\"https:\\\/\\\/www.linkedin.com\\\/company\\\/lf-printer-parts\\\/\",\"https:\\\/\\\/www.instagram.com\\\/lfprinterparts\\\/\",\"https:\\\/\\\/fr.pinterest.com\\\/lfprinterparts\\\/\"],\"description\":\"LARGE FORMAT PRINTER PARTS SRL is your trusted one-stop shop for all your digital printing needs. Headquartered in Namur, Belgium, we sell spare parts, supplies and accessories for eco-solvent, solvent, latex and UV digital wide-format printers. As a company with a long-standing commitment to excellence, we pride ourselves on being a reliable source of original spares for the large format printing industry, offering an extensive selection of products from top brands such as Roland, Mimaki, Mutoh, Summa, OKI, Afga, Durst, EFI, and many more.\",\"email\":\"info@lfprinterparts.com\",\"telephone\":\"+3281728850\",\"legalName\":\"LARGE FORMAT PRINTER PARTS\",\"foundingDate\":\"2020-07-01\",\"vatID\":\"BE0749.512.268\",\"taxID\":\"0749512268\",\"publishingPrinciples\":\"https:\\\/\\\/www.lfprinterparts.com\\\/about-us\\\/\",\"ownershipFundingInfo\":\"https:\\\/\\\/www.lfprinterparts.com\\\/about-us\\\/\"}]}<\/script>\n<meta property=\"product:brand\" content=\"SwissQprint \u00ae\" \/>\n<meta property=\"product:price:amount\" content=\"620.00\" \/>\n<meta property=\"product:price:currency\" content=\"EUR\" \/>\n<meta property=\"og:availability\" content=\"backorder\" \/>\n<meta property=\"product:availability\" content=\"available for order\" \/>\n<meta property=\"product:retailer_item_id\" content=\"SP24SW00222\" \/>\n<meta property=\"product:condition\" content=\"new\" \/>\n<!-- \/ Yoast SEO Premium plugin. -->","yoast_head_json":{"title":"SwissQprint \u00ae Subzero 220 H UV Cassette","description":"Cette cassette UV originale SwissQPrint \u00ae Subzero est utilis\u00e9e pour les imprimantes SwissQprint Nyala et comprend le bulbe original UV Subzero.","robots":{"index":"index","follow":"follow","max-snippet":"max-snippet:-1","max-image-preview":"max-image-preview:large","max-video-preview":"max-video-preview:-1"},"canonical":"https:\/\/www.lfprinterparts.com\/fr\/produit\/swissqprint-subzero-220-h-uv-cassette\/","og_locale":"fr_FR","og_type":"article","og_title":"SwissQprint \u00ae Subzero 220 H UV Cassette","og_description":"Cette cassette UV originale SwissQPrint \u00ae Subzero est sp\u00e9cialement con\u00e7ue pour les applications de s\u00e9chage \u00e0 jet d'encre.","og_url":"https:\/\/www.lfprinterparts.com\/fr\/produit\/swissqprint-subzero-220-h-uv-cassette\/","og_site_name":"Large Format Printer Parts","article_publisher":"https:\/\/www.facebook.com\/largeformatprinterparts\/","article_modified_time":"2025-03-26T11:33:41+00:00","og_image":[{"width":640,"height":640,"url":"https:\/\/www.lfprinterparts.com\/wp-content\/uploads\/SwissQprint_Subzero_220_H_UV_cassette.jpg","type":"image\/jpeg"}],"twitter_card":"summary_large_image","twitter_site":"@LFPrinterParts","twitter_misc":{"Prix":"&euro;620,00","Disponibilit\u00e9":"En r\u00e9assort"},"schema":{"@context":"https:\/\/schema.org","@graph":[{"@type":["WebPage","ItemPage"],"@id":"https:\/\/www.lfprinterparts.com\/fr\/produit\/swissqprint-subzero-220-h-uv-cassette\/","url":"https:\/\/www.lfprinterparts.com\/fr\/produit\/swissqprint-subzero-220-h-uv-cassette\/","name":"SwissQprint \u00ae Subzero 220 H UV Cassette","isPartOf":{"@id":"https:\/\/www.lfprinterparts.com\/fr\/#website"},"primaryImageOfPage":{"@id":"https:\/\/www.lfprinterparts.com\/fr\/produit\/swissqprint-subzero-220-h-uv-cassette\/#primaryimage"},"image":{"@id":"https:\/\/www.lfprinterparts.com\/fr\/produit\/swissqprint-subzero-220-h-uv-cassette\/#primaryimage"},"thumbnailUrl":"https:\/\/www.lfprinterparts.com\/wp-content\/uploads\/SwissQprint_Subzero_220_H_UV_cassette.jpg","datePublished":"2020-09-20T17:26:35+00:00","dateModified":"2025-03-26T11:33:41+00:00","description":"Cette cassette UV originale SwissQPrint \u00ae Subzero est utilis\u00e9e pour les imprimantes SwissQprint Nyala et comprend le bulbe original UV Subzero.","breadcrumb":{"@id":"https:\/\/www.lfprinterparts.com\/fr\/produit\/swissqprint-subzero-220-h-uv-cassette\/#breadcrumb"},"inLanguage":"fr-FR","potentialAction":[{"@type":"ReadAction","target":["https:\/\/www.lfprinterparts.com\/fr\/produit\/swissqprint-subzero-220-h-uv-cassette\/"]}]},{"@type":"ImageObject","inLanguage":"fr-FR","@id":"https:\/\/www.lfprinterparts.com\/fr\/produit\/swissqprint-subzero-220-h-uv-cassette\/#primaryimage","url":"https:\/\/www.lfprinterparts.com\/wp-content\/uploads\/SwissQprint_Subzero_220_H_UV_cassette.jpg","contentUrl":"https:\/\/www.lfprinterparts.com\/wp-content\/uploads\/SwissQprint_Subzero_220_H_UV_cassette.jpg","width":640,"height":640},{"@type":"BreadcrumbList","@id":"https:\/\/www.lfprinterparts.com\/fr\/produit\/swissqprint-subzero-220-h-uv-cassette\/#breadcrumb","itemListElement":[{"@type":"ListItem","position":1,"name":"Home","item":"https:\/\/www.lfprinterparts.com\/fr\/"},{"@type":"ListItem","position":2,"name":"Boutique","item":"https:\/\/www.lfprinterparts.com\/fr\/boutique\/"},{"@type":"ListItem","position":3,"name":"SwissQprint \u00ae Subzero 220 H UV Cassette"}]},{"@type":"WebSite","@id":"https:\/\/www.lfprinterparts.com\/fr\/#website","url":"https:\/\/www.lfprinterparts.com\/fr\/","name":"Large Format Printer Parts","description":"All for Your Wide Format Printer","publisher":{"@id":"https:\/\/www.lfprinterparts.com\/fr\/#organization"},"alternateName":"LFPP","potentialAction":[{"@type":"SearchAction","target":{"@type":"EntryPoint","urlTemplate":"https:\/\/www.lfprinterparts.com\/fr\/?s={search_term_string}"},"query-input":{"@type":"PropertyValueSpecification","valueRequired":true,"valueName":"search_term_string"}}],"inLanguage":"fr-FR"},{"@type":"Organization","@id":"https:\/\/www.lfprinterparts.com\/fr\/#organization","name":"Large Format Printer Parts","alternateName":"LFPP","url":"https:\/\/www.lfprinterparts.com\/fr\/","logo":{"@type":"ImageObject","inLanguage":"fr-FR","@id":"https:\/\/www.lfprinterparts.com\/fr\/#\/schema\/logo\/image\/","url":"https:\/\/www.lfprinterparts.com\/wp-content\/uploads\/2020\/03\/lfpp-square-logo-email.png","contentUrl":"https:\/\/www.lfprinterparts.com\/wp-content\/uploads\/2020\/03\/lfpp-square-logo-email.png","width":200,"height":200,"caption":"Large Format Printer Parts"},"image":{"@id":"https:\/\/www.lfprinterparts.com\/fr\/#\/schema\/logo\/image\/"},"sameAs":["https:\/\/www.facebook.com\/largeformatprinterparts\/","https:\/\/x.com\/LFPrinterParts","https:\/\/www.linkedin.com\/company\/lf-printer-parts\/","https:\/\/www.instagram.com\/lfprinterparts\/","https:\/\/fr.pinterest.com\/lfprinterparts\/"],"description":"LARGE FORMAT PRINTER PARTS SRL is your trusted one-stop shop for all your digital printing needs. Headquartered in Namur, Belgium, we sell spare parts, supplies and accessories for eco-solvent, solvent, latex and UV digital wide-format printers. As a company with a long-standing commitment to excellence, we pride ourselves on being a reliable source of original spares for the large format printing industry, offering an extensive selection of products from top brands such as Roland, Mimaki, Mutoh, Summa, OKI, Afga, Durst, EFI, and many more.","email":"info@lfprinterparts.com","telephone":"+3281728850","legalName":"LARGE FORMAT PRINTER PARTS","foundingDate":"2020-07-01","vatID":"BE0749.512.268","taxID":"0749512268","publishingPrinciples":"https:\/\/www.lfprinterparts.com\/about-us\/","ownershipFundingInfo":"https:\/\/www.lfprinterparts.com\/about-us\/"}]},"product_brand":"SwissQprint \u00ae","product_price_amount":"620.00","product_price_currency":"EUR","og_availability":"backorder","product_availability":"available for order","product_retailer_item_id":"SP24SW00222","product_condition":"new"},"brands":[{"id":2880,"name":"SwissQprint \u00ae","slug":"swissqprint-fr"}],"_links":{"self":[{"href":"https:\/\/www.lfprinterparts.com\/fr\/wp-json\/wp\/v2\/product\/12912","targetHints":{"allow":["GET"]}}],"collection":[{"href":"https:\/\/www.lfprinterparts.com\/fr\/wp-json\/wp\/v2\/product"}],"about":[{"href":"https:\/\/www.lfprinterparts.com\/fr\/wp-json\/wp\/v2\/types\/product"}],"replies":[{"embeddable":true,"href":"https:\/\/www.lfprinterparts.com\/fr\/wp-json\/wp\/v2\/comments?post=12912"}],"wp:featuredmedia":[{"embeddable":true,"href":"https:\/\/www.lfprinterparts.com\/fr\/wp-json\/wp\/v2\/media\/10269"}],"wp:attachment":[{"href":"https:\/\/www.lfprinterparts.com\/fr\/wp-json\/wp\/v2\/media?parent=12912"}],"wp:term":[{"taxonomy":"pwb-brand","embeddable":true,"href":"https:\/\/www.lfprinterparts.com\/fr\/wp-json\/wp\/v2\/pwb-brand?post=12912"},{"taxonomy":"product_brand","embeddable":true,"href":"https:\/\/www.lfprinterparts.com\/fr\/wp-json\/wp\/v2\/product_brand?post=12912"},{"taxonomy":"product_cat","embeddable":true,"href":"https:\/\/www.lfprinterparts.com\/fr\/wp-json\/wp\/v2\/product_cat?post=12912"},{"taxonomy":"product_tag","embeddable":true,"href":"https:\/\/www.lfprinterparts.com\/fr\/wp-json\/wp\/v2\/product_tag?post=12912"},{"taxonomy":"compatibility","embeddable":true,"href":"https:\/\/www.lfprinterparts.com\/fr\/wp-json\/wp\/v2\/compatibility?post=12912"}],"curies":[{"name":"wp","href":"https:\/\/api.w.org\/{rel}","templated":true}]}}