{"id":12726,"date":"2021-02-24T18:05:36","date_gmt":"2021-02-24T17:05:36","guid":{"rendered":"https:\/\/www.lfprinterparts.com\/product\/agfa-anapurna-m2500i-owgth-uv-lamp-ana-190-d27570107-0003\/"},"modified":"2026-01-21T12:00:02","modified_gmt":"2026-01-21T11:00:02","slug":"agfa-anapurna-m2500i-owgth-uv-lamp-ana-190-d27570107-0003","status":"publish","type":"product","link":"https:\/\/www.lfprinterparts.com\/fr\/produit\/agfa-anapurna-m2500i-owgth-uv-lamp-ana-190-d27570107-0003\/","title":{"rendered":"Agfa \u00ae Anapurna M2500i (OWGTH) UV Lamp ANA 190 \u2013 D2+7570107-0003"},"content":{"rendered":"<h2>Description de produit<\/h2>\n<p>Cette lampe UV originale Agfa \u00ae Anapurna M2500i (OWGTH) ANA 190 &#8211; D2+7570107-0003 est sp\u00e9cialement con\u00e7ue pour les applications de s\u00e9chage \u00e0 jet d&#8217;encre. La longueur de l&#8217;arc est de 194 mm et celle de la lampe de 298 mm.<\/p>\n<p>&nbsp;<\/p>\n<h2>R\u00e9f\u00e9rence produit<\/h2>\n<ul>\n<li>Marque: <a href=\"https:\/\/www.lfprinterparts.com\/fr\/brand\/agfa-fr\/\">Agfa<\/a> \u00ae<\/li>\n<li>R\u00e9f\u00e9rence fabricant: D2+7570107-0003<\/li>\n<\/ul>\n<p>&nbsp;<\/p>\n<h2>Compatibilit\u00e9 imprimantes<\/h2>\n<ul>\n<li>Agfa \u00ae Anapurna M2050i\/M2500i\/M3200i<\/li>\n<\/ul>\n","protected":false},"excerpt":{"rendered":"<p>Lampe UV originale Agfa \u00ae Anapurna M2500i.<\/p>\n","protected":false},"featured_media":10398,"comment_status":"open","ping_status":"closed","template":"","meta":[],"pwb-brand":[2770],"product_brand":[],"product_cat":[2686],"product_tag":[],"compatibility":[2819,2827,2829,2831],"class_list":{"0":"post-12726","1":"product","2":"type-product","3":"status-publish","4":"has-post-thumbnail","6":"pwb-brand-agfa-fr","7":"product_cat-lampes","8":"pa_arc-length-194-mm-7-6-inches-fr","9":"pa_high-power-130-w-cm","10":"pa_normal-power-100-w-cm-fr","11":"pa_uv-bulb-spectrum-h-fr","12":"compatibility-agfa-fr","13":"compatibility-anapurna-m2050i-fr","14":"compatibility-anapurna-m2500i-fr","15":"compatibility-anapurna-m3200i-fr","17":"first","18":"onbackorder","19":"taxable","20":"shipping-taxable","21":"purchasable","22":"product-type-simple"},"yoast_head":"<!-- This site is optimized with the Yoast SEO Premium plugin v27.3 (Yoast SEO v27.3) - https:\/\/yoast.com\/product\/yoast-seo-premium-wordpress\/ -->\n<title>Agfa \u00ae Anapurna M2500i (OWGTH) UV Lamp ANA 190 \u2013 D2+7570107-0003<\/title>\n<meta name=\"description\" content=\"Cette lampe UV originale Agfa \u00ae Anapurna M2500i (OWGTH) ANA 190 - D2+7570107-0003. La longueur de l&#039;arc est de 194 mm et celle de la lampe de 298 mm.\" \/>\n<meta name=\"robots\" content=\"index, follow, max-snippet:-1, max-image-preview:large, max-video-preview:-1\" \/>\n<link rel=\"canonical\" href=\"https:\/\/www.lfprinterparts.com\/fr\/produit\/agfa-anapurna-m2500i-owgth-uv-lamp-ana-190-d27570107-0003\/\" \/>\n<meta property=\"og:locale\" content=\"fr_FR\" \/>\n<meta property=\"og:type\" content=\"article\" \/>\n<meta property=\"og:title\" content=\"Agfa \u00ae Anapurna M2500i (OWGTH) UV Lamp ANA 190 \u2013 D2+7570107-0003\" \/>\n<meta property=\"og:description\" content=\"Lampe UV originale Agfa \u00ae Anapurna M2500i.\" \/>\n<meta property=\"og:url\" content=\"https:\/\/www.lfprinterparts.com\/fr\/produit\/agfa-anapurna-m2500i-owgth-uv-lamp-ana-190-d27570107-0003\/\" \/>\n<meta property=\"og:site_name\" content=\"Large Format Printer Parts\" \/>\n<meta property=\"article:publisher\" content=\"https:\/\/www.facebook.com\/largeformatprinterparts\/\" \/>\n<meta property=\"article:modified_time\" content=\"2026-01-21T11:00:02+00:00\" \/>\n<meta property=\"og:image\" content=\"https:\/\/www.lfprinterparts.com\/wp-content\/uploads\/Anapurna-M-UV-lamp-085D.jpg\" \/>\n\t<meta property=\"og:image:width\" content=\"640\" \/>\n\t<meta property=\"og:image:height\" content=\"640\" \/>\n\t<meta property=\"og:image:type\" content=\"image\/jpeg\" \/>\n<meta name=\"twitter:card\" content=\"summary_large_image\" \/>\n<meta name=\"twitter:site\" content=\"@LFPrinterParts\" \/>\n<meta name=\"twitter:label1\" content=\"Prix\" \/>\n\t<meta name=\"twitter:data1\" content=\"&euro;249,00\" \/>\n\t<meta name=\"twitter:label2\" content=\"Disponibilit\u00e9\" \/>\n\t<meta name=\"twitter:data2\" content=\"En r\u00e9assort\" \/>\n<script type=\"application\/ld+json\" class=\"yoast-schema-graph\">{\"@context\":\"https:\\\/\\\/schema.org\",\"@graph\":[{\"@type\":[\"WebPage\",\"ItemPage\"],\"@id\":\"https:\\\/\\\/www.lfprinterparts.com\\\/fr\\\/produit\\\/agfa-anapurna-m2500i-owgth-uv-lamp-ana-190-d27570107-0003\\\/\",\"url\":\"https:\\\/\\\/www.lfprinterparts.com\\\/fr\\\/produit\\\/agfa-anapurna-m2500i-owgth-uv-lamp-ana-190-d27570107-0003\\\/\",\"name\":\"Agfa \u00ae Anapurna M2500i (OWGTH) UV Lamp ANA 190 \u2013 D2+7570107-0003\",\"isPartOf\":{\"@id\":\"https:\\\/\\\/www.lfprinterparts.com\\\/fr\\\/#website\"},\"primaryImageOfPage\":{\"@id\":\"https:\\\/\\\/www.lfprinterparts.com\\\/fr\\\/produit\\\/agfa-anapurna-m2500i-owgth-uv-lamp-ana-190-d27570107-0003\\\/#primaryimage\"},\"image\":{\"@id\":\"https:\\\/\\\/www.lfprinterparts.com\\\/fr\\\/produit\\\/agfa-anapurna-m2500i-owgth-uv-lamp-ana-190-d27570107-0003\\\/#primaryimage\"},\"thumbnailUrl\":\"https:\\\/\\\/www.lfprinterparts.com\\\/wp-content\\\/uploads\\\/Anapurna-M-UV-lamp-085D.jpg\",\"datePublished\":\"2021-02-24T17:05:36+00:00\",\"dateModified\":\"2026-01-21T11:00:02+00:00\",\"description\":\"Cette lampe UV originale Agfa \u00ae Anapurna M2500i (OWGTH) ANA 190 - D2+7570107-0003. La longueur de l'arc est de 194 mm et celle de la lampe de 298 mm.\",\"breadcrumb\":{\"@id\":\"https:\\\/\\\/www.lfprinterparts.com\\\/fr\\\/produit\\\/agfa-anapurna-m2500i-owgth-uv-lamp-ana-190-d27570107-0003\\\/#breadcrumb\"},\"inLanguage\":\"fr-FR\",\"potentialAction\":[{\"@type\":\"ReadAction\",\"target\":[\"https:\\\/\\\/www.lfprinterparts.com\\\/fr\\\/produit\\\/agfa-anapurna-m2500i-owgth-uv-lamp-ana-190-d27570107-0003\\\/\"]}]},{\"@type\":\"ImageObject\",\"inLanguage\":\"fr-FR\",\"@id\":\"https:\\\/\\\/www.lfprinterparts.com\\\/fr\\\/produit\\\/agfa-anapurna-m2500i-owgth-uv-lamp-ana-190-d27570107-0003\\\/#primaryimage\",\"url\":\"https:\\\/\\\/www.lfprinterparts.com\\\/wp-content\\\/uploads\\\/Anapurna-M-UV-lamp-085D.jpg\",\"contentUrl\":\"https:\\\/\\\/www.lfprinterparts.com\\\/wp-content\\\/uploads\\\/Anapurna-M-UV-lamp-085D.jpg\",\"width\":640,\"height\":640},{\"@type\":\"BreadcrumbList\",\"@id\":\"https:\\\/\\\/www.lfprinterparts.com\\\/fr\\\/produit\\\/agfa-anapurna-m2500i-owgth-uv-lamp-ana-190-d27570107-0003\\\/#breadcrumb\",\"itemListElement\":[{\"@type\":\"ListItem\",\"position\":1,\"name\":\"Home\",\"item\":\"https:\\\/\\\/www.lfprinterparts.com\\\/fr\\\/\"},{\"@type\":\"ListItem\",\"position\":2,\"name\":\"Boutique\",\"item\":\"https:\\\/\\\/www.lfprinterparts.com\\\/fr\\\/boutique\\\/\"},{\"@type\":\"ListItem\",\"position\":3,\"name\":\"Agfa \u00ae Anapurna M2500i (OWGTH) UV Lamp ANA 190 \u2013 D2+7570107-0003\"}]},{\"@type\":\"WebSite\",\"@id\":\"https:\\\/\\\/www.lfprinterparts.com\\\/fr\\\/#website\",\"url\":\"https:\\\/\\\/www.lfprinterparts.com\\\/fr\\\/\",\"name\":\"Large Format Printer Parts\",\"description\":\"All for Your Wide Format Printer\",\"publisher\":{\"@id\":\"https:\\\/\\\/www.lfprinterparts.com\\\/fr\\\/#organization\"},\"alternateName\":\"LFPP\",\"potentialAction\":[{\"@type\":\"SearchAction\",\"target\":{\"@type\":\"EntryPoint\",\"urlTemplate\":\"https:\\\/\\\/www.lfprinterparts.com\\\/fr\\\/?s={search_term_string}\"},\"query-input\":{\"@type\":\"PropertyValueSpecification\",\"valueRequired\":true,\"valueName\":\"search_term_string\"}}],\"inLanguage\":\"fr-FR\"},{\"@type\":\"Organization\",\"@id\":\"https:\\\/\\\/www.lfprinterparts.com\\\/fr\\\/#organization\",\"name\":\"Large Format Printer Parts\",\"alternateName\":\"LFPP\",\"url\":\"https:\\\/\\\/www.lfprinterparts.com\\\/fr\\\/\",\"logo\":{\"@type\":\"ImageObject\",\"inLanguage\":\"fr-FR\",\"@id\":\"https:\\\/\\\/www.lfprinterparts.com\\\/fr\\\/#\\\/schema\\\/logo\\\/image\\\/\",\"url\":\"https:\\\/\\\/www.lfprinterparts.com\\\/wp-content\\\/uploads\\\/2020\\\/03\\\/lfpp-square-logo-email.png\",\"contentUrl\":\"https:\\\/\\\/www.lfprinterparts.com\\\/wp-content\\\/uploads\\\/2020\\\/03\\\/lfpp-square-logo-email.png\",\"width\":200,\"height\":200,\"caption\":\"Large Format Printer Parts\"},\"image\":{\"@id\":\"https:\\\/\\\/www.lfprinterparts.com\\\/fr\\\/#\\\/schema\\\/logo\\\/image\\\/\"},\"sameAs\":[\"https:\\\/\\\/www.facebook.com\\\/largeformatprinterparts\\\/\",\"https:\\\/\\\/x.com\\\/LFPrinterParts\",\"https:\\\/\\\/www.linkedin.com\\\/company\\\/lf-printer-parts\\\/\",\"https:\\\/\\\/www.instagram.com\\\/lfprinterparts\\\/\",\"https:\\\/\\\/fr.pinterest.com\\\/lfprinterparts\\\/\"],\"description\":\"LARGE FORMAT PRINTER PARTS SRL is your trusted one-stop shop for all your digital printing needs. Headquartered in Namur, Belgium, we sell spare parts, supplies and accessories for eco-solvent, solvent, latex and UV digital wide-format printers. As a company with a long-standing commitment to excellence, we pride ourselves on being a reliable source of original spares for the large format printing industry, offering an extensive selection of products from top brands such as Roland, Mimaki, Mutoh, Summa, OKI, Afga, Durst, EFI, and many more.\",\"email\":\"info@lfprinterparts.com\",\"telephone\":\"+3281728850\",\"legalName\":\"LARGE FORMAT PRINTER PARTS\",\"foundingDate\":\"2020-07-01\",\"vatID\":\"BE0749.512.268\",\"taxID\":\"0749512268\",\"publishingPrinciples\":\"https:\\\/\\\/www.lfprinterparts.com\\\/about-us\\\/\",\"ownershipFundingInfo\":\"https:\\\/\\\/www.lfprinterparts.com\\\/about-us\\\/\"}]}<\/script>\n<meta property=\"product:brand\" content=\"Agfa \u00ae\" \/>\n<meta property=\"product:price:amount\" content=\"249.00\" \/>\n<meta property=\"product:price:currency\" content=\"EUR\" \/>\n<meta property=\"og:availability\" content=\"backorder\" \/>\n<meta property=\"product:availability\" content=\"available for order\" \/>\n<meta property=\"product:retailer_item_id\" content=\"SP24AG00424\" \/>\n<meta property=\"product:condition\" content=\"new\" \/>\n<!-- \/ Yoast SEO Premium plugin. -->","yoast_head_json":{"title":"Agfa \u00ae Anapurna M2500i (OWGTH) UV Lamp ANA 190 \u2013 D2+7570107-0003","description":"Cette lampe UV originale Agfa \u00ae Anapurna M2500i (OWGTH) ANA 190 - D2+7570107-0003. La longueur de l'arc est de 194 mm et celle de la lampe de 298 mm.","robots":{"index":"index","follow":"follow","max-snippet":"max-snippet:-1","max-image-preview":"max-image-preview:large","max-video-preview":"max-video-preview:-1"},"canonical":"https:\/\/www.lfprinterparts.com\/fr\/produit\/agfa-anapurna-m2500i-owgth-uv-lamp-ana-190-d27570107-0003\/","og_locale":"fr_FR","og_type":"article","og_title":"Agfa \u00ae Anapurna M2500i (OWGTH) UV Lamp ANA 190 \u2013 D2+7570107-0003","og_description":"Lampe UV originale Agfa \u00ae Anapurna M2500i.","og_url":"https:\/\/www.lfprinterparts.com\/fr\/produit\/agfa-anapurna-m2500i-owgth-uv-lamp-ana-190-d27570107-0003\/","og_site_name":"Large Format Printer Parts","article_publisher":"https:\/\/www.facebook.com\/largeformatprinterparts\/","article_modified_time":"2026-01-21T11:00:02+00:00","og_image":[{"width":640,"height":640,"url":"https:\/\/www.lfprinterparts.com\/wp-content\/uploads\/Anapurna-M-UV-lamp-085D.jpg","type":"image\/jpeg"}],"twitter_card":"summary_large_image","twitter_site":"@LFPrinterParts","twitter_misc":{"Prix":"&euro;249,00","Disponibilit\u00e9":"En r\u00e9assort"},"schema":{"@context":"https:\/\/schema.org","@graph":[{"@type":["WebPage","ItemPage"],"@id":"https:\/\/www.lfprinterparts.com\/fr\/produit\/agfa-anapurna-m2500i-owgth-uv-lamp-ana-190-d27570107-0003\/","url":"https:\/\/www.lfprinterparts.com\/fr\/produit\/agfa-anapurna-m2500i-owgth-uv-lamp-ana-190-d27570107-0003\/","name":"Agfa \u00ae Anapurna M2500i (OWGTH) UV Lamp ANA 190 \u2013 D2+7570107-0003","isPartOf":{"@id":"https:\/\/www.lfprinterparts.com\/fr\/#website"},"primaryImageOfPage":{"@id":"https:\/\/www.lfprinterparts.com\/fr\/produit\/agfa-anapurna-m2500i-owgth-uv-lamp-ana-190-d27570107-0003\/#primaryimage"},"image":{"@id":"https:\/\/www.lfprinterparts.com\/fr\/produit\/agfa-anapurna-m2500i-owgth-uv-lamp-ana-190-d27570107-0003\/#primaryimage"},"thumbnailUrl":"https:\/\/www.lfprinterparts.com\/wp-content\/uploads\/Anapurna-M-UV-lamp-085D.jpg","datePublished":"2021-02-24T17:05:36+00:00","dateModified":"2026-01-21T11:00:02+00:00","description":"Cette lampe UV originale Agfa \u00ae Anapurna M2500i (OWGTH) ANA 190 - D2+7570107-0003. La longueur de l'arc est de 194 mm et celle de la lampe de 298 mm.","breadcrumb":{"@id":"https:\/\/www.lfprinterparts.com\/fr\/produit\/agfa-anapurna-m2500i-owgth-uv-lamp-ana-190-d27570107-0003\/#breadcrumb"},"inLanguage":"fr-FR","potentialAction":[{"@type":"ReadAction","target":["https:\/\/www.lfprinterparts.com\/fr\/produit\/agfa-anapurna-m2500i-owgth-uv-lamp-ana-190-d27570107-0003\/"]}]},{"@type":"ImageObject","inLanguage":"fr-FR","@id":"https:\/\/www.lfprinterparts.com\/fr\/produit\/agfa-anapurna-m2500i-owgth-uv-lamp-ana-190-d27570107-0003\/#primaryimage","url":"https:\/\/www.lfprinterparts.com\/wp-content\/uploads\/Anapurna-M-UV-lamp-085D.jpg","contentUrl":"https:\/\/www.lfprinterparts.com\/wp-content\/uploads\/Anapurna-M-UV-lamp-085D.jpg","width":640,"height":640},{"@type":"BreadcrumbList","@id":"https:\/\/www.lfprinterparts.com\/fr\/produit\/agfa-anapurna-m2500i-owgth-uv-lamp-ana-190-d27570107-0003\/#breadcrumb","itemListElement":[{"@type":"ListItem","position":1,"name":"Home","item":"https:\/\/www.lfprinterparts.com\/fr\/"},{"@type":"ListItem","position":2,"name":"Boutique","item":"https:\/\/www.lfprinterparts.com\/fr\/boutique\/"},{"@type":"ListItem","position":3,"name":"Agfa \u00ae Anapurna M2500i (OWGTH) UV Lamp ANA 190 \u2013 D2+7570107-0003"}]},{"@type":"WebSite","@id":"https:\/\/www.lfprinterparts.com\/fr\/#website","url":"https:\/\/www.lfprinterparts.com\/fr\/","name":"Large Format Printer Parts","description":"All for Your Wide Format Printer","publisher":{"@id":"https:\/\/www.lfprinterparts.com\/fr\/#organization"},"alternateName":"LFPP","potentialAction":[{"@type":"SearchAction","target":{"@type":"EntryPoint","urlTemplate":"https:\/\/www.lfprinterparts.com\/fr\/?s={search_term_string}"},"query-input":{"@type":"PropertyValueSpecification","valueRequired":true,"valueName":"search_term_string"}}],"inLanguage":"fr-FR"},{"@type":"Organization","@id":"https:\/\/www.lfprinterparts.com\/fr\/#organization","name":"Large Format Printer Parts","alternateName":"LFPP","url":"https:\/\/www.lfprinterparts.com\/fr\/","logo":{"@type":"ImageObject","inLanguage":"fr-FR","@id":"https:\/\/www.lfprinterparts.com\/fr\/#\/schema\/logo\/image\/","url":"https:\/\/www.lfprinterparts.com\/wp-content\/uploads\/2020\/03\/lfpp-square-logo-email.png","contentUrl":"https:\/\/www.lfprinterparts.com\/wp-content\/uploads\/2020\/03\/lfpp-square-logo-email.png","width":200,"height":200,"caption":"Large Format Printer Parts"},"image":{"@id":"https:\/\/www.lfprinterparts.com\/fr\/#\/schema\/logo\/image\/"},"sameAs":["https:\/\/www.facebook.com\/largeformatprinterparts\/","https:\/\/x.com\/LFPrinterParts","https:\/\/www.linkedin.com\/company\/lf-printer-parts\/","https:\/\/www.instagram.com\/lfprinterparts\/","https:\/\/fr.pinterest.com\/lfprinterparts\/"],"description":"LARGE FORMAT PRINTER PARTS SRL is your trusted one-stop shop for all your digital printing needs. Headquartered in Namur, Belgium, we sell spare parts, supplies and accessories for eco-solvent, solvent, latex and UV digital wide-format printers. As a company with a long-standing commitment to excellence, we pride ourselves on being a reliable source of original spares for the large format printing industry, offering an extensive selection of products from top brands such as Roland, Mimaki, Mutoh, Summa, OKI, Afga, Durst, EFI, and many more.","email":"info@lfprinterparts.com","telephone":"+3281728850","legalName":"LARGE FORMAT PRINTER PARTS","foundingDate":"2020-07-01","vatID":"BE0749.512.268","taxID":"0749512268","publishingPrinciples":"https:\/\/www.lfprinterparts.com\/about-us\/","ownershipFundingInfo":"https:\/\/www.lfprinterparts.com\/about-us\/"}]},"product_brand":"Agfa \u00ae","product_price_amount":"249.00","product_price_currency":"EUR","og_availability":"backorder","product_availability":"available for order","product_retailer_item_id":"SP24AG00424","product_condition":"new"},"brands":[{"id":2770,"name":"Agfa \u00ae","slug":"agfa-fr"}],"_links":{"self":[{"href":"https:\/\/www.lfprinterparts.com\/fr\/wp-json\/wp\/v2\/product\/12726","targetHints":{"allow":["GET"]}}],"collection":[{"href":"https:\/\/www.lfprinterparts.com\/fr\/wp-json\/wp\/v2\/product"}],"about":[{"href":"https:\/\/www.lfprinterparts.com\/fr\/wp-json\/wp\/v2\/types\/product"}],"replies":[{"embeddable":true,"href":"https:\/\/www.lfprinterparts.com\/fr\/wp-json\/wp\/v2\/comments?post=12726"}],"wp:featuredmedia":[{"embeddable":true,"href":"https:\/\/www.lfprinterparts.com\/fr\/wp-json\/wp\/v2\/media\/10398"}],"wp:attachment":[{"href":"https:\/\/www.lfprinterparts.com\/fr\/wp-json\/wp\/v2\/media?parent=12726"}],"wp:term":[{"taxonomy":"pwb-brand","embeddable":true,"href":"https:\/\/www.lfprinterparts.com\/fr\/wp-json\/wp\/v2\/pwb-brand?post=12726"},{"taxonomy":"product_brand","embeddable":true,"href":"https:\/\/www.lfprinterparts.com\/fr\/wp-json\/wp\/v2\/product_brand?post=12726"},{"taxonomy":"product_cat","embeddable":true,"href":"https:\/\/www.lfprinterparts.com\/fr\/wp-json\/wp\/v2\/product_cat?post=12726"},{"taxonomy":"product_tag","embeddable":true,"href":"https:\/\/www.lfprinterparts.com\/fr\/wp-json\/wp\/v2\/product_tag?post=12726"},{"taxonomy":"compatibility","embeddable":true,"href":"https:\/\/www.lfprinterparts.com\/fr\/wp-json\/wp\/v2\/compatibility?post=12726"}],"curies":[{"name":"wp","href":"https:\/\/api.w.org\/{rel}","templated":true}]}}