{"id":12544,"date":"2021-08-19T14:09:05","date_gmt":"2021-08-19T12:09:05","guid":{"rendered":"https:\/\/www.lfprinterparts.com\/product\/presse-a-chaud-secabo-tc7-smart-membrane-40cm-x-50cm-avec-bluetooth\/"},"modified":"2023-05-03T15:45:22","modified_gmt":"2023-05-03T14:45:22","slug":"presse-a-chaud-secabo-tc7-smart-membrane-40cm-x-50cm-avec-bluetooth","status":"publish","type":"product","link":"https:\/\/www.lfprinterparts.com\/fr\/produit\/presse-a-chaud-secabo-tc7-smart-membrane-40cm-x-50cm-avec-bluetooth\/","title":{"rendered":"Presse \u00e0 Chaud Secabo TC7 Smart Membrane 40cm x 50cm avec Bluetooth"},"content":{"rendered":"<h2>Description de produit<\/h2>\n<p>Avec la nouvelle presse \u00e0 chaud TC7 SMART, Secabo ouvre de nouvelles voies d&#8217;innovation pour des performances encore plus \u00e9lev\u00e9es. Cette derni\u00e8re \u00e9volution de la presse automatique Secabo TC7, qui conna\u00eet un grand succ\u00e8s, introduit une nouveaut\u00e9 mondiale sur le march\u00e9, qui ouvre une multitude de nouvelles options aux utilisateurs. La commande de la TC7 SMART est d\u00e9sormais \u00e9quip\u00e9e d&#8217;une interface Bluetooth qui permet de commander la presse via l&#8217;application gratuite Secabo Smart Transfer, tout en donnant acc\u00e8s \u00e0 une vaste base de donn\u00e9es de fonctions. Cela permet aux utilisateurs de saisir simplement le type de tissu et le mat\u00e9riau de transfert et retrouver imm\u00e9diatement les combinaisons correspondantes de temp\u00e9rature, de temps et de pression.<\/p>\n<p>Des fonctions suppl\u00e9mentaires, telles que le calcul du temps de chauffe et les fonctions d&#8217;avertissement, font de l&#8217;application un assistant pr\u00e9cieux pour toutes les m\u00e9thodes de transfert thermique courantes. La nouvelle presse \u00e0 chaud Secabo TC7 SMART offre une surface de travail de 40 x 50 cm, est facile \u00e0 utiliser et robuste en fonctionnement continu. La conception modulaire permet d&#8217;installer rapidement et facilement des plaques amovibles de diff\u00e9rents formats, un syst\u00e8me de changement rapide et une extension de glissi\u00e8re.<\/p>\n<p><a href=\"https:\/\/play.google.com\/store\/apps\/details?id=com.nepata.secabosmarttransfer&amp;hl=fr\">T\u00e9l\u00e9chargez l&#8217;application Android<\/a><\/p>\n<p><a href=\"https:\/\/apps.apple.com\/us\/app\/secabo-smart-transfer\/id1250085293\">T\u00e9l\u00e9chargez l&#8217;application iOS<\/a><\/p>\n<p>&nbsp;<\/p>\n<h2>Taille de plateau<\/h2>\n<ul>\n<li>40 cm x 50 cm<\/li>\n<\/ul>\n<p>&nbsp;<\/p>\n<div>\n<div>\n<h2>R\u00e9f\u00e9rence produit<\/h2>\n<\/div>\n<ul>\n<li>Marque: <a href=\"https:\/\/www.lfprinterparts.com\/fr\/marque\/secabo-fr\/\">Secabo<\/a> \u00ae<\/li>\n<li>R\u00e9f\u00e9rence fournisseur: 100-109-007-15<\/li>\n<\/ul>\n<p>&nbsp;<\/p>\n<\/div>\n<h2>Donn\u00e9es techniques<\/h2>\n<ul>\n<li>Dimensions ouverte: 43cm x 93cm x 74cm<\/li>\n<li>Dimensions ferm\u00e9e: 43cm x 57cm x 75cm<\/li>\n<li>Taille de plateau: 40cm x 50cm<\/li>\n<li>\u00c9l\u00e9ments fournis: Base m\u00e9canique, Plaque chauffante, Plaque de base, Plaque de base du diaphragme, Kit de fixation, Bo\u00eete de contr\u00f4le, C13 C\u00e2ble d&#8217;alimentation, Outils, Mode d&#8217;emploi<\/li>\n<li>R\u00e9glage de la pression: R\u00e9glage en hauteur de la plaque chauffante au moyen d&#8217;un volant, r\u00e9glage fin avec la boule de soufflage et la vanne de vidange de la membrane<\/li>\n<li>Pression maximale: 250 g \/ cm \u00b2 g<\/li>\n<li>Temperature maximale: 225 \u00b0C<\/li>\n<li>R\u00e9glage du temps digital: 999 s<\/li>\n<li>Angle ouverture max.: 40 \u00b0<\/li>\n<li>Alimentation: Alimentation \u00e9lectrique 230V \/ 50Hz &#8211; 60Hz, 2,0kW<\/li>\n<li>Environnement: +5\u00b0C &#8211; +35\u00b0C \/ 30% &#8211; 70% humidit\u00e9<\/li>\n<li>Poids sans emballage: 39,00 kg<\/li>\n<li>Poids avec emballage: 46,00 kg<\/li>\n<\/ul>\n","protected":false},"excerpt":{"rendered":"<p>La presse \u00e0 chaud Secabo TC7 SMART est une presse modulaire \u00e9lectromagn\u00e9tique \u00e0 ouverture portefeuille au format d&#8217;impression 40cm x 50cm.<\/p>\n<p class=\"uppercase\"><span data-text-color=\"primary\"><strong>LIVRAISON GRATUITE DANS L\u2019UNION EUROP\u00c9ENNE (SAUF \u00ceLES).<br \/>\n<\/strong><\/span><\/p>\n<p class=\"uppercase\"><span data-text-color=\"primary\"><strong>D\u00c9LAIs DE LIVRAISON: VEUILLEZ nous contacter avant DE COMMANDER.<\/strong><\/span><\/p>\n","protected":false},"featured_media":11235,"comment_status":"open","ping_status":"closed","template":"","meta":[],"pwb-brand":[2875],"product_brand":[],"product_cat":[2697],"product_tag":[],"compatibility":[],"class_list":{"0":"post-12544","1":"product","2":"type-product","3":"status-publish","4":"has-post-thumbnail","6":"pwb-brand-secabo-fr","7":"product_cat-presses-a-chaud","8":"product_shipping_class-heat-presses-fr","9":"pa_hs-code-8451300000-fr","10":"pa_platen-size-40-cm-x-50-cm-16-x-20-fr","11":"pa_power-2000-watts-fr","12":"pa_voltage-230-volts-fr","13":"pa_weight-39-kg-fr","15":"first","16":"instock","17":"sale","18":"sold-individually","19":"taxable","20":"shipping-taxable","21":"purchasable","22":"product-type-simple"},"yoast_head":"<!-- This site is optimized with the Yoast SEO Premium plugin v27.3 (Yoast SEO v27.3) - https:\/\/yoast.com\/product\/yoast-seo-premium-wordpress\/ -->\n<title>Presse \u00e0 Chaud Secabo TC7 Smart Membrane 40cm x 50cm<\/title>\n<meta name=\"description\" content=\"La presse \u00e0 chaud Secabo TC7 SMART est une presse modulaire \u00e9lectromagn\u00e9tique \u00e0 ouverture portefeuille au format d&#039;impression 40cm x 50cm.\" \/>\n<meta name=\"robots\" content=\"index, follow, max-snippet:-1, max-image-preview:large, max-video-preview:-1\" \/>\n<link rel=\"canonical\" href=\"https:\/\/www.lfprinterparts.com\/fr\/produit\/presse-a-chaud-secabo-tc7-smart-membrane-40cm-x-50cm-avec-bluetooth\/\" \/>\n<meta property=\"og:locale\" content=\"fr_FR\" \/>\n<meta property=\"og:type\" content=\"article\" \/>\n<meta property=\"og:title\" content=\"Presse \u00e0 Chaud Secabo TC7 Smart Membrane 40cm x 50cm avec Bluetooth\" \/>\n<meta property=\"og:description\" content=\"La presse \u00e0 chaud Secabo TC7 SMART est une presse modulaire \u00e9lectromagn\u00e9tique \u00e0 ouverture portefeuille au format d&#039;impression 40cm x 50cm. LIVRAISON GRATUITE DANS L\u2019UNION EUROP\u00c9ENNE (SAUF \u00ceLES).  D\u00c9LAIs DE LIVRAISON: VEUILLEZ nous contacter avant DE COMMANDER.\" \/>\n<meta property=\"og:url\" content=\"https:\/\/www.lfprinterparts.com\/fr\/produit\/presse-a-chaud-secabo-tc7-smart-membrane-40cm-x-50cm-avec-bluetooth\/\" \/>\n<meta property=\"og:site_name\" content=\"Large Format Printer Parts\" \/>\n<meta property=\"article:publisher\" content=\"https:\/\/www.facebook.com\/largeformatprinterparts\/\" \/>\n<meta property=\"article:modified_time\" content=\"2023-05-03T14:45:22+00:00\" \/>\n<meta property=\"og:image\" content=\"https:\/\/www.lfprinterparts.com\/wp-content\/uploads\/Secabo-TC7-smart.jpg\" \/>\n\t<meta property=\"og:image:width\" content=\"640\" \/>\n\t<meta property=\"og:image:height\" content=\"640\" \/>\n\t<meta property=\"og:image:type\" content=\"image\/jpeg\" \/>\n<meta name=\"twitter:card\" content=\"summary_large_image\" \/>\n<meta name=\"twitter:site\" content=\"@LFPrinterParts\" \/>\n<meta name=\"twitter:label1\" content=\"Prix\" \/>\n\t<meta name=\"twitter:data1\" content=\"&euro;1 099,00\" \/>\n\t<meta name=\"twitter:label2\" content=\"Disponibilit\u00e9\" \/>\n\t<meta name=\"twitter:data2\" content=\"En stock\" \/>\n<script type=\"application\/ld+json\" class=\"yoast-schema-graph\">{\"@context\":\"https:\\\/\\\/schema.org\",\"@graph\":[{\"@type\":[\"WebPage\",\"ItemPage\"],\"@id\":\"https:\\\/\\\/www.lfprinterparts.com\\\/fr\\\/produit\\\/presse-a-chaud-secabo-tc7-smart-membrane-40cm-x-50cm-avec-bluetooth\\\/\",\"url\":\"https:\\\/\\\/www.lfprinterparts.com\\\/fr\\\/produit\\\/presse-a-chaud-secabo-tc7-smart-membrane-40cm-x-50cm-avec-bluetooth\\\/\",\"name\":\"Presse \u00e0 Chaud Secabo TC7 Smart Membrane 40cm x 50cm\",\"isPartOf\":{\"@id\":\"https:\\\/\\\/www.lfprinterparts.com\\\/fr\\\/#website\"},\"primaryImageOfPage\":{\"@id\":\"https:\\\/\\\/www.lfprinterparts.com\\\/fr\\\/produit\\\/presse-a-chaud-secabo-tc7-smart-membrane-40cm-x-50cm-avec-bluetooth\\\/#primaryimage\"},\"image\":{\"@id\":\"https:\\\/\\\/www.lfprinterparts.com\\\/fr\\\/produit\\\/presse-a-chaud-secabo-tc7-smart-membrane-40cm-x-50cm-avec-bluetooth\\\/#primaryimage\"},\"thumbnailUrl\":\"https:\\\/\\\/www.lfprinterparts.com\\\/wp-content\\\/uploads\\\/Secabo-TC7-smart.jpg\",\"datePublished\":\"2021-08-19T12:09:05+00:00\",\"dateModified\":\"2023-05-03T14:45:22+00:00\",\"description\":\"La presse \u00e0 chaud Secabo TC7 SMART est une presse modulaire \u00e9lectromagn\u00e9tique \u00e0 ouverture portefeuille au format d'impression 40cm x 50cm.\",\"breadcrumb\":{\"@id\":\"https:\\\/\\\/www.lfprinterparts.com\\\/fr\\\/produit\\\/presse-a-chaud-secabo-tc7-smart-membrane-40cm-x-50cm-avec-bluetooth\\\/#breadcrumb\"},\"inLanguage\":\"fr-FR\",\"potentialAction\":[{\"@type\":\"ReadAction\",\"target\":[\"https:\\\/\\\/www.lfprinterparts.com\\\/fr\\\/produit\\\/presse-a-chaud-secabo-tc7-smart-membrane-40cm-x-50cm-avec-bluetooth\\\/\"]}]},{\"@type\":\"ImageObject\",\"inLanguage\":\"fr-FR\",\"@id\":\"https:\\\/\\\/www.lfprinterparts.com\\\/fr\\\/produit\\\/presse-a-chaud-secabo-tc7-smart-membrane-40cm-x-50cm-avec-bluetooth\\\/#primaryimage\",\"url\":\"https:\\\/\\\/www.lfprinterparts.com\\\/wp-content\\\/uploads\\\/Secabo-TC7-smart.jpg\",\"contentUrl\":\"https:\\\/\\\/www.lfprinterparts.com\\\/wp-content\\\/uploads\\\/Secabo-TC7-smart.jpg\",\"width\":640,\"height\":640},{\"@type\":\"BreadcrumbList\",\"@id\":\"https:\\\/\\\/www.lfprinterparts.com\\\/fr\\\/produit\\\/presse-a-chaud-secabo-tc7-smart-membrane-40cm-x-50cm-avec-bluetooth\\\/#breadcrumb\",\"itemListElement\":[{\"@type\":\"ListItem\",\"position\":1,\"name\":\"Home\",\"item\":\"https:\\\/\\\/www.lfprinterparts.com\\\/fr\\\/\"},{\"@type\":\"ListItem\",\"position\":2,\"name\":\"Boutique\",\"item\":\"https:\\\/\\\/www.lfprinterparts.com\\\/fr\\\/boutique\\\/\"},{\"@type\":\"ListItem\",\"position\":3,\"name\":\"Presse \u00e0 Chaud Secabo TC7 Smart Membrane 40cm x 50cm avec Bluetooth\"}]},{\"@type\":\"WebSite\",\"@id\":\"https:\\\/\\\/www.lfprinterparts.com\\\/fr\\\/#website\",\"url\":\"https:\\\/\\\/www.lfprinterparts.com\\\/fr\\\/\",\"name\":\"Large Format Printer Parts\",\"description\":\"All for Your Wide Format Printer\",\"publisher\":{\"@id\":\"https:\\\/\\\/www.lfprinterparts.com\\\/fr\\\/#organization\"},\"alternateName\":\"LFPP\",\"potentialAction\":[{\"@type\":\"SearchAction\",\"target\":{\"@type\":\"EntryPoint\",\"urlTemplate\":\"https:\\\/\\\/www.lfprinterparts.com\\\/fr\\\/?s={search_term_string}\"},\"query-input\":{\"@type\":\"PropertyValueSpecification\",\"valueRequired\":true,\"valueName\":\"search_term_string\"}}],\"inLanguage\":\"fr-FR\"},{\"@type\":\"Organization\",\"@id\":\"https:\\\/\\\/www.lfprinterparts.com\\\/fr\\\/#organization\",\"name\":\"Large Format Printer Parts\",\"alternateName\":\"LFPP\",\"url\":\"https:\\\/\\\/www.lfprinterparts.com\\\/fr\\\/\",\"logo\":{\"@type\":\"ImageObject\",\"inLanguage\":\"fr-FR\",\"@id\":\"https:\\\/\\\/www.lfprinterparts.com\\\/fr\\\/#\\\/schema\\\/logo\\\/image\\\/\",\"url\":\"https:\\\/\\\/www.lfprinterparts.com\\\/wp-content\\\/uploads\\\/2020\\\/03\\\/lfpp-square-logo-email.png\",\"contentUrl\":\"https:\\\/\\\/www.lfprinterparts.com\\\/wp-content\\\/uploads\\\/2020\\\/03\\\/lfpp-square-logo-email.png\",\"width\":200,\"height\":200,\"caption\":\"Large Format Printer Parts\"},\"image\":{\"@id\":\"https:\\\/\\\/www.lfprinterparts.com\\\/fr\\\/#\\\/schema\\\/logo\\\/image\\\/\"},\"sameAs\":[\"https:\\\/\\\/www.facebook.com\\\/largeformatprinterparts\\\/\",\"https:\\\/\\\/x.com\\\/LFPrinterParts\",\"https:\\\/\\\/www.linkedin.com\\\/company\\\/lf-printer-parts\\\/\",\"https:\\\/\\\/www.instagram.com\\\/lfprinterparts\\\/\",\"https:\\\/\\\/fr.pinterest.com\\\/lfprinterparts\\\/\"],\"description\":\"LARGE FORMAT PRINTER PARTS SRL is your trusted one-stop shop for all your digital printing needs. Headquartered in Namur, Belgium, we sell spare parts, supplies and accessories for eco-solvent, solvent, latex and UV digital wide-format printers. As a company with a long-standing commitment to excellence, we pride ourselves on being a reliable source of original spares for the large format printing industry, offering an extensive selection of products from top brands such as Roland, Mimaki, Mutoh, Summa, OKI, Afga, Durst, EFI, and many more.\",\"email\":\"info@lfprinterparts.com\",\"telephone\":\"+3281728850\",\"legalName\":\"LARGE FORMAT PRINTER PARTS\",\"foundingDate\":\"2020-07-01\",\"vatID\":\"BE0749.512.268\",\"taxID\":\"0749512268\",\"publishingPrinciples\":\"https:\\\/\\\/www.lfprinterparts.com\\\/about-us\\\/\",\"ownershipFundingInfo\":\"https:\\\/\\\/www.lfprinterparts.com\\\/about-us\\\/\"}]}<\/script>\n<meta property=\"product:brand\" content=\"Secabo \u00ae\" \/>\n<meta property=\"product:price:amount\" content=\"1099.00\" \/>\n<meta property=\"product:price:currency\" content=\"EUR\" \/>\n<meta property=\"og:availability\" content=\"instock\" \/>\n<meta property=\"product:availability\" content=\"instock\" \/>\n<meta property=\"product:retailer_item_id\" content=\"ET30SE00604\" \/>\n<meta property=\"product:condition\" content=\"new\" \/>\n<!-- \/ Yoast SEO Premium plugin. -->","yoast_head_json":{"title":"Presse \u00e0 Chaud Secabo TC7 Smart Membrane 40cm x 50cm","description":"La presse \u00e0 chaud Secabo TC7 SMART est une presse modulaire \u00e9lectromagn\u00e9tique \u00e0 ouverture portefeuille au format d'impression 40cm x 50cm.","robots":{"index":"index","follow":"follow","max-snippet":"max-snippet:-1","max-image-preview":"max-image-preview:large","max-video-preview":"max-video-preview:-1"},"canonical":"https:\/\/www.lfprinterparts.com\/fr\/produit\/presse-a-chaud-secabo-tc7-smart-membrane-40cm-x-50cm-avec-bluetooth\/","og_locale":"fr_FR","og_type":"article","og_title":"Presse \u00e0 Chaud Secabo TC7 Smart Membrane 40cm x 50cm avec Bluetooth","og_description":"La presse \u00e0 chaud Secabo TC7 SMART est une presse modulaire \u00e9lectromagn\u00e9tique \u00e0 ouverture portefeuille au format d'impression 40cm x 50cm. LIVRAISON GRATUITE DANS L\u2019UNION EUROP\u00c9ENNE (SAUF \u00ceLES).  D\u00c9LAIs DE LIVRAISON: VEUILLEZ nous contacter avant DE COMMANDER.","og_url":"https:\/\/www.lfprinterparts.com\/fr\/produit\/presse-a-chaud-secabo-tc7-smart-membrane-40cm-x-50cm-avec-bluetooth\/","og_site_name":"Large Format Printer Parts","article_publisher":"https:\/\/www.facebook.com\/largeformatprinterparts\/","article_modified_time":"2023-05-03T14:45:22+00:00","og_image":[{"width":640,"height":640,"url":"https:\/\/www.lfprinterparts.com\/wp-content\/uploads\/Secabo-TC7-smart.jpg","type":"image\/jpeg"}],"twitter_card":"summary_large_image","twitter_site":"@LFPrinterParts","twitter_misc":{"Prix":"&euro;1 099,00","Disponibilit\u00e9":"En stock"},"schema":{"@context":"https:\/\/schema.org","@graph":[{"@type":["WebPage","ItemPage"],"@id":"https:\/\/www.lfprinterparts.com\/fr\/produit\/presse-a-chaud-secabo-tc7-smart-membrane-40cm-x-50cm-avec-bluetooth\/","url":"https:\/\/www.lfprinterparts.com\/fr\/produit\/presse-a-chaud-secabo-tc7-smart-membrane-40cm-x-50cm-avec-bluetooth\/","name":"Presse \u00e0 Chaud Secabo TC7 Smart Membrane 40cm x 50cm","isPartOf":{"@id":"https:\/\/www.lfprinterparts.com\/fr\/#website"},"primaryImageOfPage":{"@id":"https:\/\/www.lfprinterparts.com\/fr\/produit\/presse-a-chaud-secabo-tc7-smart-membrane-40cm-x-50cm-avec-bluetooth\/#primaryimage"},"image":{"@id":"https:\/\/www.lfprinterparts.com\/fr\/produit\/presse-a-chaud-secabo-tc7-smart-membrane-40cm-x-50cm-avec-bluetooth\/#primaryimage"},"thumbnailUrl":"https:\/\/www.lfprinterparts.com\/wp-content\/uploads\/Secabo-TC7-smart.jpg","datePublished":"2021-08-19T12:09:05+00:00","dateModified":"2023-05-03T14:45:22+00:00","description":"La presse \u00e0 chaud Secabo TC7 SMART est une presse modulaire \u00e9lectromagn\u00e9tique \u00e0 ouverture portefeuille au format d'impression 40cm x 50cm.","breadcrumb":{"@id":"https:\/\/www.lfprinterparts.com\/fr\/produit\/presse-a-chaud-secabo-tc7-smart-membrane-40cm-x-50cm-avec-bluetooth\/#breadcrumb"},"inLanguage":"fr-FR","potentialAction":[{"@type":"ReadAction","target":["https:\/\/www.lfprinterparts.com\/fr\/produit\/presse-a-chaud-secabo-tc7-smart-membrane-40cm-x-50cm-avec-bluetooth\/"]}]},{"@type":"ImageObject","inLanguage":"fr-FR","@id":"https:\/\/www.lfprinterparts.com\/fr\/produit\/presse-a-chaud-secabo-tc7-smart-membrane-40cm-x-50cm-avec-bluetooth\/#primaryimage","url":"https:\/\/www.lfprinterparts.com\/wp-content\/uploads\/Secabo-TC7-smart.jpg","contentUrl":"https:\/\/www.lfprinterparts.com\/wp-content\/uploads\/Secabo-TC7-smart.jpg","width":640,"height":640},{"@type":"BreadcrumbList","@id":"https:\/\/www.lfprinterparts.com\/fr\/produit\/presse-a-chaud-secabo-tc7-smart-membrane-40cm-x-50cm-avec-bluetooth\/#breadcrumb","itemListElement":[{"@type":"ListItem","position":1,"name":"Home","item":"https:\/\/www.lfprinterparts.com\/fr\/"},{"@type":"ListItem","position":2,"name":"Boutique","item":"https:\/\/www.lfprinterparts.com\/fr\/boutique\/"},{"@type":"ListItem","position":3,"name":"Presse \u00e0 Chaud Secabo TC7 Smart Membrane 40cm x 50cm avec Bluetooth"}]},{"@type":"WebSite","@id":"https:\/\/www.lfprinterparts.com\/fr\/#website","url":"https:\/\/www.lfprinterparts.com\/fr\/","name":"Large Format Printer Parts","description":"All for Your Wide Format Printer","publisher":{"@id":"https:\/\/www.lfprinterparts.com\/fr\/#organization"},"alternateName":"LFPP","potentialAction":[{"@type":"SearchAction","target":{"@type":"EntryPoint","urlTemplate":"https:\/\/www.lfprinterparts.com\/fr\/?s={search_term_string}"},"query-input":{"@type":"PropertyValueSpecification","valueRequired":true,"valueName":"search_term_string"}}],"inLanguage":"fr-FR"},{"@type":"Organization","@id":"https:\/\/www.lfprinterparts.com\/fr\/#organization","name":"Large Format Printer Parts","alternateName":"LFPP","url":"https:\/\/www.lfprinterparts.com\/fr\/","logo":{"@type":"ImageObject","inLanguage":"fr-FR","@id":"https:\/\/www.lfprinterparts.com\/fr\/#\/schema\/logo\/image\/","url":"https:\/\/www.lfprinterparts.com\/wp-content\/uploads\/2020\/03\/lfpp-square-logo-email.png","contentUrl":"https:\/\/www.lfprinterparts.com\/wp-content\/uploads\/2020\/03\/lfpp-square-logo-email.png","width":200,"height":200,"caption":"Large Format Printer Parts"},"image":{"@id":"https:\/\/www.lfprinterparts.com\/fr\/#\/schema\/logo\/image\/"},"sameAs":["https:\/\/www.facebook.com\/largeformatprinterparts\/","https:\/\/x.com\/LFPrinterParts","https:\/\/www.linkedin.com\/company\/lf-printer-parts\/","https:\/\/www.instagram.com\/lfprinterparts\/","https:\/\/fr.pinterest.com\/lfprinterparts\/"],"description":"LARGE FORMAT PRINTER PARTS SRL is your trusted one-stop shop for all your digital printing needs. Headquartered in Namur, Belgium, we sell spare parts, supplies and accessories for eco-solvent, solvent, latex and UV digital wide-format printers. As a company with a long-standing commitment to excellence, we pride ourselves on being a reliable source of original spares for the large format printing industry, offering an extensive selection of products from top brands such as Roland, Mimaki, Mutoh, Summa, OKI, Afga, Durst, EFI, and many more.","email":"info@lfprinterparts.com","telephone":"+3281728850","legalName":"LARGE FORMAT PRINTER PARTS","foundingDate":"2020-07-01","vatID":"BE0749.512.268","taxID":"0749512268","publishingPrinciples":"https:\/\/www.lfprinterparts.com\/about-us\/","ownershipFundingInfo":"https:\/\/www.lfprinterparts.com\/about-us\/"}]},"product_brand":"Secabo \u00ae","product_price_amount":"1099.00","product_price_currency":"EUR","og_availability":"instock","product_availability":"instock","product_retailer_item_id":"ET30SE00604","product_condition":"new"},"brands":[{"id":2875,"name":"Secabo \u00ae","slug":"secabo-fr"}],"_links":{"self":[{"href":"https:\/\/www.lfprinterparts.com\/fr\/wp-json\/wp\/v2\/product\/12544","targetHints":{"allow":["GET"]}}],"collection":[{"href":"https:\/\/www.lfprinterparts.com\/fr\/wp-json\/wp\/v2\/product"}],"about":[{"href":"https:\/\/www.lfprinterparts.com\/fr\/wp-json\/wp\/v2\/types\/product"}],"replies":[{"embeddable":true,"href":"https:\/\/www.lfprinterparts.com\/fr\/wp-json\/wp\/v2\/comments?post=12544"}],"wp:featuredmedia":[{"embeddable":true,"href":"https:\/\/www.lfprinterparts.com\/fr\/wp-json\/wp\/v2\/media\/11235"}],"wp:attachment":[{"href":"https:\/\/www.lfprinterparts.com\/fr\/wp-json\/wp\/v2\/media?parent=12544"}],"wp:term":[{"taxonomy":"pwb-brand","embeddable":true,"href":"https:\/\/www.lfprinterparts.com\/fr\/wp-json\/wp\/v2\/pwb-brand?post=12544"},{"taxonomy":"product_brand","embeddable":true,"href":"https:\/\/www.lfprinterparts.com\/fr\/wp-json\/wp\/v2\/product_brand?post=12544"},{"taxonomy":"product_cat","embeddable":true,"href":"https:\/\/www.lfprinterparts.com\/fr\/wp-json\/wp\/v2\/product_cat?post=12544"},{"taxonomy":"product_tag","embeddable":true,"href":"https:\/\/www.lfprinterparts.com\/fr\/wp-json\/wp\/v2\/product_tag?post=12544"},{"taxonomy":"compatibility","embeddable":true,"href":"https:\/\/www.lfprinterparts.com\/fr\/wp-json\/wp\/v2\/compatibility?post=12544"}],"curies":[{"name":"wp","href":"https:\/\/api.w.org\/{rel}","templated":true}]}}