{"id":12503,"date":"2021-10-13T10:55:40","date_gmt":"2021-10-13T09:55:40","guid":{"rendered":"https:\/\/www.lfprinterparts.com\/product\/lfpp-large-damper-2-mm-for-dx4-based-printers\/"},"modified":"2025-04-11T14:32:56","modified_gmt":"2025-04-11T13:32:56","slug":"lfpp-large-damper-2-mm-for-dx4-based-printers","status":"publish","type":"product","link":"https:\/\/www.lfprinterparts.com\/fr\/produit\/lfpp-large-damper-2-mm-for-dx4-based-printers\/","title":{"rendered":"LFPP \u00ae Large Damper (2 mm) pour Epson DX4"},"content":{"rendered":"<div>\n<h2>Description de produit<\/h2>\n<p>LFPP \u00ae Large Damper (2 mm) pour imprimantes DX4 est un damper g\u00e9n\u00e9rique r\u00e9sistant aux solvants et adapt\u00e9 aux imprimantes Roland \u00ae, Mutoh \u00ae et Mimaki \u00ae utilisant des t\u00eates d&#8217;impression Epson DX4 avec un connecteur de 2 mm.<\/p>\n<p>&nbsp;<\/p>\n<h2>R\u00e9f\u00e9rence produit<\/h2>\n<\/div>\n<ul>\n<li>Marque: <a href=\"https:\/\/www.lfprinterparts.com\/fr\/brand\/lfpp\/\">LFPP<\/a> \u00ae<\/li>\n<\/ul>\n<div>\n<p>&nbsp;<\/p>\n<h2><span lang=\"EN-US\">Compatibilit\u00e9 imprimante<\/span><\/h2>\n<\/div>\n<ul>\n<li>Roland \u00ae Colorcamm Pro II (CJ-540), Hi-Fi Jet Pro II (FJ-540\/640\/740), FlatJet (FLJ-300), SolJet Pro II (SC-540\/545ex, SJ-540\/640\/740\/745ex),\u00a0VersaCAMM (SP-300\/540v)<\/li>\n<li>Mimaki \u00ae JV22, JV3, JV4, TX2<\/li>\n<li>Mutoh \u00ae Blizzard, Rockhopper II, Rockhopper 3, Spitfire, Viper, RJ-900, VJ-1204\/1304<\/li>\n<\/ul>\n","protected":false},"excerpt":{"rendered":"<p>LFPP \u00ae Large Damper (2 mm) pour imprimantes DX4 est un damper g\u00e9n\u00e9rique r\u00e9sistant aux solvants et adapt\u00e9 aux imprimantes Roland \u00ae, Mutoh \u00ae et Mimaki \u00ae utilisant des t\u00eates d&#8217;impression Epson DX4 avec un connecteur de 2 mm.<\/p>\n","protected":false},"featured_media":11814,"comment_status":"open","ping_status":"closed","template":"","meta":[],"pwb-brand":[2788],"product_brand":[],"product_cat":[2676],"product_tag":[],"compatibility":[3592,2911,2912,3467,3468,3524,3558,3559,3459,3460,3462,3642,3566,3567,3568,3458,3591,3596,3593,2913,2914,2915,2918,2919,2921,2922,3483,3485,3487,3597,3598,3584,3611,3641],"class_list":{"0":"post-12503","1":"product","2":"type-product","3":"status-publish","4":"has-post-thumbnail","6":"pwb-brand-lfpp-fr","7":"product_cat-dampers-fr","8":"pa_hs-code-8443992050-fr","9":"compatibility-blizzard-fr","10":"compatibility-cj-540-fr","11":"compatibility-fj-540-fr","12":"compatibility-fj-640-fr","13":"compatibility-fj-740-fr","14":"compatibility-flj-300-fr","15":"compatibility-jv22-130-fr","16":"compatibility-jv22-160-fr","17":"compatibility-jv3-130s-fr","18":"compatibility-jv3-130sl-fr","19":"compatibility-jv3-160s-fr","20":"compatibility-jv3-320s-fr","21":"compatibility-jv4-130-fr","22":"compatibility-jv4-160-fr","23":"compatibility-jv4-180-fr","24":"compatibility-mimaki-fr","25":"compatibility-mutoh-fr","26":"compatibility-rockhopper-3-fr-2","27":"compatibility-rockhopper-ii-fr","28":"compatibility-roland-fr","29":"compatibility-sc-540-fr","30":"compatibility-sc-545ex-fr","31":"compatibility-sj-540-fr","32":"compatibility-sj-640-fr","33":"compatibility-sj-740-fr","34":"compatibility-sj-745ex-fr","35":"compatibility-sp-300-fr","36":"compatibility-sp-300v-fr","37":"compatibility-sp-540v-fr","38":"compatibility-spitfire-fr","39":"compatibility-spitfire-100-fr","40":"compatibility-tx2-1600-fr","41":"compatibility-valuejet-1304-fr","42":"compatibility-viper-fr","44":"first","45":"instock","46":"taxable","47":"shipping-taxable","48":"purchasable","49":"product-type-simple"},"yoast_head":"<!-- This site is optimized with the Yoast SEO Premium plugin v27.3 (Yoast SEO v27.3) - https:\/\/yoast.com\/product\/yoast-seo-premium-wordpress\/ -->\n<title>LFPP \u00ae Large Damper (2 mm) pour Epson DX4<\/title>\n<meta name=\"description\" content=\"LFPP \u00ae Large Damper (2 mm) pour imprimantes DX4 est un damper g\u00e9n\u00e9rique r\u00e9sistant aux solvants et adapt\u00e9 pour Roland \u00ae, Mutoh \u00ae et Mimaki.\" \/>\n<meta name=\"robots\" content=\"index, follow, max-snippet:-1, max-image-preview:large, max-video-preview:-1\" \/>\n<link rel=\"canonical\" href=\"https:\/\/www.lfprinterparts.com\/fr\/produit\/lfpp-large-damper-2-mm-for-dx4-based-printers\/\" \/>\n<meta property=\"og:locale\" content=\"fr_FR\" \/>\n<meta property=\"og:type\" content=\"article\" \/>\n<meta property=\"og:title\" content=\"LFPP \u00ae Large Damper (2 mm) pour Epson DX4\" \/>\n<meta property=\"og:description\" content=\"LFPP \u00ae Large Damper (2 mm) pour imprimantes DX4 est un damper g\u00e9n\u00e9rique r\u00e9sistant aux solvants et adapt\u00e9 aux imprimantes Roland \u00ae, Mutoh \u00ae et Mimaki \u00ae utilisant des t\u00eates d&#039;impression Epson DX4 avec un connecteur de 2 mm.\" \/>\n<meta property=\"og:url\" content=\"https:\/\/www.lfprinterparts.com\/fr\/produit\/lfpp-large-damper-2-mm-for-dx4-based-printers\/\" \/>\n<meta property=\"og:site_name\" content=\"Large Format Printer Parts\" \/>\n<meta property=\"article:publisher\" content=\"https:\/\/www.facebook.com\/largeformatprinterparts\/\" \/>\n<meta property=\"article:modified_time\" content=\"2025-04-11T13:32:56+00:00\" \/>\n<meta property=\"og:image\" content=\"https:\/\/www.lfprinterparts.com\/wp-content\/uploads\/LFPP-Large-Damper-2-mm-for-DX4-Based-Printers.jpg\" \/>\n\t<meta property=\"og:image:width\" content=\"640\" \/>\n\t<meta property=\"og:image:height\" content=\"640\" \/>\n\t<meta property=\"og:image:type\" content=\"image\/jpeg\" \/>\n<meta name=\"twitter:card\" content=\"summary_large_image\" \/>\n<meta name=\"twitter:site\" content=\"@LFPrinterParts\" \/>\n<meta name=\"twitter:label1\" content=\"Prix\" \/>\n\t<meta name=\"twitter:data1\" content=\"&euro;2,00\" \/>\n\t<meta name=\"twitter:label2\" content=\"Disponibilit\u00e9\" \/>\n\t<meta name=\"twitter:data2\" content=\"En stock\" \/>\n<script type=\"application\/ld+json\" class=\"yoast-schema-graph\">{\"@context\":\"https:\\\/\\\/schema.org\",\"@graph\":[{\"@type\":[\"WebPage\",\"ItemPage\"],\"@id\":\"https:\\\/\\\/www.lfprinterparts.com\\\/fr\\\/produit\\\/lfpp-large-damper-2-mm-for-dx4-based-printers\\\/\",\"url\":\"https:\\\/\\\/www.lfprinterparts.com\\\/fr\\\/produit\\\/lfpp-large-damper-2-mm-for-dx4-based-printers\\\/\",\"name\":\"LFPP \u00ae Large Damper (2 mm) pour Epson DX4\",\"isPartOf\":{\"@id\":\"https:\\\/\\\/www.lfprinterparts.com\\\/fr\\\/#website\"},\"primaryImageOfPage\":{\"@id\":\"https:\\\/\\\/www.lfprinterparts.com\\\/fr\\\/produit\\\/lfpp-large-damper-2-mm-for-dx4-based-printers\\\/#primaryimage\"},\"image\":{\"@id\":\"https:\\\/\\\/www.lfprinterparts.com\\\/fr\\\/produit\\\/lfpp-large-damper-2-mm-for-dx4-based-printers\\\/#primaryimage\"},\"thumbnailUrl\":\"https:\\\/\\\/www.lfprinterparts.com\\\/wp-content\\\/uploads\\\/LFPP-Large-Damper-2-mm-for-DX4-Based-Printers.jpg\",\"datePublished\":\"2021-10-13T09:55:40+00:00\",\"dateModified\":\"2025-04-11T13:32:56+00:00\",\"description\":\"LFPP \u00ae Large Damper (2 mm) pour imprimantes DX4 est un damper g\u00e9n\u00e9rique r\u00e9sistant aux solvants et adapt\u00e9 pour Roland \u00ae, Mutoh \u00ae et Mimaki.\",\"breadcrumb\":{\"@id\":\"https:\\\/\\\/www.lfprinterparts.com\\\/fr\\\/produit\\\/lfpp-large-damper-2-mm-for-dx4-based-printers\\\/#breadcrumb\"},\"inLanguage\":\"fr-FR\",\"potentialAction\":[{\"@type\":\"ReadAction\",\"target\":[\"https:\\\/\\\/www.lfprinterparts.com\\\/fr\\\/produit\\\/lfpp-large-damper-2-mm-for-dx4-based-printers\\\/\"]}]},{\"@type\":\"ImageObject\",\"inLanguage\":\"fr-FR\",\"@id\":\"https:\\\/\\\/www.lfprinterparts.com\\\/fr\\\/produit\\\/lfpp-large-damper-2-mm-for-dx4-based-printers\\\/#primaryimage\",\"url\":\"https:\\\/\\\/www.lfprinterparts.com\\\/wp-content\\\/uploads\\\/LFPP-Large-Damper-2-mm-for-DX4-Based-Printers.jpg\",\"contentUrl\":\"https:\\\/\\\/www.lfprinterparts.com\\\/wp-content\\\/uploads\\\/LFPP-Large-Damper-2-mm-for-DX4-Based-Printers.jpg\",\"width\":640,\"height\":640},{\"@type\":\"BreadcrumbList\",\"@id\":\"https:\\\/\\\/www.lfprinterparts.com\\\/fr\\\/produit\\\/lfpp-large-damper-2-mm-for-dx4-based-printers\\\/#breadcrumb\",\"itemListElement\":[{\"@type\":\"ListItem\",\"position\":1,\"name\":\"Home\",\"item\":\"https:\\\/\\\/www.lfprinterparts.com\\\/fr\\\/\"},{\"@type\":\"ListItem\",\"position\":2,\"name\":\"Boutique\",\"item\":\"https:\\\/\\\/www.lfprinterparts.com\\\/fr\\\/boutique\\\/\"},{\"@type\":\"ListItem\",\"position\":3,\"name\":\"LFPP \u00ae Large Damper (2 mm) pour Epson DX4\"}]},{\"@type\":\"WebSite\",\"@id\":\"https:\\\/\\\/www.lfprinterparts.com\\\/fr\\\/#website\",\"url\":\"https:\\\/\\\/www.lfprinterparts.com\\\/fr\\\/\",\"name\":\"Large Format Printer Parts\",\"description\":\"All for Your Wide Format Printer\",\"publisher\":{\"@id\":\"https:\\\/\\\/www.lfprinterparts.com\\\/fr\\\/#organization\"},\"alternateName\":\"LFPP\",\"potentialAction\":[{\"@type\":\"SearchAction\",\"target\":{\"@type\":\"EntryPoint\",\"urlTemplate\":\"https:\\\/\\\/www.lfprinterparts.com\\\/fr\\\/?s={search_term_string}\"},\"query-input\":{\"@type\":\"PropertyValueSpecification\",\"valueRequired\":true,\"valueName\":\"search_term_string\"}}],\"inLanguage\":\"fr-FR\"},{\"@type\":\"Organization\",\"@id\":\"https:\\\/\\\/www.lfprinterparts.com\\\/fr\\\/#organization\",\"name\":\"Large Format Printer Parts\",\"alternateName\":\"LFPP\",\"url\":\"https:\\\/\\\/www.lfprinterparts.com\\\/fr\\\/\",\"logo\":{\"@type\":\"ImageObject\",\"inLanguage\":\"fr-FR\",\"@id\":\"https:\\\/\\\/www.lfprinterparts.com\\\/fr\\\/#\\\/schema\\\/logo\\\/image\\\/\",\"url\":\"https:\\\/\\\/www.lfprinterparts.com\\\/wp-content\\\/uploads\\\/2020\\\/03\\\/lfpp-square-logo-email.png\",\"contentUrl\":\"https:\\\/\\\/www.lfprinterparts.com\\\/wp-content\\\/uploads\\\/2020\\\/03\\\/lfpp-square-logo-email.png\",\"width\":200,\"height\":200,\"caption\":\"Large Format Printer Parts\"},\"image\":{\"@id\":\"https:\\\/\\\/www.lfprinterparts.com\\\/fr\\\/#\\\/schema\\\/logo\\\/image\\\/\"},\"sameAs\":[\"https:\\\/\\\/www.facebook.com\\\/largeformatprinterparts\\\/\",\"https:\\\/\\\/x.com\\\/LFPrinterParts\",\"https:\\\/\\\/www.linkedin.com\\\/company\\\/lf-printer-parts\\\/\",\"https:\\\/\\\/www.instagram.com\\\/lfprinterparts\\\/\",\"https:\\\/\\\/fr.pinterest.com\\\/lfprinterparts\\\/\"],\"description\":\"LARGE FORMAT PRINTER PARTS SRL is your trusted one-stop shop for all your digital printing needs. Headquartered in Namur, Belgium, we sell spare parts, supplies and accessories for eco-solvent, solvent, latex and UV digital wide-format printers. As a company with a long-standing commitment to excellence, we pride ourselves on being a reliable source of original spares for the large format printing industry, offering an extensive selection of products from top brands such as Roland, Mimaki, Mutoh, Summa, OKI, Afga, Durst, EFI, and many more.\",\"email\":\"info@lfprinterparts.com\",\"telephone\":\"+3281728850\",\"legalName\":\"LARGE FORMAT PRINTER PARTS\",\"foundingDate\":\"2020-07-01\",\"vatID\":\"BE0749.512.268\",\"taxID\":\"0749512268\",\"publishingPrinciples\":\"https:\\\/\\\/www.lfprinterparts.com\\\/about-us\\\/\",\"ownershipFundingInfo\":\"https:\\\/\\\/www.lfprinterparts.com\\\/about-us\\\/\"}]}<\/script>\n<meta property=\"product:brand\" content=\"LFPP \u00ae\" \/>\n<meta property=\"product:price:amount\" content=\"2.00\" \/>\n<meta property=\"product:price:currency\" content=\"EUR\" \/>\n<meta property=\"og:availability\" content=\"instock\" \/>\n<meta property=\"product:availability\" content=\"instock\" \/>\n<meta property=\"product:retailer_item_id\" content=\"SP13LF00650\" \/>\n<meta property=\"product:condition\" content=\"new\" \/>\n<!-- \/ Yoast SEO Premium plugin. -->","yoast_head_json":{"title":"LFPP \u00ae Large Damper (2 mm) pour Epson DX4","description":"LFPP \u00ae Large Damper (2 mm) pour imprimantes DX4 est un damper g\u00e9n\u00e9rique r\u00e9sistant aux solvants et adapt\u00e9 pour Roland \u00ae, Mutoh \u00ae et Mimaki.","robots":{"index":"index","follow":"follow","max-snippet":"max-snippet:-1","max-image-preview":"max-image-preview:large","max-video-preview":"max-video-preview:-1"},"canonical":"https:\/\/www.lfprinterparts.com\/fr\/produit\/lfpp-large-damper-2-mm-for-dx4-based-printers\/","og_locale":"fr_FR","og_type":"article","og_title":"LFPP \u00ae Large Damper (2 mm) pour Epson DX4","og_description":"LFPP \u00ae Large Damper (2 mm) pour imprimantes DX4 est un damper g\u00e9n\u00e9rique r\u00e9sistant aux solvants et adapt\u00e9 aux imprimantes Roland \u00ae, Mutoh \u00ae et Mimaki \u00ae utilisant des t\u00eates d'impression Epson DX4 avec un connecteur de 2 mm.","og_url":"https:\/\/www.lfprinterparts.com\/fr\/produit\/lfpp-large-damper-2-mm-for-dx4-based-printers\/","og_site_name":"Large Format Printer Parts","article_publisher":"https:\/\/www.facebook.com\/largeformatprinterparts\/","article_modified_time":"2025-04-11T13:32:56+00:00","og_image":[{"width":640,"height":640,"url":"https:\/\/www.lfprinterparts.com\/wp-content\/uploads\/LFPP-Large-Damper-2-mm-for-DX4-Based-Printers.jpg","type":"image\/jpeg"}],"twitter_card":"summary_large_image","twitter_site":"@LFPrinterParts","twitter_misc":{"Prix":"&euro;2,00","Disponibilit\u00e9":"En stock"},"schema":{"@context":"https:\/\/schema.org","@graph":[{"@type":["WebPage","ItemPage"],"@id":"https:\/\/www.lfprinterparts.com\/fr\/produit\/lfpp-large-damper-2-mm-for-dx4-based-printers\/","url":"https:\/\/www.lfprinterparts.com\/fr\/produit\/lfpp-large-damper-2-mm-for-dx4-based-printers\/","name":"LFPP \u00ae Large Damper (2 mm) pour Epson DX4","isPartOf":{"@id":"https:\/\/www.lfprinterparts.com\/fr\/#website"},"primaryImageOfPage":{"@id":"https:\/\/www.lfprinterparts.com\/fr\/produit\/lfpp-large-damper-2-mm-for-dx4-based-printers\/#primaryimage"},"image":{"@id":"https:\/\/www.lfprinterparts.com\/fr\/produit\/lfpp-large-damper-2-mm-for-dx4-based-printers\/#primaryimage"},"thumbnailUrl":"https:\/\/www.lfprinterparts.com\/wp-content\/uploads\/LFPP-Large-Damper-2-mm-for-DX4-Based-Printers.jpg","datePublished":"2021-10-13T09:55:40+00:00","dateModified":"2025-04-11T13:32:56+00:00","description":"LFPP \u00ae Large Damper (2 mm) pour imprimantes DX4 est un damper g\u00e9n\u00e9rique r\u00e9sistant aux solvants et adapt\u00e9 pour Roland \u00ae, Mutoh \u00ae et Mimaki.","breadcrumb":{"@id":"https:\/\/www.lfprinterparts.com\/fr\/produit\/lfpp-large-damper-2-mm-for-dx4-based-printers\/#breadcrumb"},"inLanguage":"fr-FR","potentialAction":[{"@type":"ReadAction","target":["https:\/\/www.lfprinterparts.com\/fr\/produit\/lfpp-large-damper-2-mm-for-dx4-based-printers\/"]}]},{"@type":"ImageObject","inLanguage":"fr-FR","@id":"https:\/\/www.lfprinterparts.com\/fr\/produit\/lfpp-large-damper-2-mm-for-dx4-based-printers\/#primaryimage","url":"https:\/\/www.lfprinterparts.com\/wp-content\/uploads\/LFPP-Large-Damper-2-mm-for-DX4-Based-Printers.jpg","contentUrl":"https:\/\/www.lfprinterparts.com\/wp-content\/uploads\/LFPP-Large-Damper-2-mm-for-DX4-Based-Printers.jpg","width":640,"height":640},{"@type":"BreadcrumbList","@id":"https:\/\/www.lfprinterparts.com\/fr\/produit\/lfpp-large-damper-2-mm-for-dx4-based-printers\/#breadcrumb","itemListElement":[{"@type":"ListItem","position":1,"name":"Home","item":"https:\/\/www.lfprinterparts.com\/fr\/"},{"@type":"ListItem","position":2,"name":"Boutique","item":"https:\/\/www.lfprinterparts.com\/fr\/boutique\/"},{"@type":"ListItem","position":3,"name":"LFPP \u00ae Large Damper (2 mm) pour Epson DX4"}]},{"@type":"WebSite","@id":"https:\/\/www.lfprinterparts.com\/fr\/#website","url":"https:\/\/www.lfprinterparts.com\/fr\/","name":"Large Format Printer Parts","description":"All for Your Wide Format Printer","publisher":{"@id":"https:\/\/www.lfprinterparts.com\/fr\/#organization"},"alternateName":"LFPP","potentialAction":[{"@type":"SearchAction","target":{"@type":"EntryPoint","urlTemplate":"https:\/\/www.lfprinterparts.com\/fr\/?s={search_term_string}"},"query-input":{"@type":"PropertyValueSpecification","valueRequired":true,"valueName":"search_term_string"}}],"inLanguage":"fr-FR"},{"@type":"Organization","@id":"https:\/\/www.lfprinterparts.com\/fr\/#organization","name":"Large Format Printer Parts","alternateName":"LFPP","url":"https:\/\/www.lfprinterparts.com\/fr\/","logo":{"@type":"ImageObject","inLanguage":"fr-FR","@id":"https:\/\/www.lfprinterparts.com\/fr\/#\/schema\/logo\/image\/","url":"https:\/\/www.lfprinterparts.com\/wp-content\/uploads\/2020\/03\/lfpp-square-logo-email.png","contentUrl":"https:\/\/www.lfprinterparts.com\/wp-content\/uploads\/2020\/03\/lfpp-square-logo-email.png","width":200,"height":200,"caption":"Large Format Printer Parts"},"image":{"@id":"https:\/\/www.lfprinterparts.com\/fr\/#\/schema\/logo\/image\/"},"sameAs":["https:\/\/www.facebook.com\/largeformatprinterparts\/","https:\/\/x.com\/LFPrinterParts","https:\/\/www.linkedin.com\/company\/lf-printer-parts\/","https:\/\/www.instagram.com\/lfprinterparts\/","https:\/\/fr.pinterest.com\/lfprinterparts\/"],"description":"LARGE FORMAT PRINTER PARTS SRL is your trusted one-stop shop for all your digital printing needs. Headquartered in Namur, Belgium, we sell spare parts, supplies and accessories for eco-solvent, solvent, latex and UV digital wide-format printers. As a company with a long-standing commitment to excellence, we pride ourselves on being a reliable source of original spares for the large format printing industry, offering an extensive selection of products from top brands such as Roland, Mimaki, Mutoh, Summa, OKI, Afga, Durst, EFI, and many more.","email":"info@lfprinterparts.com","telephone":"+3281728850","legalName":"LARGE FORMAT PRINTER PARTS","foundingDate":"2020-07-01","vatID":"BE0749.512.268","taxID":"0749512268","publishingPrinciples":"https:\/\/www.lfprinterparts.com\/about-us\/","ownershipFundingInfo":"https:\/\/www.lfprinterparts.com\/about-us\/"}]},"product_brand":"LFPP \u00ae","product_price_amount":"2.00","product_price_currency":"EUR","og_availability":"instock","product_availability":"instock","product_retailer_item_id":"SP13LF00650","product_condition":"new"},"brands":[{"id":2788,"name":"LFPP \u00ae","slug":"lfpp-fr"}],"_links":{"self":[{"href":"https:\/\/www.lfprinterparts.com\/fr\/wp-json\/wp\/v2\/product\/12503","targetHints":{"allow":["GET"]}}],"collection":[{"href":"https:\/\/www.lfprinterparts.com\/fr\/wp-json\/wp\/v2\/product"}],"about":[{"href":"https:\/\/www.lfprinterparts.com\/fr\/wp-json\/wp\/v2\/types\/product"}],"replies":[{"embeddable":true,"href":"https:\/\/www.lfprinterparts.com\/fr\/wp-json\/wp\/v2\/comments?post=12503"}],"wp:featuredmedia":[{"embeddable":true,"href":"https:\/\/www.lfprinterparts.com\/fr\/wp-json\/wp\/v2\/media\/11814"}],"wp:attachment":[{"href":"https:\/\/www.lfprinterparts.com\/fr\/wp-json\/wp\/v2\/media?parent=12503"}],"wp:term":[{"taxonomy":"pwb-brand","embeddable":true,"href":"https:\/\/www.lfprinterparts.com\/fr\/wp-json\/wp\/v2\/pwb-brand?post=12503"},{"taxonomy":"product_brand","embeddable":true,"href":"https:\/\/www.lfprinterparts.com\/fr\/wp-json\/wp\/v2\/product_brand?post=12503"},{"taxonomy":"product_cat","embeddable":true,"href":"https:\/\/www.lfprinterparts.com\/fr\/wp-json\/wp\/v2\/product_cat?post=12503"},{"taxonomy":"product_tag","embeddable":true,"href":"https:\/\/www.lfprinterparts.com\/fr\/wp-json\/wp\/v2\/product_tag?post=12503"},{"taxonomy":"compatibility","embeddable":true,"href":"https:\/\/www.lfprinterparts.com\/fr\/wp-json\/wp\/v2\/compatibility?post=12503"}],"curies":[{"name":"wp","href":"https:\/\/api.w.org\/{rel}","templated":true}]}}