{"id":12339,"date":"2022-04-26T10:49:35","date_gmt":"2022-04-26T09:49:35","guid":{"rendered":"https:\/\/www.lfprinterparts.com\/product\/fujifilm-dimatix-starfire-sg1024-ma-2c-print-head\/"},"modified":"2025-01-24T17:57:26","modified_gmt":"2025-01-24T16:57:26","slug":"fujifilm-dimatix-starfire-sg1024-ma-2c-print-head","status":"publish","type":"product","link":"https:\/\/www.lfprinterparts.com\/fr\/produit\/fujifilm-dimatix-starfire-sg1024-ma-2c-print-head\/","title":{"rendered":"Fujifilm\u00ae Dimatix StarFire SG1024\/MA-2C Print Head"},"content":{"rendered":"<div>\n<h2>Description de produit<\/h2>\n<\/div>\n<p>La t\u00eate d&#8217;impression StarFire SG1024\/MA-2C est une innovation r\u00e9volutionnaire en mati\u00e8re de jet d&#8217;encre pour les applications d&#8217;impression et de d\u00e9coration \u00e0 haute performance. Elle est sp\u00e9cialement con\u00e7ue pour les syst\u00e8mes de num\u00e9risation \u00e0 grande vitesse et les syst\u00e8mes industriels \u00e0 passage unique d&#8217;aujourd&#8217;hui. Il s&#8217;agit d&#8217;une t\u00eate d&#8217;impression \u00e0 la demande, facile \u00e0 int\u00e9grer et tr\u00e8s performante, pour un fonctionnement en deux couleurs \u00e0 des r\u00e9solutions allant jusqu&#8217;\u00e0 200 dpi. Sa construction robuste et r\u00e9parable la rend id\u00e9ale pour le textile, le grand format, l&#8217;impression commerciale et la d\u00e9coration.<\/p>\n<p>Associant des performances de jet sup\u00e9rieures \u00e0 une densit\u00e9 \u00e9lev\u00e9e de buses dans une unit\u00e9 compacte et autonome, la StarFire SG1024\/MA-2C utilise des mat\u00e9riaux \u00e9prouv\u00e9s sur le terrain pour offrir une longue dur\u00e9e de vie et un rendement constant et fiable.<\/p>\n<p>Chaque t\u00eate d&#8217;impression SG1024\/MA-2C dispose de deux trajets d&#8217;encre s\u00e9par\u00e9s, chacun avec 512 canaux ind\u00e9pendants dispos\u00e9s en 4 rang\u00e9es dans une seule plaque de buses pour des r\u00e9solutions allant jusqu&#8217;\u00e0 200 dpi. Les 1024 buses peuvent \u00eatre activ\u00e9es simultan\u00e9ment ou individuellement.<\/p>\n<p>\u00c9quip\u00e9e d&#8217;une plaque \u00e0 buses unique, durable, mont\u00e9e sur un collier et rev\u00eatue de m\u00e9tal pour r\u00e9sister \u00e0 l&#8217;abrasion et aux dommages, elle est amovible pour le nettoyage ou le remplacement. La t\u00eate d&#8217;impression a une taille de goutte nominale de 30 picolitres avec des fluides de jet dans la gamme de 8 \u00e0 20 centipoises. Lorsqu&#8217;elle est associ\u00e9e \u00e0 la technologie de jet VersaDrop\u2122, la SG1024\/MA-2C peut produire des tailles de gouttes allant jusqu&#8217;\u00e0 80 picolitres et des niveaux de gris complets sans p\u00e9naliser la productivit\u00e9.<\/p>\n<p>La StarFire SG1024\/MA-2C est compatible avec les encres et les fluides de maintenance \u00e0 base de solvant, \u00e0 s\u00e9chage UV et aqueux. Gr\u00e2ce \u00e0 la technologie RediJet\u2122, la SG1024\/MA-2C recycle en permanence les encres dans la t\u00eate d&#8217;impression au niveau de la buse et de la chambre de recharge pour augmenter le temps ouvert, r\u00e9duire les temps d&#8217;arr\u00eat et am\u00e9liorer le d\u00e9marrage, notamment pour les encres hautement pigment\u00e9es et \u00e0 s\u00e9chage rapide. RediJet permet aux t\u00eates d&#8217;impression StarFire d&#8217;\u00eatre amorc\u00e9es rapidement et facilement avec un minimum de pertes d&#8217;encre, augmentant ainsi la capacit\u00e9 productive inh\u00e9rente du syst\u00e8me d&#8217;impression en r\u00e9duisant les temps de maintenance et les co\u00fbts associ\u00e9s.<\/p>\n<p>La t\u00eate d&#8217;impression StarFire SG1024\/MA-2C poss\u00e8de des interfaces simplifi\u00e9es. L&#8217;interface \u00e9lectrique se compose d&#8217;un connecteur \u00e0 60 broches situ\u00e9 sur le dessus pour l&#8217;alimentation, la mise \u00e0 la terre, les donn\u00e9es, les signaux de commande et l&#8217;impulsion de feu. Deux connexions de fluide pour chaque canal de couleur facilitent l&#8217;amor\u00e7age, le rin\u00e7age et la recirculation continue de l&#8217;encre et se connectent \u00e0 une alimentation en encre via un raccord Luer.<\/p>\n<p>La configuration de chauffage comprend un r\u00e9chauffeur\/thermistance interne pour un contr\u00f4le pr\u00e9cis de la viscosit\u00e9 de l&#8217;encre \u00e0 des temp\u00e9ratures allant jusqu&#8217;\u00e0 55\u00b0C. Les points d&#8217;enregistrement pr\u00e9cis permettent un alignement imm\u00e9diat avec les \u00e9l\u00e9ments de montage fournis par le client, ce qui r\u00e9duit les co\u00fbts de mise en place et d&#8217;alignement lors du remplacement de la t\u00eate d&#8217;impression. Ils permettent \u00e9galement de regrouper avec pr\u00e9cision plusieurs t\u00eates d&#8217;impression en barres d&#8217;impression pour les dispositifs d&#8217;impression \u00e0 grande largeur, \u00e0 haute r\u00e9solution et \u00e0 couleurs multiples.<\/p>\n<p>&nbsp;<\/p>\n<div>\n<h2>R\u00e9f\u00e9rence produit<\/h2>\n<\/div>\n<ul>\n<li>Marque: <a href=\"https:\/\/www.lfprinterparts.com\/fr\/brand\/fujifilm-dimatix\/\">Fujifilm Dimatix<\/a> \u00ae<\/li>\n<li>R\u00e9f\u00e9rence fabricant: SG-1024\/MA-2C<\/li>\n<\/ul>\n<p>&nbsp;<\/p>\n<h2>Caract\u00e9ristiques<\/h2>\n<ul>\n<li>Incorporate VersaDrop\u2122 binary and grayscale jetting<\/li>\n<li>Continuous ink recirculation with RediJet\u2122<\/li>\n<li>T\u00eate 2 couleurs<\/li>\n<li>Largeur d&#8217;impression: 64.96 mm [2.55 in.]<\/li>\n<li>Taille de goutte: 30 picolitres<\/li>\n<li>Nombre total de buses: 1024 (two separate ink paths each with 512 independent channels)<\/li>\n<li>Espacement des buses: 0.0635 mm [0.0025 in.]<\/li>\n<li>Fr\u00e9quence max: 30 kHz for 30 picoliter droplets, 11kHz for 80 picoliter droplets.<\/li>\n<li>Resolution: Up to 200 dpi<\/li>\n<li>Temp\u00e9rature d&#8217;utilisation: up to 55\u00b0C<\/li>\n<li>Compatibilit\u00e9 d&#8217;encre: UV-curable, organic solvents, and aqueous inks<\/li>\n<\/ul>\n<div><\/div>\n","protected":false},"excerpt":{"rendered":"<p>La t\u00eate d&#8217;impression Dimatix StarFire SG1024\/MA-2C est compatible avec les encres \u00e0 base de solvant, \u00e0 s\u00e9chage UV et aqueuses, ainsi qu&#8217;avec les fluides de maintenance.<\/p>\n","protected":false},"featured_media":11112,"comment_status":"open","ping_status":"closed","template":"","meta":[],"pwb-brand":[2778],"product_brand":[],"product_cat":[2701],"product_tag":[],"compatibility":[],"class_list":{"0":"post-12339","1":"product","2":"type-product","3":"status-publish","4":"has-post-thumbnail","6":"pwb-brand-fujifilm-dimatix-fr","7":"product_cat-tetes-impression","8":"pa_droplet-range-30-80-pl-fr","9":"pa_firing-frequency-30-khz-fr","10":"pa_hs-code-8443992050-fr","11":"pa_number-of-nozzles-1024-fr-2","12":"pa_resolution-200-dpi-fr","14":"first","15":"onbackorder","16":"taxable","17":"shipping-taxable","18":"purchasable","19":"product-type-simple"},"yoast_head":"<!-- This site is optimized with the Yoast SEO Premium plugin v27.6 (Yoast SEO v27.6) - https:\/\/yoast.com\/product\/yoast-seo-premium-wordpress\/ -->\n<title>Fujifilm\u00ae Dimatix StarFire SG1024\/MA-2C Print Head<\/title>\n<meta name=\"description\" content=\"La t\u00eate d&#039;impression Dimatix StarFire SG1024\/MA-2C est compatible avec les encres \u00e0 base de solvant, UV, aqueuses, ainsi qu&#039;avec les fluides de maintenance.\" \/>\n<meta name=\"robots\" content=\"index, follow, max-snippet:-1, max-image-preview:large, max-video-preview:-1\" \/>\n<link rel=\"canonical\" href=\"https:\/\/www.lfprinterparts.com\/fr\/produit\/fujifilm-dimatix-starfire-sg1024-ma-2c-print-head\/\" \/>\n<meta property=\"og:locale\" content=\"fr_FR\" \/>\n<meta property=\"og:type\" content=\"article\" \/>\n<meta property=\"og:title\" content=\"Fujifilm\u00ae Dimatix StarFire SG1024\/MA-2C Print Head\" \/>\n<meta property=\"og:description\" content=\"La t\u00eate d&#039;impression Dimatix StarFire SG1024\/MA-2C est compatible avec les encres \u00e0 base de solvant, \u00e0 s\u00e9chage UV et aqueuses, ainsi qu&#039;avec les fluides de maintenance.\" \/>\n<meta property=\"og:url\" content=\"https:\/\/www.lfprinterparts.com\/fr\/produit\/fujifilm-dimatix-starfire-sg1024-ma-2c-print-head\/\" \/>\n<meta property=\"og:site_name\" content=\"Large Format Printer Parts\" \/>\n<meta property=\"article:publisher\" content=\"https:\/\/www.facebook.com\/largeformatprinterparts\/\" \/>\n<meta property=\"article:modified_time\" content=\"2025-01-24T16:57:26+00:00\" \/>\n<meta property=\"og:image\" content=\"https:\/\/www.lfprinterparts.com\/wp-content\/uploads\/Fujifilm-Dimatix-StarFire-SG1024MC.jpg\" \/>\n\t<meta property=\"og:image:width\" content=\"640\" \/>\n\t<meta property=\"og:image:height\" content=\"640\" \/>\n\t<meta property=\"og:image:type\" content=\"image\/jpeg\" \/>\n<meta name=\"twitter:card\" content=\"summary_large_image\" \/>\n<meta name=\"twitter:site\" content=\"@LFPrinterParts\" \/>\n<meta name=\"twitter:label1\" content=\"Prix\" \/>\n\t<meta name=\"twitter:data1\" content=\"&euro;2 750,00\" \/>\n\t<meta name=\"twitter:label2\" content=\"Disponibilit\u00e9\" \/>\n\t<meta name=\"twitter:data2\" content=\"En r\u00e9assort\" \/>\n<script type=\"application\/ld+json\" class=\"yoast-schema-graph\">{\"@context\":\"https:\\\/\\\/schema.org\",\"@graph\":[{\"@type\":[\"WebPage\",\"ItemPage\"],\"@id\":\"https:\\\/\\\/www.lfprinterparts.com\\\/fr\\\/produit\\\/fujifilm-dimatix-starfire-sg1024-ma-2c-print-head\\\/\",\"url\":\"https:\\\/\\\/www.lfprinterparts.com\\\/fr\\\/produit\\\/fujifilm-dimatix-starfire-sg1024-ma-2c-print-head\\\/\",\"name\":\"Fujifilm\u00ae Dimatix StarFire SG1024\\\/MA-2C Print Head\",\"isPartOf\":{\"@id\":\"https:\\\/\\\/www.lfprinterparts.com\\\/fr\\\/#website\"},\"primaryImageOfPage\":{\"@id\":\"https:\\\/\\\/www.lfprinterparts.com\\\/fr\\\/produit\\\/fujifilm-dimatix-starfire-sg1024-ma-2c-print-head\\\/#primaryimage\"},\"image\":{\"@id\":\"https:\\\/\\\/www.lfprinterparts.com\\\/fr\\\/produit\\\/fujifilm-dimatix-starfire-sg1024-ma-2c-print-head\\\/#primaryimage\"},\"thumbnailUrl\":\"https:\\\/\\\/www.lfprinterparts.com\\\/wp-content\\\/uploads\\\/Fujifilm-Dimatix-StarFire-SG1024MC.jpg\",\"datePublished\":\"2022-04-26T09:49:35+00:00\",\"dateModified\":\"2025-01-24T16:57:26+00:00\",\"description\":\"La t\u00eate d'impression Dimatix StarFire SG1024\\\/MA-2C est compatible avec les encres \u00e0 base de solvant, UV, aqueuses, ainsi qu'avec les fluides de maintenance.\",\"breadcrumb\":{\"@id\":\"https:\\\/\\\/www.lfprinterparts.com\\\/fr\\\/produit\\\/fujifilm-dimatix-starfire-sg1024-ma-2c-print-head\\\/#breadcrumb\"},\"inLanguage\":\"fr-FR\",\"potentialAction\":[{\"@type\":\"ReadAction\",\"target\":[\"https:\\\/\\\/www.lfprinterparts.com\\\/fr\\\/produit\\\/fujifilm-dimatix-starfire-sg1024-ma-2c-print-head\\\/\"]}]},{\"@type\":\"ImageObject\",\"inLanguage\":\"fr-FR\",\"@id\":\"https:\\\/\\\/www.lfprinterparts.com\\\/fr\\\/produit\\\/fujifilm-dimatix-starfire-sg1024-ma-2c-print-head\\\/#primaryimage\",\"url\":\"https:\\\/\\\/www.lfprinterparts.com\\\/wp-content\\\/uploads\\\/Fujifilm-Dimatix-StarFire-SG1024MC.jpg\",\"contentUrl\":\"https:\\\/\\\/www.lfprinterparts.com\\\/wp-content\\\/uploads\\\/Fujifilm-Dimatix-StarFire-SG1024MC.jpg\",\"width\":640,\"height\":640},{\"@type\":\"BreadcrumbList\",\"@id\":\"https:\\\/\\\/www.lfprinterparts.com\\\/fr\\\/produit\\\/fujifilm-dimatix-starfire-sg1024-ma-2c-print-head\\\/#breadcrumb\",\"itemListElement\":[{\"@type\":\"ListItem\",\"position\":1,\"name\":\"Home\",\"item\":\"https:\\\/\\\/www.lfprinterparts.com\\\/fr\\\/\"},{\"@type\":\"ListItem\",\"position\":2,\"name\":\"Boutique\",\"item\":\"https:\\\/\\\/www.lfprinterparts.com\\\/fr\\\/boutique\\\/\"},{\"@type\":\"ListItem\",\"position\":3,\"name\":\"Fujifilm\u00ae Dimatix StarFire SG1024\\\/MA-2C Print Head\"}]},{\"@type\":\"WebSite\",\"@id\":\"https:\\\/\\\/www.lfprinterparts.com\\\/fr\\\/#website\",\"url\":\"https:\\\/\\\/www.lfprinterparts.com\\\/fr\\\/\",\"name\":\"Large Format Printer Parts\",\"description\":\"All for Your Wide Format Printer\",\"publisher\":{\"@id\":\"https:\\\/\\\/www.lfprinterparts.com\\\/fr\\\/#organization\"},\"alternateName\":\"LFPP\",\"potentialAction\":[{\"@type\":\"SearchAction\",\"target\":{\"@type\":\"EntryPoint\",\"urlTemplate\":\"https:\\\/\\\/www.lfprinterparts.com\\\/fr\\\/?s={search_term_string}\"},\"query-input\":{\"@type\":\"PropertyValueSpecification\",\"valueRequired\":true,\"valueName\":\"search_term_string\"}}],\"inLanguage\":\"fr-FR\"},{\"@type\":\"Organization\",\"@id\":\"https:\\\/\\\/www.lfprinterparts.com\\\/fr\\\/#organization\",\"name\":\"Large Format Printer Parts\",\"alternateName\":\"LFPP\",\"url\":\"https:\\\/\\\/www.lfprinterparts.com\\\/fr\\\/\",\"logo\":{\"@type\":\"ImageObject\",\"inLanguage\":\"fr-FR\",\"@id\":\"https:\\\/\\\/www.lfprinterparts.com\\\/fr\\\/#\\\/schema\\\/logo\\\/image\\\/\",\"url\":\"https:\\\/\\\/www.lfprinterparts.com\\\/wp-content\\\/uploads\\\/2020\\\/03\\\/lfpp-square-logo-email.png\",\"contentUrl\":\"https:\\\/\\\/www.lfprinterparts.com\\\/wp-content\\\/uploads\\\/2020\\\/03\\\/lfpp-square-logo-email.png\",\"width\":200,\"height\":200,\"caption\":\"Large Format Printer Parts\"},\"image\":{\"@id\":\"https:\\\/\\\/www.lfprinterparts.com\\\/fr\\\/#\\\/schema\\\/logo\\\/image\\\/\"},\"sameAs\":[\"https:\\\/\\\/www.facebook.com\\\/largeformatprinterparts\\\/\",\"https:\\\/\\\/x.com\\\/LFPrinterParts\",\"https:\\\/\\\/www.linkedin.com\\\/company\\\/lf-printer-parts\\\/\",\"https:\\\/\\\/www.instagram.com\\\/lfprinterparts\\\/\",\"https:\\\/\\\/fr.pinterest.com\\\/lfprinterparts\\\/\"],\"description\":\"LARGE FORMAT PRINTER PARTS SRL is your trusted one-stop shop for all your digital printing needs. Headquartered in Namur, Belgium, we sell spare parts, supplies and accessories for eco-solvent, solvent, latex and UV digital wide-format printers. As a company with a long-standing commitment to excellence, we pride ourselves on being a reliable source of original spares for the large format printing industry, offering an extensive selection of products from top brands such as Roland, Mimaki, Mutoh, Summa, OKI, Afga, Durst, EFI, and many more.\",\"email\":\"info@lfprinterparts.com\",\"telephone\":\"+3281728850\",\"legalName\":\"LARGE FORMAT PRINTER PARTS\",\"foundingDate\":\"2020-07-01\",\"vatID\":\"BE0749.512.268\",\"taxID\":\"0749512268\",\"publishingPrinciples\":\"https:\\\/\\\/www.lfprinterparts.com\\\/about-us\\\/\",\"ownershipFundingInfo\":\"https:\\\/\\\/www.lfprinterparts.com\\\/about-us\\\/\"}]}<\/script>\n<meta property=\"product:brand\" content=\"Fujifilm Dimatix \u00ae\" \/>\n<meta property=\"product:price:amount\" content=\"2750.00\" \/>\n<meta property=\"product:price:currency\" content=\"EUR\" \/>\n<meta property=\"og:availability\" content=\"backorder\" \/>\n<meta property=\"product:availability\" content=\"available for order\" \/>\n<meta property=\"product:retailer_item_id\" content=\"SP11FU00818\" \/>\n<meta property=\"product:condition\" content=\"new\" \/>\n<!-- \/ Yoast SEO Premium plugin. -->","yoast_head_json":{"title":"Fujifilm\u00ae Dimatix StarFire SG1024\/MA-2C Print Head","description":"La t\u00eate d'impression Dimatix StarFire SG1024\/MA-2C est compatible avec les encres \u00e0 base de solvant, UV, aqueuses, ainsi qu'avec les fluides de maintenance.","robots":{"index":"index","follow":"follow","max-snippet":"max-snippet:-1","max-image-preview":"max-image-preview:large","max-video-preview":"max-video-preview:-1"},"canonical":"https:\/\/www.lfprinterparts.com\/fr\/produit\/fujifilm-dimatix-starfire-sg1024-ma-2c-print-head\/","og_locale":"fr_FR","og_type":"article","og_title":"Fujifilm\u00ae Dimatix StarFire SG1024\/MA-2C Print Head","og_description":"La t\u00eate d'impression Dimatix StarFire SG1024\/MA-2C est compatible avec les encres \u00e0 base de solvant, \u00e0 s\u00e9chage UV et aqueuses, ainsi qu'avec les fluides de maintenance.","og_url":"https:\/\/www.lfprinterparts.com\/fr\/produit\/fujifilm-dimatix-starfire-sg1024-ma-2c-print-head\/","og_site_name":"Large Format Printer Parts","article_publisher":"https:\/\/www.facebook.com\/largeformatprinterparts\/","article_modified_time":"2025-01-24T16:57:26+00:00","og_image":[{"width":640,"height":640,"url":"https:\/\/www.lfprinterparts.com\/wp-content\/uploads\/Fujifilm-Dimatix-StarFire-SG1024MC.jpg","type":"image\/jpeg"}],"twitter_card":"summary_large_image","twitter_site":"@LFPrinterParts","twitter_misc":{"Prix":"&euro;2 750,00","Disponibilit\u00e9":"En r\u00e9assort"},"schema":{"@context":"https:\/\/schema.org","@graph":[{"@type":["WebPage","ItemPage"],"@id":"https:\/\/www.lfprinterparts.com\/fr\/produit\/fujifilm-dimatix-starfire-sg1024-ma-2c-print-head\/","url":"https:\/\/www.lfprinterparts.com\/fr\/produit\/fujifilm-dimatix-starfire-sg1024-ma-2c-print-head\/","name":"Fujifilm\u00ae Dimatix StarFire SG1024\/MA-2C Print Head","isPartOf":{"@id":"https:\/\/www.lfprinterparts.com\/fr\/#website"},"primaryImageOfPage":{"@id":"https:\/\/www.lfprinterparts.com\/fr\/produit\/fujifilm-dimatix-starfire-sg1024-ma-2c-print-head\/#primaryimage"},"image":{"@id":"https:\/\/www.lfprinterparts.com\/fr\/produit\/fujifilm-dimatix-starfire-sg1024-ma-2c-print-head\/#primaryimage"},"thumbnailUrl":"https:\/\/www.lfprinterparts.com\/wp-content\/uploads\/Fujifilm-Dimatix-StarFire-SG1024MC.jpg","datePublished":"2022-04-26T09:49:35+00:00","dateModified":"2025-01-24T16:57:26+00:00","description":"La t\u00eate d'impression Dimatix StarFire SG1024\/MA-2C est compatible avec les encres \u00e0 base de solvant, UV, aqueuses, ainsi qu'avec les fluides de maintenance.","breadcrumb":{"@id":"https:\/\/www.lfprinterparts.com\/fr\/produit\/fujifilm-dimatix-starfire-sg1024-ma-2c-print-head\/#breadcrumb"},"inLanguage":"fr-FR","potentialAction":[{"@type":"ReadAction","target":["https:\/\/www.lfprinterparts.com\/fr\/produit\/fujifilm-dimatix-starfire-sg1024-ma-2c-print-head\/"]}]},{"@type":"ImageObject","inLanguage":"fr-FR","@id":"https:\/\/www.lfprinterparts.com\/fr\/produit\/fujifilm-dimatix-starfire-sg1024-ma-2c-print-head\/#primaryimage","url":"https:\/\/www.lfprinterparts.com\/wp-content\/uploads\/Fujifilm-Dimatix-StarFire-SG1024MC.jpg","contentUrl":"https:\/\/www.lfprinterparts.com\/wp-content\/uploads\/Fujifilm-Dimatix-StarFire-SG1024MC.jpg","width":640,"height":640},{"@type":"BreadcrumbList","@id":"https:\/\/www.lfprinterparts.com\/fr\/produit\/fujifilm-dimatix-starfire-sg1024-ma-2c-print-head\/#breadcrumb","itemListElement":[{"@type":"ListItem","position":1,"name":"Home","item":"https:\/\/www.lfprinterparts.com\/fr\/"},{"@type":"ListItem","position":2,"name":"Boutique","item":"https:\/\/www.lfprinterparts.com\/fr\/boutique\/"},{"@type":"ListItem","position":3,"name":"Fujifilm\u00ae Dimatix StarFire SG1024\/MA-2C Print Head"}]},{"@type":"WebSite","@id":"https:\/\/www.lfprinterparts.com\/fr\/#website","url":"https:\/\/www.lfprinterparts.com\/fr\/","name":"Large Format Printer Parts","description":"All for Your Wide Format Printer","publisher":{"@id":"https:\/\/www.lfprinterparts.com\/fr\/#organization"},"alternateName":"LFPP","potentialAction":[{"@type":"SearchAction","target":{"@type":"EntryPoint","urlTemplate":"https:\/\/www.lfprinterparts.com\/fr\/?s={search_term_string}"},"query-input":{"@type":"PropertyValueSpecification","valueRequired":true,"valueName":"search_term_string"}}],"inLanguage":"fr-FR"},{"@type":"Organization","@id":"https:\/\/www.lfprinterparts.com\/fr\/#organization","name":"Large Format Printer Parts","alternateName":"LFPP","url":"https:\/\/www.lfprinterparts.com\/fr\/","logo":{"@type":"ImageObject","inLanguage":"fr-FR","@id":"https:\/\/www.lfprinterparts.com\/fr\/#\/schema\/logo\/image\/","url":"https:\/\/www.lfprinterparts.com\/wp-content\/uploads\/2020\/03\/lfpp-square-logo-email.png","contentUrl":"https:\/\/www.lfprinterparts.com\/wp-content\/uploads\/2020\/03\/lfpp-square-logo-email.png","width":200,"height":200,"caption":"Large Format Printer Parts"},"image":{"@id":"https:\/\/www.lfprinterparts.com\/fr\/#\/schema\/logo\/image\/"},"sameAs":["https:\/\/www.facebook.com\/largeformatprinterparts\/","https:\/\/x.com\/LFPrinterParts","https:\/\/www.linkedin.com\/company\/lf-printer-parts\/","https:\/\/www.instagram.com\/lfprinterparts\/","https:\/\/fr.pinterest.com\/lfprinterparts\/"],"description":"LARGE FORMAT PRINTER PARTS SRL is your trusted one-stop shop for all your digital printing needs. Headquartered in Namur, Belgium, we sell spare parts, supplies and accessories for eco-solvent, solvent, latex and UV digital wide-format printers. As a company with a long-standing commitment to excellence, we pride ourselves on being a reliable source of original spares for the large format printing industry, offering an extensive selection of products from top brands such as Roland, Mimaki, Mutoh, Summa, OKI, Afga, Durst, EFI, and many more.","email":"info@lfprinterparts.com","telephone":"+3281728850","legalName":"LARGE FORMAT PRINTER PARTS","foundingDate":"2020-07-01","vatID":"BE0749.512.268","taxID":"0749512268","publishingPrinciples":"https:\/\/www.lfprinterparts.com\/about-us\/","ownershipFundingInfo":"https:\/\/www.lfprinterparts.com\/about-us\/"}]},"product_brand":"Fujifilm Dimatix \u00ae","product_price_amount":"2750.00","product_price_currency":"EUR","og_availability":"backorder","product_availability":"available for order","product_retailer_item_id":"SP11FU00818","product_condition":"new"},"brands":[{"id":2778,"name":"Fujifilm Dimatix \u00ae","slug":"fujifilm-dimatix-fr"}],"_links":{"self":[{"href":"https:\/\/www.lfprinterparts.com\/fr\/wp-json\/wp\/v2\/product\/12339","targetHints":{"allow":["GET"]}}],"collection":[{"href":"https:\/\/www.lfprinterparts.com\/fr\/wp-json\/wp\/v2\/product"}],"about":[{"href":"https:\/\/www.lfprinterparts.com\/fr\/wp-json\/wp\/v2\/types\/product"}],"replies":[{"embeddable":true,"href":"https:\/\/www.lfprinterparts.com\/fr\/wp-json\/wp\/v2\/comments?post=12339"}],"wp:featuredmedia":[{"embeddable":true,"href":"https:\/\/www.lfprinterparts.com\/fr\/wp-json\/wp\/v2\/media\/11112"}],"wp:attachment":[{"href":"https:\/\/www.lfprinterparts.com\/fr\/wp-json\/wp\/v2\/media?parent=12339"}],"wp:term":[{"taxonomy":"pwb-brand","embeddable":true,"href":"https:\/\/www.lfprinterparts.com\/fr\/wp-json\/wp\/v2\/pwb-brand?post=12339"},{"taxonomy":"product_brand","embeddable":true,"href":"https:\/\/www.lfprinterparts.com\/fr\/wp-json\/wp\/v2\/product_brand?post=12339"},{"taxonomy":"product_cat","embeddable":true,"href":"https:\/\/www.lfprinterparts.com\/fr\/wp-json\/wp\/v2\/product_cat?post=12339"},{"taxonomy":"product_tag","embeddable":true,"href":"https:\/\/www.lfprinterparts.com\/fr\/wp-json\/wp\/v2\/product_tag?post=12339"},{"taxonomy":"compatibility","embeddable":true,"href":"https:\/\/www.lfprinterparts.com\/fr\/wp-json\/wp\/v2\/compatibility?post=12339"}],"curies":[{"name":"wp","href":"https:\/\/api.w.org\/{rel}","templated":true}]}}