{"id":12328,"date":"2022-05-20T13:34:22","date_gmt":"2022-05-20T12:34:22","guid":{"rendered":"https:\/\/www.lfprinterparts.com\/product\/lfpp-damper-for-epson-i3200-a1-water-print-head\/"},"modified":"2026-04-30T14:57:19","modified_gmt":"2026-04-30T13:57:19","slug":"lfpp-damper-for-epson-i3200-a1-water-print-head","status":"publish","type":"product","link":"https:\/\/www.lfprinterparts.com\/fr\/produit\/lfpp-damper-for-epson-i3200-a1-water-print-head\/","title":{"rendered":"LFPP \u00ae Damper pour Epson i3200\/XP600\/5113"},"content":{"rendered":"<div>\n<h2>Description de produit<\/h2>\n<p>LFPP \u00ae damper pour t\u00eate d&#8217;impression \u00e0 base aqueuse Epson i3200 A1, Epson XP600 et Epson 5113.<\/p>\n<p>&nbsp;<\/p>\n<h2>R\u00e9f\u00e9rence produit<\/h2>\n<\/div>\n<ul>\n<li>Marque: <a href=\"https:\/\/www.lfprinterparts.com\/fr\/brand\/lfpp\/\">LFPP<\/a> \u00ae<\/li>\n<\/ul>\n<p>&nbsp;<\/p>\n<div>\n<h2><span lang=\"EN-US\">Compatibilit\u00e9 imprimante<\/span><\/h2>\n<\/div>\n<ul>\n<li>Imprimantes bas\u00e9es chinoises bas\u00e9es sur la technologie de t\u00eate d&#8217;impression Epson \u00ae i3200<\/li>\n<li>Imprimantes bas\u00e9es chinoises bas\u00e9es sur la technologie de t\u00eate d&#8217;impression Epson \u00ae XP600<\/li>\n<li>Imprimantes bas\u00e9es chinoises bas\u00e9es sur la technologie de t\u00eate d&#8217;impression Epson \u00ae 5113<\/li>\n<\/ul>\n","protected":false},"excerpt":{"rendered":"<p>LFPP \u00ae damper pour t\u00eate d&#8217;impression \u00e0 base aqueuse Epson i3200 A1.<\/p>\n","protected":false},"featured_media":11796,"comment_status":"open","ping_status":"closed","template":"","meta":[],"pwb-brand":[2788],"product_brand":[],"product_cat":[2676],"product_tag":[],"compatibility":[],"class_list":{"0":"post-12328","1":"product","2":"type-product","3":"status-publish","4":"has-post-thumbnail","6":"pwb-brand-lfpp-fr","7":"product_cat-dampers-fr","8":"pa_hs-code-8443992050-fr","10":"first","11":"onbackorder","12":"taxable","13":"shipping-taxable","14":"purchasable","15":"product-type-simple"},"yoast_head":"<!-- This site is optimized with the Yoast SEO Premium plugin v27.5 (Yoast SEO v27.5) - https:\/\/yoast.com\/product\/yoast-seo-premium-wordpress\/ -->\n<title>LFPP \u00ae Damper pour Epson i3200\/XP600\/5113<\/title>\n<meta name=\"description\" content=\"LFPP \u00ae damper pour t\u00eate d&#039;impression \u00e0 base aqueuse Epson i3200 A1, Epson XP600 et Epson 5113. \u2713 Prix imbattables \u2713 Livraison express \u2713 Garantie\" \/>\n<meta name=\"robots\" content=\"index, follow, max-snippet:-1, max-image-preview:large, max-video-preview:-1\" \/>\n<link rel=\"canonical\" href=\"https:\/\/www.lfprinterparts.com\/fr\/produit\/lfpp-damper-for-epson-i3200-a1-water-print-head\/\" \/>\n<meta property=\"og:locale\" content=\"fr_FR\" \/>\n<meta property=\"og:type\" content=\"article\" \/>\n<meta property=\"og:title\" content=\"LFPP \u00ae Damper pour Epson i3200\/XP600\/5113\" \/>\n<meta property=\"og:description\" content=\"LFPP \u00ae damper pour t\u00eate d&#039;impression \u00e0 base aqueuse Epson i3200 A1.\" \/>\n<meta property=\"og:url\" content=\"https:\/\/www.lfprinterparts.com\/fr\/produit\/lfpp-damper-for-epson-i3200-a1-water-print-head\/\" \/>\n<meta property=\"og:site_name\" content=\"Large Format Printer Parts\" \/>\n<meta property=\"article:publisher\" content=\"https:\/\/www.facebook.com\/largeformatprinterparts\/\" \/>\n<meta property=\"article:modified_time\" content=\"2026-04-30T13:57:19+00:00\" \/>\n<meta property=\"og:image\" content=\"https:\/\/www.lfprinterparts.com\/wp-content\/uploads\/Epson-i3200-damper.jpg\" \/>\n\t<meta property=\"og:image:width\" content=\"640\" \/>\n\t<meta property=\"og:image:height\" content=\"640\" \/>\n\t<meta property=\"og:image:type\" content=\"image\/jpeg\" \/>\n<meta name=\"twitter:card\" content=\"summary_large_image\" \/>\n<meta name=\"twitter:site\" content=\"@LFPrinterParts\" \/>\n<meta name=\"twitter:label1\" content=\"Prix\" \/>\n\t<meta name=\"twitter:data1\" content=\"&euro;5,00\" \/>\n\t<meta name=\"twitter:label2\" content=\"Disponibilit\u00e9\" \/>\n\t<meta name=\"twitter:data2\" content=\"En r\u00e9assort\" \/>\n<script type=\"application\/ld+json\" class=\"yoast-schema-graph\">{\"@context\":\"https:\\\/\\\/schema.org\",\"@graph\":[{\"@type\":[\"WebPage\",\"ItemPage\"],\"@id\":\"https:\\\/\\\/www.lfprinterparts.com\\\/fr\\\/produit\\\/lfpp-damper-for-epson-i3200-a1-water-print-head\\\/\",\"url\":\"https:\\\/\\\/www.lfprinterparts.com\\\/fr\\\/produit\\\/lfpp-damper-for-epson-i3200-a1-water-print-head\\\/\",\"name\":\"LFPP \u00ae Damper pour Epson i3200\\\/XP600\\\/5113\",\"isPartOf\":{\"@id\":\"https:\\\/\\\/www.lfprinterparts.com\\\/fr\\\/#website\"},\"primaryImageOfPage\":{\"@id\":\"https:\\\/\\\/www.lfprinterparts.com\\\/fr\\\/produit\\\/lfpp-damper-for-epson-i3200-a1-water-print-head\\\/#primaryimage\"},\"image\":{\"@id\":\"https:\\\/\\\/www.lfprinterparts.com\\\/fr\\\/produit\\\/lfpp-damper-for-epson-i3200-a1-water-print-head\\\/#primaryimage\"},\"thumbnailUrl\":\"https:\\\/\\\/www.lfprinterparts.com\\\/wp-content\\\/uploads\\\/Epson-i3200-damper.jpg\",\"datePublished\":\"2022-05-20T12:34:22+00:00\",\"dateModified\":\"2026-04-30T13:57:19+00:00\",\"description\":\"LFPP \u00ae damper pour t\u00eate d'impression \u00e0 base aqueuse Epson i3200 A1, Epson XP600 et Epson 5113. \u2713 Prix imbattables \u2713 Livraison express \u2713 Garantie\",\"breadcrumb\":{\"@id\":\"https:\\\/\\\/www.lfprinterparts.com\\\/fr\\\/produit\\\/lfpp-damper-for-epson-i3200-a1-water-print-head\\\/#breadcrumb\"},\"inLanguage\":\"fr-FR\",\"potentialAction\":[{\"@type\":\"ReadAction\",\"target\":[\"https:\\\/\\\/www.lfprinterparts.com\\\/fr\\\/produit\\\/lfpp-damper-for-epson-i3200-a1-water-print-head\\\/\"]}]},{\"@type\":\"ImageObject\",\"inLanguage\":\"fr-FR\",\"@id\":\"https:\\\/\\\/www.lfprinterparts.com\\\/fr\\\/produit\\\/lfpp-damper-for-epson-i3200-a1-water-print-head\\\/#primaryimage\",\"url\":\"https:\\\/\\\/www.lfprinterparts.com\\\/wp-content\\\/uploads\\\/Epson-i3200-damper.jpg\",\"contentUrl\":\"https:\\\/\\\/www.lfprinterparts.com\\\/wp-content\\\/uploads\\\/Epson-i3200-damper.jpg\",\"width\":640,\"height\":640},{\"@type\":\"BreadcrumbList\",\"@id\":\"https:\\\/\\\/www.lfprinterparts.com\\\/fr\\\/produit\\\/lfpp-damper-for-epson-i3200-a1-water-print-head\\\/#breadcrumb\",\"itemListElement\":[{\"@type\":\"ListItem\",\"position\":1,\"name\":\"Home\",\"item\":\"https:\\\/\\\/www.lfprinterparts.com\\\/fr\\\/\"},{\"@type\":\"ListItem\",\"position\":2,\"name\":\"Boutique\",\"item\":\"https:\\\/\\\/www.lfprinterparts.com\\\/fr\\\/boutique\\\/\"},{\"@type\":\"ListItem\",\"position\":3,\"name\":\"LFPP \u00ae Damper pour Epson i3200\\\/XP600\\\/5113\"}]},{\"@type\":\"WebSite\",\"@id\":\"https:\\\/\\\/www.lfprinterparts.com\\\/fr\\\/#website\",\"url\":\"https:\\\/\\\/www.lfprinterparts.com\\\/fr\\\/\",\"name\":\"Large Format Printer Parts\",\"description\":\"All for Your Wide Format Printer\",\"publisher\":{\"@id\":\"https:\\\/\\\/www.lfprinterparts.com\\\/fr\\\/#organization\"},\"alternateName\":\"LFPP\",\"potentialAction\":[{\"@type\":\"SearchAction\",\"target\":{\"@type\":\"EntryPoint\",\"urlTemplate\":\"https:\\\/\\\/www.lfprinterparts.com\\\/fr\\\/?s={search_term_string}\"},\"query-input\":{\"@type\":\"PropertyValueSpecification\",\"valueRequired\":true,\"valueName\":\"search_term_string\"}}],\"inLanguage\":\"fr-FR\"},{\"@type\":\"Organization\",\"@id\":\"https:\\\/\\\/www.lfprinterparts.com\\\/fr\\\/#organization\",\"name\":\"Large Format Printer Parts\",\"alternateName\":\"LFPP\",\"url\":\"https:\\\/\\\/www.lfprinterparts.com\\\/fr\\\/\",\"logo\":{\"@type\":\"ImageObject\",\"inLanguage\":\"fr-FR\",\"@id\":\"https:\\\/\\\/www.lfprinterparts.com\\\/fr\\\/#\\\/schema\\\/logo\\\/image\\\/\",\"url\":\"https:\\\/\\\/www.lfprinterparts.com\\\/wp-content\\\/uploads\\\/2020\\\/03\\\/lfpp-square-logo-email.png\",\"contentUrl\":\"https:\\\/\\\/www.lfprinterparts.com\\\/wp-content\\\/uploads\\\/2020\\\/03\\\/lfpp-square-logo-email.png\",\"width\":200,\"height\":200,\"caption\":\"Large Format Printer Parts\"},\"image\":{\"@id\":\"https:\\\/\\\/www.lfprinterparts.com\\\/fr\\\/#\\\/schema\\\/logo\\\/image\\\/\"},\"sameAs\":[\"https:\\\/\\\/www.facebook.com\\\/largeformatprinterparts\\\/\",\"https:\\\/\\\/x.com\\\/LFPrinterParts\",\"https:\\\/\\\/www.linkedin.com\\\/company\\\/lf-printer-parts\\\/\",\"https:\\\/\\\/www.instagram.com\\\/lfprinterparts\\\/\",\"https:\\\/\\\/fr.pinterest.com\\\/lfprinterparts\\\/\"],\"description\":\"LARGE FORMAT PRINTER PARTS SRL is your trusted one-stop shop for all your digital printing needs. Headquartered in Namur, Belgium, we sell spare parts, supplies and accessories for eco-solvent, solvent, latex and UV digital wide-format printers. As a company with a long-standing commitment to excellence, we pride ourselves on being a reliable source of original spares for the large format printing industry, offering an extensive selection of products from top brands such as Roland, Mimaki, Mutoh, Summa, OKI, Afga, Durst, EFI, and many more.\",\"email\":\"info@lfprinterparts.com\",\"telephone\":\"+3281728850\",\"legalName\":\"LARGE FORMAT PRINTER PARTS\",\"foundingDate\":\"2020-07-01\",\"vatID\":\"BE0749.512.268\",\"taxID\":\"0749512268\",\"publishingPrinciples\":\"https:\\\/\\\/www.lfprinterparts.com\\\/about-us\\\/\",\"ownershipFundingInfo\":\"https:\\\/\\\/www.lfprinterparts.com\\\/about-us\\\/\"}]}<\/script>\n<meta property=\"product:brand\" content=\"LFPP \u00ae\" \/>\n<meta property=\"product:price:amount\" content=\"5.00\" \/>\n<meta property=\"product:price:currency\" content=\"EUR\" \/>\n<meta property=\"og:availability\" content=\"backorder\" \/>\n<meta property=\"product:availability\" content=\"available for order\" \/>\n<meta property=\"product:retailer_item_id\" content=\"SP13LF00828\" \/>\n<meta property=\"product:condition\" content=\"new\" \/>\n<!-- \/ Yoast SEO Premium plugin. -->","yoast_head_json":{"title":"LFPP \u00ae Damper pour Epson i3200\/XP600\/5113","description":"LFPP \u00ae damper pour t\u00eate d'impression \u00e0 base aqueuse Epson i3200 A1, Epson XP600 et Epson 5113. \u2713 Prix imbattables \u2713 Livraison express \u2713 Garantie","robots":{"index":"index","follow":"follow","max-snippet":"max-snippet:-1","max-image-preview":"max-image-preview:large","max-video-preview":"max-video-preview:-1"},"canonical":"https:\/\/www.lfprinterparts.com\/fr\/produit\/lfpp-damper-for-epson-i3200-a1-water-print-head\/","og_locale":"fr_FR","og_type":"article","og_title":"LFPP \u00ae Damper pour Epson i3200\/XP600\/5113","og_description":"LFPP \u00ae damper pour t\u00eate d'impression \u00e0 base aqueuse Epson i3200 A1.","og_url":"https:\/\/www.lfprinterparts.com\/fr\/produit\/lfpp-damper-for-epson-i3200-a1-water-print-head\/","og_site_name":"Large Format Printer Parts","article_publisher":"https:\/\/www.facebook.com\/largeformatprinterparts\/","article_modified_time":"2026-04-30T13:57:19+00:00","og_image":[{"width":640,"height":640,"url":"https:\/\/www.lfprinterparts.com\/wp-content\/uploads\/Epson-i3200-damper.jpg","type":"image\/jpeg"}],"twitter_card":"summary_large_image","twitter_site":"@LFPrinterParts","twitter_misc":{"Prix":"&euro;5,00","Disponibilit\u00e9":"En r\u00e9assort"},"schema":{"@context":"https:\/\/schema.org","@graph":[{"@type":["WebPage","ItemPage"],"@id":"https:\/\/www.lfprinterparts.com\/fr\/produit\/lfpp-damper-for-epson-i3200-a1-water-print-head\/","url":"https:\/\/www.lfprinterparts.com\/fr\/produit\/lfpp-damper-for-epson-i3200-a1-water-print-head\/","name":"LFPP \u00ae Damper pour Epson i3200\/XP600\/5113","isPartOf":{"@id":"https:\/\/www.lfprinterparts.com\/fr\/#website"},"primaryImageOfPage":{"@id":"https:\/\/www.lfprinterparts.com\/fr\/produit\/lfpp-damper-for-epson-i3200-a1-water-print-head\/#primaryimage"},"image":{"@id":"https:\/\/www.lfprinterparts.com\/fr\/produit\/lfpp-damper-for-epson-i3200-a1-water-print-head\/#primaryimage"},"thumbnailUrl":"https:\/\/www.lfprinterparts.com\/wp-content\/uploads\/Epson-i3200-damper.jpg","datePublished":"2022-05-20T12:34:22+00:00","dateModified":"2026-04-30T13:57:19+00:00","description":"LFPP \u00ae damper pour t\u00eate d'impression \u00e0 base aqueuse Epson i3200 A1, Epson XP600 et Epson 5113. \u2713 Prix imbattables \u2713 Livraison express \u2713 Garantie","breadcrumb":{"@id":"https:\/\/www.lfprinterparts.com\/fr\/produit\/lfpp-damper-for-epson-i3200-a1-water-print-head\/#breadcrumb"},"inLanguage":"fr-FR","potentialAction":[{"@type":"ReadAction","target":["https:\/\/www.lfprinterparts.com\/fr\/produit\/lfpp-damper-for-epson-i3200-a1-water-print-head\/"]}]},{"@type":"ImageObject","inLanguage":"fr-FR","@id":"https:\/\/www.lfprinterparts.com\/fr\/produit\/lfpp-damper-for-epson-i3200-a1-water-print-head\/#primaryimage","url":"https:\/\/www.lfprinterparts.com\/wp-content\/uploads\/Epson-i3200-damper.jpg","contentUrl":"https:\/\/www.lfprinterparts.com\/wp-content\/uploads\/Epson-i3200-damper.jpg","width":640,"height":640},{"@type":"BreadcrumbList","@id":"https:\/\/www.lfprinterparts.com\/fr\/produit\/lfpp-damper-for-epson-i3200-a1-water-print-head\/#breadcrumb","itemListElement":[{"@type":"ListItem","position":1,"name":"Home","item":"https:\/\/www.lfprinterparts.com\/fr\/"},{"@type":"ListItem","position":2,"name":"Boutique","item":"https:\/\/www.lfprinterparts.com\/fr\/boutique\/"},{"@type":"ListItem","position":3,"name":"LFPP \u00ae Damper pour Epson i3200\/XP600\/5113"}]},{"@type":"WebSite","@id":"https:\/\/www.lfprinterparts.com\/fr\/#website","url":"https:\/\/www.lfprinterparts.com\/fr\/","name":"Large Format Printer Parts","description":"All for Your Wide Format Printer","publisher":{"@id":"https:\/\/www.lfprinterparts.com\/fr\/#organization"},"alternateName":"LFPP","potentialAction":[{"@type":"SearchAction","target":{"@type":"EntryPoint","urlTemplate":"https:\/\/www.lfprinterparts.com\/fr\/?s={search_term_string}"},"query-input":{"@type":"PropertyValueSpecification","valueRequired":true,"valueName":"search_term_string"}}],"inLanguage":"fr-FR"},{"@type":"Organization","@id":"https:\/\/www.lfprinterparts.com\/fr\/#organization","name":"Large Format Printer Parts","alternateName":"LFPP","url":"https:\/\/www.lfprinterparts.com\/fr\/","logo":{"@type":"ImageObject","inLanguage":"fr-FR","@id":"https:\/\/www.lfprinterparts.com\/fr\/#\/schema\/logo\/image\/","url":"https:\/\/www.lfprinterparts.com\/wp-content\/uploads\/2020\/03\/lfpp-square-logo-email.png","contentUrl":"https:\/\/www.lfprinterparts.com\/wp-content\/uploads\/2020\/03\/lfpp-square-logo-email.png","width":200,"height":200,"caption":"Large Format Printer Parts"},"image":{"@id":"https:\/\/www.lfprinterparts.com\/fr\/#\/schema\/logo\/image\/"},"sameAs":["https:\/\/www.facebook.com\/largeformatprinterparts\/","https:\/\/x.com\/LFPrinterParts","https:\/\/www.linkedin.com\/company\/lf-printer-parts\/","https:\/\/www.instagram.com\/lfprinterparts\/","https:\/\/fr.pinterest.com\/lfprinterparts\/"],"description":"LARGE FORMAT PRINTER PARTS SRL is your trusted one-stop shop for all your digital printing needs. Headquartered in Namur, Belgium, we sell spare parts, supplies and accessories for eco-solvent, solvent, latex and UV digital wide-format printers. As a company with a long-standing commitment to excellence, we pride ourselves on being a reliable source of original spares for the large format printing industry, offering an extensive selection of products from top brands such as Roland, Mimaki, Mutoh, Summa, OKI, Afga, Durst, EFI, and many more.","email":"info@lfprinterparts.com","telephone":"+3281728850","legalName":"LARGE FORMAT PRINTER PARTS","foundingDate":"2020-07-01","vatID":"BE0749.512.268","taxID":"0749512268","publishingPrinciples":"https:\/\/www.lfprinterparts.com\/about-us\/","ownershipFundingInfo":"https:\/\/www.lfprinterparts.com\/about-us\/"}]},"product_brand":"LFPP \u00ae","product_price_amount":"5.00","product_price_currency":"EUR","og_availability":"backorder","product_availability":"available for order","product_retailer_item_id":"SP13LF00828","product_condition":"new"},"brands":[{"id":2788,"name":"LFPP \u00ae","slug":"lfpp-fr"}],"_links":{"self":[{"href":"https:\/\/www.lfprinterparts.com\/fr\/wp-json\/wp\/v2\/product\/12328","targetHints":{"allow":["GET"]}}],"collection":[{"href":"https:\/\/www.lfprinterparts.com\/fr\/wp-json\/wp\/v2\/product"}],"about":[{"href":"https:\/\/www.lfprinterparts.com\/fr\/wp-json\/wp\/v2\/types\/product"}],"replies":[{"embeddable":true,"href":"https:\/\/www.lfprinterparts.com\/fr\/wp-json\/wp\/v2\/comments?post=12328"}],"wp:featuredmedia":[{"embeddable":true,"href":"https:\/\/www.lfprinterparts.com\/fr\/wp-json\/wp\/v2\/media\/11796"}],"wp:attachment":[{"href":"https:\/\/www.lfprinterparts.com\/fr\/wp-json\/wp\/v2\/media?parent=12328"}],"wp:term":[{"taxonomy":"pwb-brand","embeddable":true,"href":"https:\/\/www.lfprinterparts.com\/fr\/wp-json\/wp\/v2\/pwb-brand?post=12328"},{"taxonomy":"product_brand","embeddable":true,"href":"https:\/\/www.lfprinterparts.com\/fr\/wp-json\/wp\/v2\/product_brand?post=12328"},{"taxonomy":"product_cat","embeddable":true,"href":"https:\/\/www.lfprinterparts.com\/fr\/wp-json\/wp\/v2\/product_cat?post=12328"},{"taxonomy":"product_tag","embeddable":true,"href":"https:\/\/www.lfprinterparts.com\/fr\/wp-json\/wp\/v2\/product_tag?post=12328"},{"taxonomy":"compatibility","embeddable":true,"href":"https:\/\/www.lfprinterparts.com\/fr\/wp-json\/wp\/v2\/compatibility?post=12328"}],"curies":[{"name":"wp","href":"https:\/\/api.w.org\/{rel}","templated":true}]}}