{"id":12264,"date":"2022-12-06T14:46:25","date_gmt":"2022-12-06T13:46:25","guid":{"rendered":"https:\/\/www.lfprinterparts.com\/product\/mutoh-eco-solvent-ultra-inks-440-ml\/"},"modified":"2023-12-04T16:22:37","modified_gmt":"2023-12-04T14:22:37","slug":"mutoh-eco-solvent-ultra-inks-440-ml","status":"publish","type":"product","link":"https:\/\/www.lfprinterparts.com\/fr\/produit\/mutoh-eco-solvent-ultra-inks-440-ml\/","title":{"rendered":"Mutoh \u00ae Eco Solvent Ultra &#8211; Inks 440 ml"},"content":{"rendered":"<div>\n<h2>Description de produit<\/h2>\n<p>Les encres MS31 sont la nouvelle g\u00e9n\u00e9ration d&#8217;encres \u00e9co-solvant de Mutoh. Les am\u00e9liorations d\u00e9velopp\u00e9es sp\u00e9cifiquement pour la MS31 comprennent une gamme de couleurs plus large, une meilleure adh\u00e9rence, un gain de points am\u00e9lior\u00e9 ainsi qu&#8217;une excellente r\u00e9sistance aux intemp\u00e9ries, \u00e0 l&#8217;abrasion et aux produits chimiques, ce qui se traduit par une qualit\u00e9 d&#8217;image am\u00e9lior\u00e9e. Les encres MS-31 sont certifi\u00e9es Avery ICS et 3M Performance Guaranteed Qualified, ainsi que GREENGUARD Gold Certified.<\/p>\n<p>&nbsp;<\/p>\n<h3>Caract\u00e9ristiques<\/h3>\n<ul>\n<li>Gamme de couleurs \u00e9tendue<\/li>\n<li>Am\u00e9lioration de l&#8217;impression dans les zones \u00e0 haute densit\u00e9<\/li>\n<li>Excellente r\u00e9sistance aux intemp\u00e9ries (plus de 3 ans sans laminage), \u00e0 l&#8217;abrasion et aux produits chimiques<\/li>\n<li>Efficacit\u00e9 des cartouches de grande capacit\u00e9 220 ml et 440 ml et des sacs d&#8217;encre 1000mil<\/li>\n<li>Proc\u00e9dure d&#8217;entretien hebdomadaire ais\u00e9e<\/li>\n<li><a href=\"https:\/\/cdn.shopify.com\/s\/files\/1\/0068\/0244\/0276\/files\/VJ-MS31_GREENGUARD_Gold_Certification.pdf?v=1633022704\">Certifi\u00e9 GREENGUARD Gold Impression <\/a><\/li>\n<li>7 couleurs (CMYK + Cyan clair + Magenta clair + Noir clair) pour obtenir des d\u00e9grad\u00e9s lisses et moins granuleux<\/li>\n<li>Dur\u00e9e de conservation de 2 ans (24 mois \u00e0 partir de la date de fabrication)<\/li>\n<\/ul>\n<p>&nbsp;<\/p>\n<h2>R\u00e9f\u00e9rence produit<\/h2>\n<ul>\n<li>Marque: <a href=\"https:\/\/www.lfprinterparts.com\/fr\/brand\/mutoh\/\">Mutoh<\/a> \u00ae<\/li>\n<li>R\u00e9f\u00e9rence fabricant: VJ-MS31<\/li>\n<\/ul>\n<p>&nbsp;<\/p>\n<\/div>\n<div>\n<h2>Compatibilit\u00e9 imprimantes<\/h2>\n<\/div>\n<ul>\n<li>Mutoh \u00ae Valuejet (VJ-628\/1204X\/1624\/1638\/2638X)<\/li>\n<\/ul>\n","protected":false},"excerpt":{"rendered":"<p>Les encres MS31 sont la nouvelle g\u00e9n\u00e9ration d&#8217;encres \u00e9co-solvant de Mutoh. Les am\u00e9liorations d\u00e9velopp\u00e9es sp\u00e9cifiquement pour la MS31 comprennent une gamme de couleurs plus large, une meilleure adh\u00e9rence, un gain de points am\u00e9lior\u00e9 ainsi qu&#8217;une excellente r\u00e9sistance aux intemp\u00e9ries, \u00e0 l&#8217;abrasion et aux produits chimiques, ce qui se traduit par une qualit\u00e9 d&#8217;image am\u00e9lior\u00e9e.<\/p>\n","protected":false},"featured_media":11961,"comment_status":"open","ping_status":"closed","template":"","meta":[],"pwb-brand":[2869],"product_brand":[],"product_cat":[2680],"product_tag":[],"compatibility":[3591,3613,3623,3629,3638,3640],"class_list":{"0":"post-12264","1":"product","2":"type-product","3":"status-publish","4":"has-post-thumbnail","6":"pwb-brand-mutoh-fr","7":"product_cat-encres-inkjet","8":"pa_hs-code-8443992050-fr","9":"compatibility-mutoh-fr","10":"compatibility-valuejet-1324-fr","11":"compatibility-valuejet-1624-fr","12":"compatibility-valuejet-1638-fr","13":"compatibility-valuejet-2638x-fr","14":"compatibility-valuejet-628-fr","16":"first","17":"onbackorder","18":"taxable","19":"shipping-taxable","20":"purchasable","21":"product-type-variable"},"yoast_head":"<!-- This site is optimized with the Yoast SEO Premium plugin v27.3 (Yoast SEO v27.3) - https:\/\/yoast.com\/product\/yoast-seo-premium-wordpress\/ -->\n<title>Mutoh \u00ae Eco Solvent Ultra - Inks 440 ml | Large Format Printer Parts<\/title>\n<meta name=\"description\" content=\"Les encres \u00e9co-solvants MS31 de Mutoh offrent une excellente r\u00e9sistance aux intemp\u00e9ries, \u00e0 l&#039;abrasion et aux produits chimiques.\" \/>\n<meta name=\"robots\" content=\"index, follow, max-snippet:-1, max-image-preview:large, max-video-preview:-1\" \/>\n<link rel=\"canonical\" href=\"https:\/\/www.lfprinterparts.com\/fr\/produit\/mutoh-eco-solvent-ultra-inks-440-ml\/\" \/>\n<meta property=\"og:locale\" content=\"fr_FR\" \/>\n<meta property=\"og:type\" content=\"article\" \/>\n<meta property=\"og:title\" content=\"Mutoh \u00ae Eco Solvent Ultra - Inks 440 ml\" \/>\n<meta property=\"og:description\" content=\"Les encres MS31 sont la nouvelle g\u00e9n\u00e9ration d&#039;encres \u00e9co-solvant de Mutoh. Les am\u00e9liorations d\u00e9velopp\u00e9es sp\u00e9cifiquement pour la MS31 comprennent une gamme de couleurs plus large, une meilleure adh\u00e9rence, un gain de points am\u00e9lior\u00e9 ainsi qu&#039;une excellente r\u00e9sistance aux intemp\u00e9ries, \u00e0 l&#039;abrasion et aux produits chimiques, ce qui se traduit par une qualit\u00e9 d&#039;image am\u00e9lior\u00e9e.\" \/>\n<meta property=\"og:url\" content=\"https:\/\/www.lfprinterparts.com\/fr\/produit\/mutoh-eco-solvent-ultra-inks-440-ml\/\" \/>\n<meta property=\"og:site_name\" content=\"Large Format Printer Parts\" \/>\n<meta property=\"article:publisher\" content=\"https:\/\/www.facebook.com\/largeformatprinterparts\/\" \/>\n<meta property=\"article:modified_time\" content=\"2023-12-04T14:22:37+00:00\" \/>\n<meta property=\"og:image\" content=\"https:\/\/www.lfprinterparts.com\/wp-content\/uploads\/Mutoh-Eco-Solvent-Ultra-inks-440-ml.jpg\" \/>\n\t<meta property=\"og:image:width\" content=\"640\" \/>\n\t<meta property=\"og:image:height\" content=\"640\" \/>\n\t<meta property=\"og:image:type\" content=\"image\/jpeg\" \/>\n<meta name=\"twitter:card\" content=\"summary_large_image\" \/>\n<meta name=\"twitter:site\" content=\"@LFPrinterParts\" \/>\n<meta name=\"twitter:label1\" content=\"Disponibilit\u00e9\" \/>\n\t<meta name=\"twitter:data1\" content=\"En r\u00e9assort\" \/>\n<script type=\"application\/ld+json\" class=\"yoast-schema-graph\">{\"@context\":\"https:\\\/\\\/schema.org\",\"@graph\":[{\"@type\":[\"WebPage\",\"ItemPage\"],\"@id\":\"https:\\\/\\\/www.lfprinterparts.com\\\/fr\\\/produit\\\/mutoh-eco-solvent-ultra-inks-440-ml\\\/\",\"url\":\"https:\\\/\\\/www.lfprinterparts.com\\\/fr\\\/produit\\\/mutoh-eco-solvent-ultra-inks-440-ml\\\/\",\"name\":\"Mutoh \u00ae Eco Solvent Ultra - Inks 440 ml | Large Format Printer Parts\",\"isPartOf\":{\"@id\":\"https:\\\/\\\/www.lfprinterparts.com\\\/fr\\\/#website\"},\"primaryImageOfPage\":{\"@id\":\"https:\\\/\\\/www.lfprinterparts.com\\\/fr\\\/produit\\\/mutoh-eco-solvent-ultra-inks-440-ml\\\/#primaryimage\"},\"image\":{\"@id\":\"https:\\\/\\\/www.lfprinterparts.com\\\/fr\\\/produit\\\/mutoh-eco-solvent-ultra-inks-440-ml\\\/#primaryimage\"},\"thumbnailUrl\":\"https:\\\/\\\/www.lfprinterparts.com\\\/wp-content\\\/uploads\\\/Mutoh-Eco-Solvent-Ultra-inks-440-ml.jpg\",\"datePublished\":\"2022-12-06T13:46:25+00:00\",\"dateModified\":\"2023-12-04T14:22:37+00:00\",\"description\":\"Les encres \u00e9co-solvants MS31 de Mutoh offrent une excellente r\u00e9sistance aux intemp\u00e9ries, \u00e0 l'abrasion et aux produits chimiques.\",\"breadcrumb\":{\"@id\":\"https:\\\/\\\/www.lfprinterparts.com\\\/fr\\\/produit\\\/mutoh-eco-solvent-ultra-inks-440-ml\\\/#breadcrumb\"},\"inLanguage\":\"fr-FR\",\"potentialAction\":[{\"@type\":\"ReadAction\",\"target\":[\"https:\\\/\\\/www.lfprinterparts.com\\\/fr\\\/produit\\\/mutoh-eco-solvent-ultra-inks-440-ml\\\/\"]}]},{\"@type\":\"ImageObject\",\"inLanguage\":\"fr-FR\",\"@id\":\"https:\\\/\\\/www.lfprinterparts.com\\\/fr\\\/produit\\\/mutoh-eco-solvent-ultra-inks-440-ml\\\/#primaryimage\",\"url\":\"https:\\\/\\\/www.lfprinterparts.com\\\/wp-content\\\/uploads\\\/Mutoh-Eco-Solvent-Ultra-inks-440-ml.jpg\",\"contentUrl\":\"https:\\\/\\\/www.lfprinterparts.com\\\/wp-content\\\/uploads\\\/Mutoh-Eco-Solvent-Ultra-inks-440-ml.jpg\",\"width\":640,\"height\":640},{\"@type\":\"BreadcrumbList\",\"@id\":\"https:\\\/\\\/www.lfprinterparts.com\\\/fr\\\/produit\\\/mutoh-eco-solvent-ultra-inks-440-ml\\\/#breadcrumb\",\"itemListElement\":[{\"@type\":\"ListItem\",\"position\":1,\"name\":\"Home\",\"item\":\"https:\\\/\\\/www.lfprinterparts.com\\\/fr\\\/\"},{\"@type\":\"ListItem\",\"position\":2,\"name\":\"Boutique\",\"item\":\"https:\\\/\\\/www.lfprinterparts.com\\\/fr\\\/boutique\\\/\"},{\"@type\":\"ListItem\",\"position\":3,\"name\":\"Mutoh \u00ae Eco Solvent Ultra &#8211; Inks 440 ml\"}]},{\"@type\":\"WebSite\",\"@id\":\"https:\\\/\\\/www.lfprinterparts.com\\\/fr\\\/#website\",\"url\":\"https:\\\/\\\/www.lfprinterparts.com\\\/fr\\\/\",\"name\":\"Large Format Printer Parts\",\"description\":\"All for Your Wide Format Printer\",\"publisher\":{\"@id\":\"https:\\\/\\\/www.lfprinterparts.com\\\/fr\\\/#organization\"},\"alternateName\":\"LFPP\",\"potentialAction\":[{\"@type\":\"SearchAction\",\"target\":{\"@type\":\"EntryPoint\",\"urlTemplate\":\"https:\\\/\\\/www.lfprinterparts.com\\\/fr\\\/?s={search_term_string}\"},\"query-input\":{\"@type\":\"PropertyValueSpecification\",\"valueRequired\":true,\"valueName\":\"search_term_string\"}}],\"inLanguage\":\"fr-FR\"},{\"@type\":\"Organization\",\"@id\":\"https:\\\/\\\/www.lfprinterparts.com\\\/fr\\\/#organization\",\"name\":\"Large Format Printer Parts\",\"alternateName\":\"LFPP\",\"url\":\"https:\\\/\\\/www.lfprinterparts.com\\\/fr\\\/\",\"logo\":{\"@type\":\"ImageObject\",\"inLanguage\":\"fr-FR\",\"@id\":\"https:\\\/\\\/www.lfprinterparts.com\\\/fr\\\/#\\\/schema\\\/logo\\\/image\\\/\",\"url\":\"https:\\\/\\\/www.lfprinterparts.com\\\/wp-content\\\/uploads\\\/2020\\\/03\\\/lfpp-square-logo-email.png\",\"contentUrl\":\"https:\\\/\\\/www.lfprinterparts.com\\\/wp-content\\\/uploads\\\/2020\\\/03\\\/lfpp-square-logo-email.png\",\"width\":200,\"height\":200,\"caption\":\"Large Format Printer Parts\"},\"image\":{\"@id\":\"https:\\\/\\\/www.lfprinterparts.com\\\/fr\\\/#\\\/schema\\\/logo\\\/image\\\/\"},\"sameAs\":[\"https:\\\/\\\/www.facebook.com\\\/largeformatprinterparts\\\/\",\"https:\\\/\\\/x.com\\\/LFPrinterParts\",\"https:\\\/\\\/www.linkedin.com\\\/company\\\/lf-printer-parts\\\/\",\"https:\\\/\\\/www.instagram.com\\\/lfprinterparts\\\/\",\"https:\\\/\\\/fr.pinterest.com\\\/lfprinterparts\\\/\"],\"description\":\"LARGE FORMAT PRINTER PARTS SRL is your trusted one-stop shop for all your digital printing needs. Headquartered in Namur, Belgium, we sell spare parts, supplies and accessories for eco-solvent, solvent, latex and UV digital wide-format printers. As a company with a long-standing commitment to excellence, we pride ourselves on being a reliable source of original spares for the large format printing industry, offering an extensive selection of products from top brands such as Roland, Mimaki, Mutoh, Summa, OKI, Afga, Durst, EFI, and many more.\",\"email\":\"info@lfprinterparts.com\",\"telephone\":\"+3281728850\",\"legalName\":\"LARGE FORMAT PRINTER PARTS\",\"foundingDate\":\"2020-07-01\",\"vatID\":\"BE0749.512.268\",\"taxID\":\"0749512268\",\"publishingPrinciples\":\"https:\\\/\\\/www.lfprinterparts.com\\\/about-us\\\/\",\"ownershipFundingInfo\":\"https:\\\/\\\/www.lfprinterparts.com\\\/about-us\\\/\"}]}<\/script>\n<meta property=\"product:brand\" content=\"Mutoh \u00ae\" \/>\n<meta property=\"og:availability\" content=\"backorder\" \/>\n<meta property=\"product:availability\" content=\"available for order\" \/>\n<meta property=\"product:retailer_item_id\" content=\"IN51MU00878\" \/>\n<meta property=\"product:condition\" content=\"new\" \/>\n<!-- \/ Yoast SEO Premium plugin. -->","yoast_head_json":{"title":"Mutoh \u00ae Eco Solvent Ultra - Inks 440 ml | Large Format Printer Parts","description":"Les encres \u00e9co-solvants MS31 de Mutoh offrent une excellente r\u00e9sistance aux intemp\u00e9ries, \u00e0 l'abrasion et aux produits chimiques.","robots":{"index":"index","follow":"follow","max-snippet":"max-snippet:-1","max-image-preview":"max-image-preview:large","max-video-preview":"max-video-preview:-1"},"canonical":"https:\/\/www.lfprinterparts.com\/fr\/produit\/mutoh-eco-solvent-ultra-inks-440-ml\/","og_locale":"fr_FR","og_type":"article","og_title":"Mutoh \u00ae Eco Solvent Ultra - Inks 440 ml","og_description":"Les encres MS31 sont la nouvelle g\u00e9n\u00e9ration d'encres \u00e9co-solvant de Mutoh. Les am\u00e9liorations d\u00e9velopp\u00e9es sp\u00e9cifiquement pour la MS31 comprennent une gamme de couleurs plus large, une meilleure adh\u00e9rence, un gain de points am\u00e9lior\u00e9 ainsi qu'une excellente r\u00e9sistance aux intemp\u00e9ries, \u00e0 l'abrasion et aux produits chimiques, ce qui se traduit par une qualit\u00e9 d'image am\u00e9lior\u00e9e.","og_url":"https:\/\/www.lfprinterparts.com\/fr\/produit\/mutoh-eco-solvent-ultra-inks-440-ml\/","og_site_name":"Large Format Printer Parts","article_publisher":"https:\/\/www.facebook.com\/largeformatprinterparts\/","article_modified_time":"2023-12-04T14:22:37+00:00","og_image":[{"width":640,"height":640,"url":"https:\/\/www.lfprinterparts.com\/wp-content\/uploads\/Mutoh-Eco-Solvent-Ultra-inks-440-ml.jpg","type":"image\/jpeg"}],"twitter_card":"summary_large_image","twitter_site":"@LFPrinterParts","twitter_misc":{"Disponibilit\u00e9":"En r\u00e9assort"},"schema":{"@context":"https:\/\/schema.org","@graph":[{"@type":["WebPage","ItemPage"],"@id":"https:\/\/www.lfprinterparts.com\/fr\/produit\/mutoh-eco-solvent-ultra-inks-440-ml\/","url":"https:\/\/www.lfprinterparts.com\/fr\/produit\/mutoh-eco-solvent-ultra-inks-440-ml\/","name":"Mutoh \u00ae Eco Solvent Ultra - Inks 440 ml | Large Format Printer Parts","isPartOf":{"@id":"https:\/\/www.lfprinterparts.com\/fr\/#website"},"primaryImageOfPage":{"@id":"https:\/\/www.lfprinterparts.com\/fr\/produit\/mutoh-eco-solvent-ultra-inks-440-ml\/#primaryimage"},"image":{"@id":"https:\/\/www.lfprinterparts.com\/fr\/produit\/mutoh-eco-solvent-ultra-inks-440-ml\/#primaryimage"},"thumbnailUrl":"https:\/\/www.lfprinterparts.com\/wp-content\/uploads\/Mutoh-Eco-Solvent-Ultra-inks-440-ml.jpg","datePublished":"2022-12-06T13:46:25+00:00","dateModified":"2023-12-04T14:22:37+00:00","description":"Les encres \u00e9co-solvants MS31 de Mutoh offrent une excellente r\u00e9sistance aux intemp\u00e9ries, \u00e0 l'abrasion et aux produits chimiques.","breadcrumb":{"@id":"https:\/\/www.lfprinterparts.com\/fr\/produit\/mutoh-eco-solvent-ultra-inks-440-ml\/#breadcrumb"},"inLanguage":"fr-FR","potentialAction":[{"@type":"ReadAction","target":["https:\/\/www.lfprinterparts.com\/fr\/produit\/mutoh-eco-solvent-ultra-inks-440-ml\/"]}]},{"@type":"ImageObject","inLanguage":"fr-FR","@id":"https:\/\/www.lfprinterparts.com\/fr\/produit\/mutoh-eco-solvent-ultra-inks-440-ml\/#primaryimage","url":"https:\/\/www.lfprinterparts.com\/wp-content\/uploads\/Mutoh-Eco-Solvent-Ultra-inks-440-ml.jpg","contentUrl":"https:\/\/www.lfprinterparts.com\/wp-content\/uploads\/Mutoh-Eco-Solvent-Ultra-inks-440-ml.jpg","width":640,"height":640},{"@type":"BreadcrumbList","@id":"https:\/\/www.lfprinterparts.com\/fr\/produit\/mutoh-eco-solvent-ultra-inks-440-ml\/#breadcrumb","itemListElement":[{"@type":"ListItem","position":1,"name":"Home","item":"https:\/\/www.lfprinterparts.com\/fr\/"},{"@type":"ListItem","position":2,"name":"Boutique","item":"https:\/\/www.lfprinterparts.com\/fr\/boutique\/"},{"@type":"ListItem","position":3,"name":"Mutoh \u00ae Eco Solvent Ultra &#8211; Inks 440 ml"}]},{"@type":"WebSite","@id":"https:\/\/www.lfprinterparts.com\/fr\/#website","url":"https:\/\/www.lfprinterparts.com\/fr\/","name":"Large Format Printer Parts","description":"All for Your Wide Format Printer","publisher":{"@id":"https:\/\/www.lfprinterparts.com\/fr\/#organization"},"alternateName":"LFPP","potentialAction":[{"@type":"SearchAction","target":{"@type":"EntryPoint","urlTemplate":"https:\/\/www.lfprinterparts.com\/fr\/?s={search_term_string}"},"query-input":{"@type":"PropertyValueSpecification","valueRequired":true,"valueName":"search_term_string"}}],"inLanguage":"fr-FR"},{"@type":"Organization","@id":"https:\/\/www.lfprinterparts.com\/fr\/#organization","name":"Large Format Printer Parts","alternateName":"LFPP","url":"https:\/\/www.lfprinterparts.com\/fr\/","logo":{"@type":"ImageObject","inLanguage":"fr-FR","@id":"https:\/\/www.lfprinterparts.com\/fr\/#\/schema\/logo\/image\/","url":"https:\/\/www.lfprinterparts.com\/wp-content\/uploads\/2020\/03\/lfpp-square-logo-email.png","contentUrl":"https:\/\/www.lfprinterparts.com\/wp-content\/uploads\/2020\/03\/lfpp-square-logo-email.png","width":200,"height":200,"caption":"Large Format Printer Parts"},"image":{"@id":"https:\/\/www.lfprinterparts.com\/fr\/#\/schema\/logo\/image\/"},"sameAs":["https:\/\/www.facebook.com\/largeformatprinterparts\/","https:\/\/x.com\/LFPrinterParts","https:\/\/www.linkedin.com\/company\/lf-printer-parts\/","https:\/\/www.instagram.com\/lfprinterparts\/","https:\/\/fr.pinterest.com\/lfprinterparts\/"],"description":"LARGE FORMAT PRINTER PARTS SRL is your trusted one-stop shop for all your digital printing needs. Headquartered in Namur, Belgium, we sell spare parts, supplies and accessories for eco-solvent, solvent, latex and UV digital wide-format printers. As a company with a long-standing commitment to excellence, we pride ourselves on being a reliable source of original spares for the large format printing industry, offering an extensive selection of products from top brands such as Roland, Mimaki, Mutoh, Summa, OKI, Afga, Durst, EFI, and many more.","email":"info@lfprinterparts.com","telephone":"+3281728850","legalName":"LARGE FORMAT PRINTER PARTS","foundingDate":"2020-07-01","vatID":"BE0749.512.268","taxID":"0749512268","publishingPrinciples":"https:\/\/www.lfprinterparts.com\/about-us\/","ownershipFundingInfo":"https:\/\/www.lfprinterparts.com\/about-us\/"}]},"product_brand":"Mutoh \u00ae","og_availability":"backorder","product_availability":"available for order","product_retailer_item_id":"IN51MU00878","product_condition":"new"},"brands":[{"id":2869,"name":"Mutoh \u00ae","slug":"mutoh-fr"}],"_links":{"self":[{"href":"https:\/\/www.lfprinterparts.com\/fr\/wp-json\/wp\/v2\/product\/12264","targetHints":{"allow":["GET"]}}],"collection":[{"href":"https:\/\/www.lfprinterparts.com\/fr\/wp-json\/wp\/v2\/product"}],"about":[{"href":"https:\/\/www.lfprinterparts.com\/fr\/wp-json\/wp\/v2\/types\/product"}],"replies":[{"embeddable":true,"href":"https:\/\/www.lfprinterparts.com\/fr\/wp-json\/wp\/v2\/comments?post=12264"}],"wp:featuredmedia":[{"embeddable":true,"href":"https:\/\/www.lfprinterparts.com\/fr\/wp-json\/wp\/v2\/media\/11961"}],"wp:attachment":[{"href":"https:\/\/www.lfprinterparts.com\/fr\/wp-json\/wp\/v2\/media?parent=12264"}],"wp:term":[{"taxonomy":"pwb-brand","embeddable":true,"href":"https:\/\/www.lfprinterparts.com\/fr\/wp-json\/wp\/v2\/pwb-brand?post=12264"},{"taxonomy":"product_brand","embeddable":true,"href":"https:\/\/www.lfprinterparts.com\/fr\/wp-json\/wp\/v2\/product_brand?post=12264"},{"taxonomy":"product_cat","embeddable":true,"href":"https:\/\/www.lfprinterparts.com\/fr\/wp-json\/wp\/v2\/product_cat?post=12264"},{"taxonomy":"product_tag","embeddable":true,"href":"https:\/\/www.lfprinterparts.com\/fr\/wp-json\/wp\/v2\/product_tag?post=12264"},{"taxonomy":"compatibility","embeddable":true,"href":"https:\/\/www.lfprinterparts.com\/fr\/wp-json\/wp\/v2\/compatibility?post=12264"}],"curies":[{"name":"wp","href":"https:\/\/api.w.org\/{rel}","templated":true}]}}