{"id":9744,"date":"2020-03-03T22:01:55","date_gmt":"2020-03-03T21:01:55","guid":{"rendered":"https:\/\/www.lfprinterparts.com\/mon-compte\/"},"modified":"2026-03-03T12:26:04","modified_gmt":"2026-03-03T11:26:04","slug":"my-account","status":"publish","type":"page","link":"https:\/\/www.lfprinterparts.com\/fr\/my-account\/","title":{"rendered":"Mon compte"},"content":{"rendered":"<div class=\"woocommerce\"><\/div>\n\n\n\n<p><\/p>\n","protected":false},"excerpt":{"rendered":"","protected":false},"author":1926,"featured_media":0,"parent":0,"menu_order":0,"comment_status":"closed","ping_status":"closed","template":"","meta":{"footnotes":""},"class_list":["post-9744","page","type-page","status-publish","hentry"],"yoast_head":"<!-- This site is optimized with the Yoast SEO Premium plugin v27.4 (Yoast SEO v27.4) - https:\/\/yoast.com\/product\/yoast-seo-premium-wordpress\/ -->\n<title>Mon compte | Large Format Printer Parts<\/title>\n<meta name=\"description\" content=\"Connectez-vous \u00e0 votre Espace client \u00e0 l&#039;aide de votre login et mot de passe et g\u00e9rez vos donn\u00e9es et commandes en toute s\u00e9curit\u00e9 ?.\" \/>\n<meta name=\"robots\" content=\"index, follow, max-snippet:-1, max-image-preview:large, max-video-preview:-1\" \/>\n<link rel=\"canonical\" href=\"https:\/\/www.lfprinterparts.com\/fr\/my-account\/\" \/>\n<meta property=\"og:locale\" content=\"fr_FR\" \/>\n<meta property=\"og:type\" content=\"article\" \/>\n<meta property=\"og:title\" content=\"Mon compte\" \/>\n<meta property=\"og:url\" content=\"https:\/\/www.lfprinterparts.com\/fr\/my-account\/\" \/>\n<meta property=\"og:site_name\" content=\"Large Format Printer Parts\" \/>\n<meta property=\"article:publisher\" content=\"https:\/\/www.facebook.com\/largeformatprinterparts\/\" \/>\n<meta property=\"article:modified_time\" content=\"2026-03-03T11:26:04+00:00\" \/>\n<meta name=\"twitter:card\" content=\"summary_large_image\" \/>\n<meta name=\"twitter:site\" content=\"@LFPrinterParts\" \/>\n<meta name=\"twitter:label1\" content=\"Dur\u00e9e de lecture estim\u00e9e\" \/>\n\t<meta name=\"twitter:data1\" content=\"1 minute\" \/>\n<script type=\"application\/ld+json\" class=\"yoast-schema-graph\">{\"@context\":\"https:\\\/\\\/schema.org\",\"@graph\":[{\"@type\":\"WebPage\",\"@id\":\"https:\\\/\\\/www.lfprinterparts.com\\\/fr\\\/my-account\\\/\",\"url\":\"https:\\\/\\\/www.lfprinterparts.com\\\/fr\\\/my-account\\\/\",\"name\":\"Mon compte | Large Format Printer Parts\",\"isPartOf\":{\"@id\":\"https:\\\/\\\/www.lfprinterparts.com\\\/fr\\\/#website\"},\"datePublished\":\"2020-03-03T21:01:55+00:00\",\"dateModified\":\"2026-03-03T11:26:04+00:00\",\"description\":\"Connectez-vous \u00e0 votre Espace client \u00e0 l'aide de votre login et mot de passe et g\u00e9rez vos donn\u00e9es et commandes en toute s\u00e9curit\u00e9 ?.\",\"breadcrumb\":{\"@id\":\"https:\\\/\\\/www.lfprinterparts.com\\\/fr\\\/my-account\\\/#breadcrumb\"},\"inLanguage\":\"fr-FR\",\"potentialAction\":[{\"@type\":\"ReadAction\",\"target\":[\"https:\\\/\\\/www.lfprinterparts.com\\\/fr\\\/my-account\\\/\"]}]},{\"@type\":\"BreadcrumbList\",\"@id\":\"https:\\\/\\\/www.lfprinterparts.com\\\/fr\\\/my-account\\\/#breadcrumb\",\"itemListElement\":[{\"@type\":\"ListItem\",\"position\":1,\"name\":\"Home\",\"item\":\"https:\\\/\\\/www.lfprinterparts.com\\\/fr\\\/\"},{\"@type\":\"ListItem\",\"position\":2,\"name\":\"Mon compte\"}]},{\"@type\":\"WebSite\",\"@id\":\"https:\\\/\\\/www.lfprinterparts.com\\\/fr\\\/#website\",\"url\":\"https:\\\/\\\/www.lfprinterparts.com\\\/fr\\\/\",\"name\":\"Large Format Printer Parts\",\"description\":\"All for Your Wide Format Printer\",\"publisher\":{\"@id\":\"https:\\\/\\\/www.lfprinterparts.com\\\/fr\\\/#organization\"},\"alternateName\":\"LFPP\",\"potentialAction\":[{\"@type\":\"SearchAction\",\"target\":{\"@type\":\"EntryPoint\",\"urlTemplate\":\"https:\\\/\\\/www.lfprinterparts.com\\\/fr\\\/?s={search_term_string}\"},\"query-input\":{\"@type\":\"PropertyValueSpecification\",\"valueRequired\":true,\"valueName\":\"search_term_string\"}}],\"inLanguage\":\"fr-FR\"},{\"@type\":\"Organization\",\"@id\":\"https:\\\/\\\/www.lfprinterparts.com\\\/fr\\\/#organization\",\"name\":\"Large Format Printer Parts\",\"alternateName\":\"LFPP\",\"url\":\"https:\\\/\\\/www.lfprinterparts.com\\\/fr\\\/\",\"logo\":{\"@type\":\"ImageObject\",\"inLanguage\":\"fr-FR\",\"@id\":\"https:\\\/\\\/www.lfprinterparts.com\\\/fr\\\/#\\\/schema\\\/logo\\\/image\\\/\",\"url\":\"https:\\\/\\\/www.lfprinterparts.com\\\/wp-content\\\/uploads\\\/2020\\\/03\\\/lfpp-square-logo-email.png\",\"contentUrl\":\"https:\\\/\\\/www.lfprinterparts.com\\\/wp-content\\\/uploads\\\/2020\\\/03\\\/lfpp-square-logo-email.png\",\"width\":200,\"height\":200,\"caption\":\"Large Format Printer Parts\"},\"image\":{\"@id\":\"https:\\\/\\\/www.lfprinterparts.com\\\/fr\\\/#\\\/schema\\\/logo\\\/image\\\/\"},\"sameAs\":[\"https:\\\/\\\/www.facebook.com\\\/largeformatprinterparts\\\/\",\"https:\\\/\\\/x.com\\\/LFPrinterParts\",\"https:\\\/\\\/www.linkedin.com\\\/company\\\/lf-printer-parts\\\/\",\"https:\\\/\\\/www.instagram.com\\\/lfprinterparts\\\/\",\"https:\\\/\\\/fr.pinterest.com\\\/lfprinterparts\\\/\"],\"description\":\"LARGE FORMAT PRINTER PARTS SRL is your trusted one-stop shop for all your digital printing needs. Headquartered in Namur, Belgium, we sell spare parts, supplies and accessories for eco-solvent, solvent, latex and UV digital wide-format printers. As a company with a long-standing commitment to excellence, we pride ourselves on being a reliable source of original spares for the large format printing industry, offering an extensive selection of products from top brands such as Roland, Mimaki, Mutoh, Summa, OKI, Afga, Durst, EFI, and many more.\",\"email\":\"info@lfprinterparts.com\",\"telephone\":\"+3281728850\",\"legalName\":\"LARGE FORMAT PRINTER PARTS\",\"foundingDate\":\"2020-07-01\",\"vatID\":\"BE0749.512.268\",\"taxID\":\"0749512268\",\"publishingPrinciples\":\"https:\\\/\\\/www.lfprinterparts.com\\\/about-us\\\/\",\"ownershipFundingInfo\":\"https:\\\/\\\/www.lfprinterparts.com\\\/about-us\\\/\"}]}<\/script>\n<!-- \/ Yoast SEO Premium plugin. -->","yoast_head_json":{"title":"Mon compte | Large Format Printer Parts","description":"Connectez-vous \u00e0 votre Espace client \u00e0 l'aide de votre login et mot de passe et g\u00e9rez vos donn\u00e9es et commandes en toute s\u00e9curit\u00e9 ?.","robots":{"index":"index","follow":"follow","max-snippet":"max-snippet:-1","max-image-preview":"max-image-preview:large","max-video-preview":"max-video-preview:-1"},"canonical":"https:\/\/www.lfprinterparts.com\/fr\/my-account\/","og_locale":"fr_FR","og_type":"article","og_title":"Mon compte","og_url":"https:\/\/www.lfprinterparts.com\/fr\/my-account\/","og_site_name":"Large Format Printer Parts","article_publisher":"https:\/\/www.facebook.com\/largeformatprinterparts\/","article_modified_time":"2026-03-03T11:26:04+00:00","twitter_card":"summary_large_image","twitter_site":"@LFPrinterParts","twitter_misc":{"Dur\u00e9e de lecture estim\u00e9e":"1 minute"},"schema":{"@context":"https:\/\/schema.org","@graph":[{"@type":"WebPage","@id":"https:\/\/www.lfprinterparts.com\/fr\/my-account\/","url":"https:\/\/www.lfprinterparts.com\/fr\/my-account\/","name":"Mon compte | Large Format Printer Parts","isPartOf":{"@id":"https:\/\/www.lfprinterparts.com\/fr\/#website"},"datePublished":"2020-03-03T21:01:55+00:00","dateModified":"2026-03-03T11:26:04+00:00","description":"Connectez-vous \u00e0 votre Espace client \u00e0 l'aide de votre login et mot de passe et g\u00e9rez vos donn\u00e9es et commandes en toute s\u00e9curit\u00e9 ?.","breadcrumb":{"@id":"https:\/\/www.lfprinterparts.com\/fr\/my-account\/#breadcrumb"},"inLanguage":"fr-FR","potentialAction":[{"@type":"ReadAction","target":["https:\/\/www.lfprinterparts.com\/fr\/my-account\/"]}]},{"@type":"BreadcrumbList","@id":"https:\/\/www.lfprinterparts.com\/fr\/my-account\/#breadcrumb","itemListElement":[{"@type":"ListItem","position":1,"name":"Home","item":"https:\/\/www.lfprinterparts.com\/fr\/"},{"@type":"ListItem","position":2,"name":"Mon compte"}]},{"@type":"WebSite","@id":"https:\/\/www.lfprinterparts.com\/fr\/#website","url":"https:\/\/www.lfprinterparts.com\/fr\/","name":"Large Format Printer Parts","description":"All for Your Wide Format Printer","publisher":{"@id":"https:\/\/www.lfprinterparts.com\/fr\/#organization"},"alternateName":"LFPP","potentialAction":[{"@type":"SearchAction","target":{"@type":"EntryPoint","urlTemplate":"https:\/\/www.lfprinterparts.com\/fr\/?s={search_term_string}"},"query-input":{"@type":"PropertyValueSpecification","valueRequired":true,"valueName":"search_term_string"}}],"inLanguage":"fr-FR"},{"@type":"Organization","@id":"https:\/\/www.lfprinterparts.com\/fr\/#organization","name":"Large Format Printer Parts","alternateName":"LFPP","url":"https:\/\/www.lfprinterparts.com\/fr\/","logo":{"@type":"ImageObject","inLanguage":"fr-FR","@id":"https:\/\/www.lfprinterparts.com\/fr\/#\/schema\/logo\/image\/","url":"https:\/\/www.lfprinterparts.com\/wp-content\/uploads\/2020\/03\/lfpp-square-logo-email.png","contentUrl":"https:\/\/www.lfprinterparts.com\/wp-content\/uploads\/2020\/03\/lfpp-square-logo-email.png","width":200,"height":200,"caption":"Large Format Printer Parts"},"image":{"@id":"https:\/\/www.lfprinterparts.com\/fr\/#\/schema\/logo\/image\/"},"sameAs":["https:\/\/www.facebook.com\/largeformatprinterparts\/","https:\/\/x.com\/LFPrinterParts","https:\/\/www.linkedin.com\/company\/lf-printer-parts\/","https:\/\/www.instagram.com\/lfprinterparts\/","https:\/\/fr.pinterest.com\/lfprinterparts\/"],"description":"LARGE FORMAT PRINTER PARTS SRL is your trusted one-stop shop for all your digital printing needs. Headquartered in Namur, Belgium, we sell spare parts, supplies and accessories for eco-solvent, solvent, latex and UV digital wide-format printers. As a company with a long-standing commitment to excellence, we pride ourselves on being a reliable source of original spares for the large format printing industry, offering an extensive selection of products from top brands such as Roland, Mimaki, Mutoh, Summa, OKI, Afga, Durst, EFI, and many more.","email":"info@lfprinterparts.com","telephone":"+3281728850","legalName":"LARGE FORMAT PRINTER PARTS","foundingDate":"2020-07-01","vatID":"BE0749.512.268","taxID":"0749512268","publishingPrinciples":"https:\/\/www.lfprinterparts.com\/about-us\/","ownershipFundingInfo":"https:\/\/www.lfprinterparts.com\/about-us\/"}]}},"_links":{"self":[{"href":"https:\/\/www.lfprinterparts.com\/fr\/wp-json\/wp\/v2\/pages\/9744","targetHints":{"allow":["GET"]}}],"collection":[{"href":"https:\/\/www.lfprinterparts.com\/fr\/wp-json\/wp\/v2\/pages"}],"about":[{"href":"https:\/\/www.lfprinterparts.com\/fr\/wp-json\/wp\/v2\/types\/page"}],"author":[{"embeddable":true,"href":"https:\/\/www.lfprinterparts.com\/fr\/wp-json\/wp\/v2\/users\/1926"}],"replies":[{"embeddable":true,"href":"https:\/\/www.lfprinterparts.com\/fr\/wp-json\/wp\/v2\/comments?post=9744"}],"version-history":[{"count":0,"href":"https:\/\/www.lfprinterparts.com\/fr\/wp-json\/wp\/v2\/pages\/9744\/revisions"}],"wp:attachment":[{"href":"https:\/\/www.lfprinterparts.com\/fr\/wp-json\/wp\/v2\/media?parent=9744"}],"curies":[{"name":"wp","href":"https:\/\/api.w.org\/{rel}","templated":true}]}}